{"id":153,"date":"2025-10-28T08:20:33","date_gmt":"2025-10-28T08:20:33","guid":{"rendered":"https:\/\/senvillagehoian.ms2.decms.asia\/accommodation\/"},"modified":"2026-03-23T02:36:34","modified_gmt":"2026-03-23T02:36:34","slug":"accommodation","status":"publish","type":"page","link":"https:\/\/www.senvillagehoian.com\/vi\/accommodation\/","title":{"rendered":"Ph\u00f2ng Ngh\u1ec9"},"content":{"rendered":"<p>Ph\u00f2ng v\u00e0 bi\u1ec7t th\u1ef1 t\u1ea1i Sen Village kh\u00f4ng ch\u1ec9 l\u00e0 n\u01a1i d\u1eebng ch\u00e2n m\u00e0 c\u00f2n l\u00e0 ch\u1ed1n ngh\u1ec9 d\u01b0\u1ee1ng ri\u00eang t\u01b0 c\u1ee7a b\u1ea1n t\u1ea1i H\u1ed9i An. \u0110\u01b0\u1ee3c bao quanh b\u1edfi khu v\u01b0\u1eddn xanh m\u00e1t v\u00e0 khung c\u1ea3nh y\u00ean b\u00ecnh, m\u1ed7i kh\u00f4ng gian mang \u0111\u1ebfn s\u1ef1 k\u1ebft h\u1ee3p h\u00e0i h\u00f2a gi\u1eefa ti\u1ec7n nghi hi\u1ec7n \u0111\u1ea1i v\u00e0 n\u00e9t duy\u00ean d\u00e1ng \u0111\u1ecba ph\u01b0\u01a1ng. V\u1edbi Wi-Fi t\u1ed1c \u0111\u1ed9 cao, g\u00f3c l\u00e0m vi\u1ec7c tho\u1ea3i m\u00e1i, c\u00f9ng ban c\u00f4ng ho\u1eb7c s\u00e2n hi\u00ean ri\u00eang \u1edf m\u1ed9t s\u1ed1 h\u1ea1ng ph\u00f2ng, t\u1eebng chi ti\u1ebft \u0111\u1ec1u \u0111\u01b0\u1ee3c ch\u0103m ch\u00fat \u0111\u1ec3 h\u00e0nh tr\u00ecnh c\u1ee7a b\u1ea1n nh\u1eb9 nh\u00e0ng v\u00e0 \u0111\u1ea7y c\u1ea3m h\u1ee9ng. D\u00f9 b\u1ea1n ch\u1ecdn ph\u00f2ng v\u1edbi s\u1ef1 \u1ea5m c\u00fang g\u1ea7n g\u0169i hay bi\u1ec7t th\u1ef1 v\u1edbi kh\u00f4ng gian ri\u00eang r\u1ed9ng r\u00e3i, Sen Village lu\u00f4n l\u00e0 n\u01a1i giao h\u00f2a gi\u1eefa thi\u00ean nhi\u00ean v\u00e0 v\u0103n h\u00f3a \u2013 n\u01a1i v\u1ebb \u0111\u1eb9p b\u1ea5t t\u1eadn c\u1ee7a H\u1ed9i An l\u00e0m phong ph\u00fa th\u00eam tr\u1ea3i nghi\u1ec7m c\u1ee7a b\u1ea1n.<\/p>\n","protected":false},"excerpt":{"rendered":"<p>Ph\u00f2ng v\u00e0 bi\u1ec7t th\u1ef1 t\u1ea1i Sen Village kh\u00f4ng ch\u1ec9 l\u00e0 n\u01a1i d\u1eebng ch\u00e2n m\u00e0 c\u00f2n l\u00e0 ch\u1ed1n ngh\u1ec9 d\u01b0\u1ee1ng ri\u00eang t\u01b0 c\u1ee7a b\u1ea1n t\u1ea1i H\u1ed9i An. \u0110\u01b0\u1ee3c bao quanh b\u1edfi khu v\u01b0\u1eddn xanh m\u00e1t v\u00e0 khung c\u1ea3nh y\u00ean b\u00ecnh, m\u1ed7i kh\u00f4ng gian mang \u0111\u1ebfn s\u1ef1 k\u1ebft h\u1ee3p h\u00e0i h\u00f2a gi\u1eefa ti\u1ec7n nghi hi\u1ec7n \u0111\u1ea1i v\u00e0 [&hellip;]<\/p>\n","protected":false},"author":8,"featured_media":0,"parent":0,"menu_order":0,"comment_status":"closed","ping_status":"closed","template":"template-rooms.php","meta":{"footnotes":""},"yoast_head":"<!-- This site is optimized with the Yoast SEO plugin v22.3 - https:\/\/yoast.com\/wordpress\/plugins\/seo\/ -->\n<title>H\u1ea1ng Ph\u00f2ng | SEN Village Hoi An<\/title>\n<meta name=\"description\" content=\"Kh\u00e1m ph\u00e1 c\u00e1c h\u1ea1ng ph\u00f2ng v\u00e0 villa t\u1ea1i SEN Village H\u1ed9i An, thi\u1ebft k\u1ebf h\u00e0i h\u00f2a v\u1edbi thi\u00ean nhi\u00ean, mang \u0111\u1ebfn kh\u00f4ng gian ngh\u1ec9 d\u01b0\u1ee1ng y\u00ean b\u00ecnh v\u00e0 tho\u1ea3i m\u00e1i cho m\u1ecdi k\u1ef3 ngh\u1ec9.\" \/>\n<meta name=\"robots\" content=\"index, follow, max-snippet:-1, max-image-preview:large, max-video-preview:-1\" \/>\n<link rel=\"canonical\" href=\"https:\/\/www.senvillagehoian.com\/vi\/accommodation\/\" \/>\n<meta property=\"og:locale\" content=\"vi_VN\" \/>\n<meta property=\"og:type\" content=\"article\" \/>\n<meta property=\"og:title\" content=\"H\u1ea1ng Ph\u00f2ng | SEN Village Hoi An\" \/>\n<meta property=\"og:description\" content=\"Kh\u00e1m ph\u00e1 c\u00e1c h\u1ea1ng ph\u00f2ng v\u00e0 villa t\u1ea1i SEN Village H\u1ed9i An, thi\u1ebft k\u1ebf h\u00e0i h\u00f2a v\u1edbi thi\u00ean nhi\u00ean, mang \u0111\u1ebfn kh\u00f4ng gian ngh\u1ec9 d\u01b0\u1ee1ng y\u00ean b\u00ecnh v\u00e0 tho\u1ea3i m\u00e1i cho m\u1ecdi k\u1ef3 ngh\u1ec9.\" \/>\n<meta property=\"og:url\" content=\"https:\/\/www.senvillagehoian.com\/vi\/accommodation\/\" \/>\n<meta property=\"og:site_name\" content=\"Sen Village Hoi An\" \/>\n<meta property=\"article:modified_time\" content=\"2026-03-23T02:36:34+00:00\" \/>\n<meta name=\"twitter:card\" content=\"summary_large_image\" \/>\n<meta name=\"twitter:label1\" content=\"Est. reading time\" \/>\n\t<meta name=\"twitter:data1\" content=\"1 minute\" \/>\n<script type=\"application\/ld+json\" class=\"yoast-schema-graph\">{\"@context\":\"https:\/\/schema.org\",\"@graph\":[{\"@type\":\"WebPage\",\"@id\":\"https:\/\/www.senvillagehoian.com\/vi\/accommodation\/\",\"url\":\"https:\/\/www.senvillagehoian.com\/vi\/accommodation\/\",\"name\":\"H\u1ea1ng Ph\u00f2ng | SEN Village Hoi An\",\"isPartOf\":{\"@id\":\"https:\/\/www.senvillagehoian.com\/vi\/#website\"},\"datePublished\":\"2025-10-28T08:20:33+00:00\",\"dateModified\":\"2026-03-23T02:36:34+00:00\",\"description\":\"Kh\u00e1m ph\u00e1 c\u00e1c h\u1ea1ng ph\u00f2ng v\u00e0 villa t\u1ea1i SEN Village H\u1ed9i An, thi\u1ebft k\u1ebf h\u00e0i h\u00f2a v\u1edbi thi\u00ean nhi\u00ean, mang \u0111\u1ebfn kh\u00f4ng gian ngh\u1ec9 d\u01b0\u1ee1ng y\u00ean b\u00ecnh v\u00e0 tho\u1ea3i m\u00e1i cho m\u1ecdi k\u1ef3 ngh\u1ec9.\",\"breadcrumb\":{\"@id\":\"https:\/\/www.senvillagehoian.com\/vi\/accommodation\/#breadcrumb\"},\"inLanguage\":\"vi-VN\",\"potentialAction\":[{\"@type\":\"ReadAction\",\"target\":[\"https:\/\/www.senvillagehoian.com\/vi\/accommodation\/\"]}]},{\"@type\":\"BreadcrumbList\",\"@id\":\"https:\/\/www.senvillagehoian.com\/vi\/accommodation\/#breadcrumb\",\"itemListElement\":[{\"@type\":\"ListItem\",\"position\":1,\"name\":\"Home\",\"item\":\"https:\/\/www.senvillagehoian.com\/vi\/\"},{\"@type\":\"ListItem\",\"position\":2,\"name\":\"Ph\u00f2ng Ngh\u1ec9\"}]},{\"@type\":\"WebSite\",\"@id\":\"https:\/\/www.senvillagehoian.com\/vi\/#website\",\"url\":\"https:\/\/www.senvillagehoian.com\/vi\/\",\"name\":\"Sen Village Hoi An\",\"description\":\"\",\"potentialAction\":[{\"@type\":\"SearchAction\",\"target\":{\"@type\":\"EntryPoint\",\"urlTemplate\":\"https:\/\/www.senvillagehoian.com\/vi\/?s={search_term_string}\"},\"query-input\":\"required name=search_term_string\"}],\"inLanguage\":\"vi-VN\"}]}<\/script>\n<!-- \/ Yoast SEO plugin. -->","yoast_head_json":{"title":"H\u1ea1ng Ph\u00f2ng | SEN Village Hoi An","description":"Kh\u00e1m ph\u00e1 c\u00e1c h\u1ea1ng ph\u00f2ng v\u00e0 villa t\u1ea1i SEN Village H\u1ed9i An, thi\u1ebft k\u1ebf h\u00e0i h\u00f2a v\u1edbi thi\u00ean nhi\u00ean, mang \u0111\u1ebfn kh\u00f4ng gian ngh\u1ec9 d\u01b0\u1ee1ng y\u00ean b\u00ecnh v\u00e0 tho\u1ea3i m\u00e1i cho m\u1ecdi k\u1ef3 ngh\u1ec9.","robots":{"index":"index","follow":"follow","max-snippet":"max-snippet:-1","max-image-preview":"max-image-preview:large","max-video-preview":"max-video-preview:-1"},"canonical":"https:\/\/www.senvillagehoian.com\/vi\/accommodation\/","og_locale":"vi_VN","og_type":"article","og_title":"H\u1ea1ng Ph\u00f2ng | SEN Village Hoi An","og_description":"Kh\u00e1m ph\u00e1 c\u00e1c h\u1ea1ng ph\u00f2ng v\u00e0 villa t\u1ea1i SEN Village H\u1ed9i An, thi\u1ebft k\u1ebf h\u00e0i h\u00f2a v\u1edbi thi\u00ean nhi\u00ean, mang \u0111\u1ebfn kh\u00f4ng gian ngh\u1ec9 d\u01b0\u1ee1ng y\u00ean b\u00ecnh v\u00e0 tho\u1ea3i m\u00e1i cho m\u1ecdi k\u1ef3 ngh\u1ec9.","og_url":"https:\/\/www.senvillagehoian.com\/vi\/accommodation\/","og_site_name":"Sen Village Hoi An","article_modified_time":"2026-03-23T02:36:34+00:00","twitter_card":"summary_large_image","twitter_misc":{"Est. reading time":"1 minute"},"schema":{"@context":"https:\/\/schema.org","@graph":[{"@type":"WebPage","@id":"https:\/\/www.senvillagehoian.com\/vi\/accommodation\/","url":"https:\/\/www.senvillagehoian.com\/vi\/accommodation\/","name":"H\u1ea1ng Ph\u00f2ng | SEN Village Hoi An","isPartOf":{"@id":"https:\/\/www.senvillagehoian.com\/vi\/#website"},"datePublished":"2025-10-28T08:20:33+00:00","dateModified":"2026-03-23T02:36:34+00:00","description":"Kh\u00e1m ph\u00e1 c\u00e1c h\u1ea1ng ph\u00f2ng v\u00e0 villa t\u1ea1i SEN Village H\u1ed9i An, thi\u1ebft k\u1ebf h\u00e0i h\u00f2a v\u1edbi thi\u00ean nhi\u00ean, mang \u0111\u1ebfn kh\u00f4ng gian ngh\u1ec9 d\u01b0\u1ee1ng y\u00ean b\u00ecnh v\u00e0 tho\u1ea3i m\u00e1i cho m\u1ecdi k\u1ef3 ngh\u1ec9.","breadcrumb":{"@id":"https:\/\/www.senvillagehoian.com\/vi\/accommodation\/#breadcrumb"},"inLanguage":"vi-VN","potentialAction":[{"@type":"ReadAction","target":["https:\/\/www.senvillagehoian.com\/vi\/accommodation\/"]}]},{"@type":"BreadcrumbList","@id":"https:\/\/www.senvillagehoian.com\/vi\/accommodation\/#breadcrumb","itemListElement":[{"@type":"ListItem","position":1,"name":"Home","item":"https:\/\/www.senvillagehoian.com\/vi\/"},{"@type":"ListItem","position":2,"name":"Ph\u00f2ng Ngh\u1ec9"}]},{"@type":"WebSite","@id":"https:\/\/www.senvillagehoian.com\/vi\/#website","url":"https:\/\/www.senvillagehoian.com\/vi\/","name":"Sen Village Hoi An","description":"","potentialAction":[{"@type":"SearchAction","target":{"@type":"EntryPoint","urlTemplate":"https:\/\/www.senvillagehoian.com\/vi\/?s={search_term_string}"},"query-input":"required name=search_term_string"}],"inLanguage":"vi-VN"}]}},"acf":[],"_links":{"self":[{"href":"https:\/\/www.senvillagehoian.com\/vi\/wp-json\/wp\/v2\/pages\/153"}],"collection":[{"href":"https:\/\/www.senvillagehoian.com\/vi\/wp-json\/wp\/v2\/pages"}],"about":[{"href":"https:\/\/www.senvillagehoian.com\/vi\/wp-json\/wp\/v2\/types\/page"}],"author":[{"embeddable":true,"href":"https:\/\/www.senvillagehoian.com\/vi\/wp-json\/wp\/v2\/users\/8"}],"replies":[{"embeddable":true,"href":"https:\/\/www.senvillagehoian.com\/vi\/wp-json\/wp\/v2\/comments?post=153"}],"version-history":[{"count":0,"href":"https:\/\/www.senvillagehoian.com\/vi\/wp-json\/wp\/v2\/pages\/153\/revisions"}],"wp:attachment":[{"href":"https:\/\/www.senvillagehoian.com\/vi\/wp-json\/wp\/v2\/media?parent=153"}],"curies":[{"name":"wp","href":"https:\/\/api.w.org\/{rel}","templated":true}]}}