{"id":155,"date":"2025-10-28T09:00:56","date_gmt":"2025-10-28T09:00:56","guid":{"rendered":"https:\/\/senvillagehoian.ms2.decms.asia\/accommodation\/deluxe-city-view-balcony\/"},"modified":"2026-03-26T01:43:00","modified_gmt":"2026-03-26T01:43:00","slug":"deluxe-city-view-balcony","status":"publish","type":"page","link":"https:\/\/www.senvillagehoian.com\/vi\/accommodation\/deluxe-city-view-balcony\/","title":{"rendered":"Deluxe City View Balcony"},"content":{"rendered":"<p>L\u01b0u tr\u00fa trong kh\u00f4ng gian t\u01b0\u01a1i s\u00e1ng s\u1eafc v\u00e0ng v\u00e0 tr\u00e0n \u0111\u1ea7y th\u01b0 gi\u00e3n nh\u00ecn ra con ph\u1ed1 nh\u1ecf xinh. Kh\u00f4ng gian b\u00e0i tr\u00ed mang \u00e2m h\u01b0\u1edfng Vi\u1ec7t Nam v\u00e0 tinh t\u1ebf t\u1eeb nh\u1eefng b\u1ee9c tranh t\u01b0\u1eddng.<\/p>\n","protected":false},"excerpt":{"rendered":"<p>L\u01b0u tr\u00fa trong kh\u00f4ng gian t\u01b0\u01a1i s\u00e1ng s\u1eafc v\u00e0ng v\u00e0 tr\u00e0n \u0111\u1ea7y th\u01b0 gi\u00e3n nh\u00ecn ra con ph\u1ed1 nh\u1ecf xinh. Kh\u00f4ng gian b\u00e0i tr\u00ed mang \u00e2m h\u01b0\u1edfng Vi\u1ec7t Nam v\u00e0 tinh t\u1ebf t\u1eeb nh\u1eefng b\u1ee9c tranh t\u01b0\u1eddng.<\/p>\n","protected":false},"author":8,"featured_media":111,"parent":153,"menu_order":2,"comment_status":"closed","ping_status":"closed","template":"template-single-room.php","meta":{"footnotes":""},"yoast_head":"<!-- This site is optimized with the Yoast SEO plugin v22.3 - https:\/\/yoast.com\/wordpress\/plugins\/seo\/ -->\n<title>Deluxe City View Balcony - Sen Village Hoi An<\/title>\n<meta name=\"robots\" content=\"index, follow, max-snippet:-1, max-image-preview:large, max-video-preview:-1\" \/>\n<link rel=\"canonical\" href=\"https:\/\/www.senvillagehoian.com\/vi\/accommodation\/deluxe-city-view-balcony\/\" \/>\n<meta property=\"og:locale\" content=\"vi_VN\" \/>\n<meta property=\"og:type\" content=\"article\" \/>\n<meta property=\"og:title\" content=\"Deluxe City View Balcony - Sen Village Hoi An\" \/>\n<meta property=\"og:description\" content=\"L\u01b0u tr\u00fa trong kh\u00f4ng gian t\u01b0\u01a1i s\u00e1ng s\u1eafc v\u00e0ng v\u00e0 tr\u00e0n \u0111\u1ea7y th\u01b0 gi\u00e3n nh\u00ecn ra con ph\u1ed1 nh\u1ecf xinh. Kh\u00f4ng gian b\u00e0i tr\u00ed mang \u00e2m h\u01b0\u1edfng Vi\u1ec7t Nam v\u00e0 tinh t\u1ebf t\u1eeb nh\u1eefng b\u1ee9c tranh t\u01b0\u1eddng.\" \/>\n<meta property=\"og:url\" content=\"https:\/\/www.senvillagehoian.com\/vi\/accommodation\/deluxe-city-view-balcony\/\" \/>\n<meta property=\"og:site_name\" content=\"Sen Village Hoi An\" \/>\n<meta property=\"article:modified_time\" content=\"2026-03-26T01:43:00+00:00\" \/>\n<meta property=\"og:image\" content=\"https:\/\/www.senvillagehoian.com\/wp-content\/uploads\/sites\/127\/2025\/10\/4-4.jpg\" \/>\n\t<meta property=\"og:image:width\" content=\"2200\" \/>\n\t<meta property=\"og:image:height\" content=\"1504\" \/>\n\t<meta property=\"og:image:type\" content=\"image\/jpeg\" \/>\n<meta name=\"twitter:card\" content=\"summary_large_image\" \/>\n<meta name=\"twitter:label1\" content=\"Est. reading time\" \/>\n\t<meta name=\"twitter:data1\" content=\"1 minute\" \/>\n<script type=\"application\/ld+json\" class=\"yoast-schema-graph\">{\"@context\":\"https:\/\/schema.org\",\"@graph\":[{\"@type\":\"WebPage\",\"@id\":\"https:\/\/www.senvillagehoian.com\/vi\/accommodation\/deluxe-city-view-balcony\/\",\"url\":\"https:\/\/www.senvillagehoian.com\/vi\/accommodation\/deluxe-city-view-balcony\/\",\"name\":\"Deluxe City View Balcony - Sen Village Hoi An\",\"isPartOf\":{\"@id\":\"https:\/\/www.senvillagehoian.com\/vi\/#website\"},\"primaryImageOfPage\":{\"@id\":\"https:\/\/www.senvillagehoian.com\/vi\/accommodation\/deluxe-city-view-balcony\/#primaryimage\"},\"image\":{\"@id\":\"https:\/\/www.senvillagehoian.com\/vi\/accommodation\/deluxe-city-view-balcony\/#primaryimage\"},\"thumbnailUrl\":\"https:\/\/www.senvillagehoian.com\/wp-content\/uploads\/sites\/127\/2025\/10\/4-4.jpg\",\"datePublished\":\"2025-10-28T09:00:56+00:00\",\"dateModified\":\"2026-03-26T01:43:00+00:00\",\"breadcrumb\":{\"@id\":\"https:\/\/www.senvillagehoian.com\/vi\/accommodation\/deluxe-city-view-balcony\/#breadcrumb\"},\"inLanguage\":\"vi-VN\",\"potentialAction\":[{\"@type\":\"ReadAction\",\"target\":[\"https:\/\/www.senvillagehoian.com\/vi\/accommodation\/deluxe-city-view-balcony\/\"]}]},{\"@type\":\"ImageObject\",\"inLanguage\":\"vi-VN\",\"@id\":\"https:\/\/www.senvillagehoian.com\/vi\/accommodation\/deluxe-city-view-balcony\/#primaryimage\",\"url\":\"https:\/\/www.senvillagehoian.com\/wp-content\/uploads\/sites\/127\/2025\/10\/4-4.jpg\",\"contentUrl\":\"https:\/\/www.senvillagehoian.com\/wp-content\/uploads\/sites\/127\/2025\/10\/4-4.jpg\",\"width\":2200,\"height\":1504},{\"@type\":\"BreadcrumbList\",\"@id\":\"https:\/\/www.senvillagehoian.com\/vi\/accommodation\/deluxe-city-view-balcony\/#breadcrumb\",\"itemListElement\":[{\"@type\":\"ListItem\",\"position\":1,\"name\":\"Home\",\"item\":\"https:\/\/www.senvillagehoian.com\/vi\/\"},{\"@type\":\"ListItem\",\"position\":2,\"name\":\"Ph\u00f2ng Ngh\u1ec9\",\"item\":\"https:\/\/www.senvillagehoian.com\/vi\/accommodation\/\"},{\"@type\":\"ListItem\",\"position\":3,\"name\":\"Deluxe City View Balcony\"}]},{\"@type\":\"WebSite\",\"@id\":\"https:\/\/www.senvillagehoian.com\/vi\/#website\",\"url\":\"https:\/\/www.senvillagehoian.com\/vi\/\",\"name\":\"Sen Village Hoi An\",\"description\":\"\",\"potentialAction\":[{\"@type\":\"SearchAction\",\"target\":{\"@type\":\"EntryPoint\",\"urlTemplate\":\"https:\/\/www.senvillagehoian.com\/vi\/?s={search_term_string}\"},\"query-input\":\"required name=search_term_string\"}],\"inLanguage\":\"vi-VN\"}]}<\/script>\n<!-- \/ Yoast SEO plugin. -->","yoast_head_json":{"title":"Deluxe City View Balcony - Sen Village Hoi An","robots":{"index":"index","follow":"follow","max-snippet":"max-snippet:-1","max-image-preview":"max-image-preview:large","max-video-preview":"max-video-preview:-1"},"canonical":"https:\/\/www.senvillagehoian.com\/vi\/accommodation\/deluxe-city-view-balcony\/","og_locale":"vi_VN","og_type":"article","og_title":"Deluxe City View Balcony - Sen Village Hoi An","og_description":"L\u01b0u tr\u00fa trong kh\u00f4ng gian t\u01b0\u01a1i s\u00e1ng s\u1eafc v\u00e0ng v\u00e0 tr\u00e0n \u0111\u1ea7y th\u01b0 gi\u00e3n nh\u00ecn ra con ph\u1ed1 nh\u1ecf xinh. Kh\u00f4ng gian b\u00e0i tr\u00ed mang \u00e2m h\u01b0\u1edfng Vi\u1ec7t Nam v\u00e0 tinh t\u1ebf t\u1eeb nh\u1eefng b\u1ee9c tranh t\u01b0\u1eddng.","og_url":"https:\/\/www.senvillagehoian.com\/vi\/accommodation\/deluxe-city-view-balcony\/","og_site_name":"Sen Village Hoi An","article_modified_time":"2026-03-26T01:43:00+00:00","og_image":[{"width":2200,"height":1504,"url":"https:\/\/www.senvillagehoian.com\/wp-content\/uploads\/sites\/127\/2025\/10\/4-4.jpg","type":"image\/jpeg"}],"twitter_card":"summary_large_image","twitter_misc":{"Est. reading time":"1 minute"},"schema":{"@context":"https:\/\/schema.org","@graph":[{"@type":"WebPage","@id":"https:\/\/www.senvillagehoian.com\/vi\/accommodation\/deluxe-city-view-balcony\/","url":"https:\/\/www.senvillagehoian.com\/vi\/accommodation\/deluxe-city-view-balcony\/","name":"Deluxe City View Balcony - Sen Village Hoi An","isPartOf":{"@id":"https:\/\/www.senvillagehoian.com\/vi\/#website"},"primaryImageOfPage":{"@id":"https:\/\/www.senvillagehoian.com\/vi\/accommodation\/deluxe-city-view-balcony\/#primaryimage"},"image":{"@id":"https:\/\/www.senvillagehoian.com\/vi\/accommodation\/deluxe-city-view-balcony\/#primaryimage"},"thumbnailUrl":"https:\/\/www.senvillagehoian.com\/wp-content\/uploads\/sites\/127\/2025\/10\/4-4.jpg","datePublished":"2025-10-28T09:00:56+00:00","dateModified":"2026-03-26T01:43:00+00:00","breadcrumb":{"@id":"https:\/\/www.senvillagehoian.com\/vi\/accommodation\/deluxe-city-view-balcony\/#breadcrumb"},"inLanguage":"vi-VN","potentialAction":[{"@type":"ReadAction","target":["https:\/\/www.senvillagehoian.com\/vi\/accommodation\/deluxe-city-view-balcony\/"]}]},{"@type":"ImageObject","inLanguage":"vi-VN","@id":"https:\/\/www.senvillagehoian.com\/vi\/accommodation\/deluxe-city-view-balcony\/#primaryimage","url":"https:\/\/www.senvillagehoian.com\/wp-content\/uploads\/sites\/127\/2025\/10\/4-4.jpg","contentUrl":"https:\/\/www.senvillagehoian.com\/wp-content\/uploads\/sites\/127\/2025\/10\/4-4.jpg","width":2200,"height":1504},{"@type":"BreadcrumbList","@id":"https:\/\/www.senvillagehoian.com\/vi\/accommodation\/deluxe-city-view-balcony\/#breadcrumb","itemListElement":[{"@type":"ListItem","position":1,"name":"Home","item":"https:\/\/www.senvillagehoian.com\/vi\/"},{"@type":"ListItem","position":2,"name":"Ph\u00f2ng Ngh\u1ec9","item":"https:\/\/www.senvillagehoian.com\/vi\/accommodation\/"},{"@type":"ListItem","position":3,"name":"Deluxe City View Balcony"}]},{"@type":"WebSite","@id":"https:\/\/www.senvillagehoian.com\/vi\/#website","url":"https:\/\/www.senvillagehoian.com\/vi\/","name":"Sen Village Hoi An","description":"","potentialAction":[{"@type":"SearchAction","target":{"@type":"EntryPoint","urlTemplate":"https:\/\/www.senvillagehoian.com\/vi\/?s={search_term_string}"},"query-input":"required name=search_term_string"}],"inLanguage":"vi-VN"}]}},"acf":[],"_links":{"self":[{"href":"https:\/\/www.senvillagehoian.com\/vi\/wp-json\/wp\/v2\/pages\/155"}],"collection":[{"href":"https:\/\/www.senvillagehoian.com\/vi\/wp-json\/wp\/v2\/pages"}],"about":[{"href":"https:\/\/www.senvillagehoian.com\/vi\/wp-json\/wp\/v2\/types\/page"}],"author":[{"embeddable":true,"href":"https:\/\/www.senvillagehoian.com\/vi\/wp-json\/wp\/v2\/users\/8"}],"replies":[{"embeddable":true,"href":"https:\/\/www.senvillagehoian.com\/vi\/wp-json\/wp\/v2\/comments?post=155"}],"version-history":[{"count":0,"href":"https:\/\/www.senvillagehoian.com\/vi\/wp-json\/wp\/v2\/pages\/155\/revisions"}],"up":[{"embeddable":true,"href":"https:\/\/www.senvillagehoian.com\/vi\/wp-json\/wp\/v2\/pages\/153"}],"wp:featuredmedia":[{"embeddable":true,"href":"https:\/\/www.senvillagehoian.com\/vi\/wp-json\/wp\/v2\/media\/111"}],"wp:attachment":[{"href":"https:\/\/www.senvillagehoian.com\/vi\/wp-json\/wp\/v2\/media?parent=155"}],"curies":[{"name":"wp","href":"https:\/\/api.w.org\/{rel}","templated":true}]}}