{"id":158,"date":"2025-10-28T09:11:45","date_gmt":"2025-10-28T09:11:45","guid":{"rendered":"https:\/\/senvillagehoian.ms2.decms.asia\/accommodation\/sen-bliss-villa\/"},"modified":"2026-03-26T01:44:05","modified_gmt":"2026-03-26T01:44:05","slug":"sen-bliss-villa","status":"publish","type":"page","link":"https:\/\/www.senvillagehoian.com\/vi\/accommodation\/sen-bliss-villa\/","title":{"rendered":"Sen Bliss Villa"},"content":{"rendered":"<p>\u0110\u1eafm m\u00ecnh trong s\u1ef1 th\u01b0 gi\u00e3n v\u00e0 thanh b\u00ecnh v\u1edbi t\u1ea7m nh\u00ecn ra khu v\u01b0\u1eddn xanh m\u00e1t. C\u00e1c ph\u00f2ng Sen Bliss Villa \u0111\u01b0\u1ee3c thi\u1ebft k\u1ebf t\u1eeb nh\u1eefng \u0111\u01b0\u1eddng cong tinh t\u1ebf, ch\u1ea5t li\u1ec7u t\u1ef1 nhi\u00ean v\u00e0 t\u00f4ng m\u00e0u nh\u00e3 nh\u1eb7n, mang \u0111\u1ebfn kh\u00f4ng gian h\u00e0i h\u00f2a tuy\u1ec7t \u0111\u1ed1i v\u1edbi thi\u00ean nhi\u00ean.<\/p>\n","protected":false},"excerpt":{"rendered":"<p>\u0110\u1eafm m\u00ecnh trong s\u1ef1 th\u01b0 gi\u00e3n v\u00e0 thanh b\u00ecnh v\u1edbi t\u1ea7m nh\u00ecn ra khu v\u01b0\u1eddn xanh m\u00e1t. C\u00e1c ph\u00f2ng Sen Bliss Villa \u0111\u01b0\u1ee3c thi\u1ebft k\u1ebf t\u1eeb nh\u1eefng \u0111\u01b0\u1eddng cong tinh t\u1ebf, ch\u1ea5t li\u1ec7u t\u1ef1 nhi\u00ean v\u00e0 t\u00f4ng m\u00e0u nh\u00e3 nh\u1eb7n, mang \u0111\u1ebfn kh\u00f4ng gian h\u00e0i h\u00f2a tuy\u1ec7t \u0111\u1ed1i v\u1edbi thi\u00ean nhi\u00ean.<\/p>\n","protected":false},"author":8,"featured_media":385,"parent":153,"menu_order":5,"comment_status":"closed","ping_status":"closed","template":"template-single-room.php","meta":{"footnotes":""},"yoast_head":"<!-- This site is optimized with the Yoast SEO plugin v22.3 - https:\/\/yoast.com\/wordpress\/plugins\/seo\/ -->\n<title>Sen Bliss Villa - Sen Village Hoi An<\/title>\n<meta name=\"robots\" content=\"index, follow, max-snippet:-1, max-image-preview:large, max-video-preview:-1\" \/>\n<link rel=\"canonical\" href=\"https:\/\/www.senvillagehoian.com\/vi\/accommodation\/sen-bliss-villa\/\" \/>\n<meta property=\"og:locale\" content=\"vi_VN\" \/>\n<meta property=\"og:type\" content=\"article\" \/>\n<meta property=\"og:title\" content=\"Sen Bliss Villa - Sen Village Hoi An\" \/>\n<meta property=\"og:description\" content=\"\u0110\u1eafm m\u00ecnh trong s\u1ef1 th\u01b0 gi\u00e3n v\u00e0 thanh b\u00ecnh v\u1edbi t\u1ea7m nh\u00ecn ra khu v\u01b0\u1eddn xanh m\u00e1t. C\u00e1c ph\u00f2ng Sen Bliss Villa \u0111\u01b0\u1ee3c thi\u1ebft k\u1ebf t\u1eeb nh\u1eefng \u0111\u01b0\u1eddng cong tinh t\u1ebf, ch\u1ea5t li\u1ec7u t\u1ef1 nhi\u00ean v\u00e0 t\u00f4ng m\u00e0u nh\u00e3 nh\u1eb7n, mang \u0111\u1ebfn kh\u00f4ng gian h\u00e0i h\u00f2a tuy\u1ec7t \u0111\u1ed1i v\u1edbi thi\u00ean nhi\u00ean.\" \/>\n<meta property=\"og:url\" content=\"https:\/\/www.senvillagehoian.com\/vi\/accommodation\/sen-bliss-villa\/\" \/>\n<meta property=\"og:site_name\" content=\"Sen Village Hoi An\" \/>\n<meta property=\"article:modified_time\" content=\"2026-03-26T01:44:05+00:00\" \/>\n<meta property=\"og:image\" content=\"https:\/\/www.senvillagehoian.com\/wp-content\/uploads\/sites\/127\/2026\/03\/3103_Sen-Bliss-Villa-Double-Room.jpg\" \/>\n\t<meta property=\"og:image:width\" content=\"2200\" \/>\n\t<meta property=\"og:image:height\" content=\"1650\" \/>\n\t<meta property=\"og:image:type\" content=\"image\/jpeg\" \/>\n<meta name=\"twitter:card\" content=\"summary_large_image\" \/>\n<meta name=\"twitter:label1\" content=\"Est. reading time\" \/>\n\t<meta name=\"twitter:data1\" content=\"1 minute\" \/>\n<script type=\"application\/ld+json\" class=\"yoast-schema-graph\">{\"@context\":\"https:\/\/schema.org\",\"@graph\":[{\"@type\":\"WebPage\",\"@id\":\"https:\/\/www.senvillagehoian.com\/vi\/accommodation\/sen-bliss-villa\/\",\"url\":\"https:\/\/www.senvillagehoian.com\/vi\/accommodation\/sen-bliss-villa\/\",\"name\":\"Sen Bliss Villa - Sen Village Hoi An\",\"isPartOf\":{\"@id\":\"https:\/\/www.senvillagehoian.com\/vi\/#website\"},\"primaryImageOfPage\":{\"@id\":\"https:\/\/www.senvillagehoian.com\/vi\/accommodation\/sen-bliss-villa\/#primaryimage\"},\"image\":{\"@id\":\"https:\/\/www.senvillagehoian.com\/vi\/accommodation\/sen-bliss-villa\/#primaryimage\"},\"thumbnailUrl\":\"https:\/\/www.senvillagehoian.com\/wp-content\/uploads\/sites\/127\/2026\/03\/3103_Sen-Bliss-Villa-Double-Room.jpg\",\"datePublished\":\"2025-10-28T09:11:45+00:00\",\"dateModified\":\"2026-03-26T01:44:05+00:00\",\"breadcrumb\":{\"@id\":\"https:\/\/www.senvillagehoian.com\/vi\/accommodation\/sen-bliss-villa\/#breadcrumb\"},\"inLanguage\":\"vi-VN\",\"potentialAction\":[{\"@type\":\"ReadAction\",\"target\":[\"https:\/\/www.senvillagehoian.com\/vi\/accommodation\/sen-bliss-villa\/\"]}]},{\"@type\":\"ImageObject\",\"inLanguage\":\"vi-VN\",\"@id\":\"https:\/\/www.senvillagehoian.com\/vi\/accommodation\/sen-bliss-villa\/#primaryimage\",\"url\":\"https:\/\/www.senvillagehoian.com\/wp-content\/uploads\/sites\/127\/2026\/03\/3103_Sen-Bliss-Villa-Double-Room.jpg\",\"contentUrl\":\"https:\/\/www.senvillagehoian.com\/wp-content\/uploads\/sites\/127\/2026\/03\/3103_Sen-Bliss-Villa-Double-Room.jpg\",\"width\":2200,\"height\":1650},{\"@type\":\"BreadcrumbList\",\"@id\":\"https:\/\/www.senvillagehoian.com\/vi\/accommodation\/sen-bliss-villa\/#breadcrumb\",\"itemListElement\":[{\"@type\":\"ListItem\",\"position\":1,\"name\":\"Home\",\"item\":\"https:\/\/www.senvillagehoian.com\/vi\/\"},{\"@type\":\"ListItem\",\"position\":2,\"name\":\"Ph\u00f2ng Ngh\u1ec9\",\"item\":\"https:\/\/www.senvillagehoian.com\/vi\/accommodation\/\"},{\"@type\":\"ListItem\",\"position\":3,\"name\":\"Sen Bliss Villa\"}]},{\"@type\":\"WebSite\",\"@id\":\"https:\/\/www.senvillagehoian.com\/vi\/#website\",\"url\":\"https:\/\/www.senvillagehoian.com\/vi\/\",\"name\":\"Sen Village Hoi An\",\"description\":\"\",\"potentialAction\":[{\"@type\":\"SearchAction\",\"target\":{\"@type\":\"EntryPoint\",\"urlTemplate\":\"https:\/\/www.senvillagehoian.com\/vi\/?s={search_term_string}\"},\"query-input\":\"required name=search_term_string\"}],\"inLanguage\":\"vi-VN\"}]}<\/script>\n<!-- \/ Yoast SEO plugin. -->","yoast_head_json":{"title":"Sen Bliss Villa - Sen Village Hoi An","robots":{"index":"index","follow":"follow","max-snippet":"max-snippet:-1","max-image-preview":"max-image-preview:large","max-video-preview":"max-video-preview:-1"},"canonical":"https:\/\/www.senvillagehoian.com\/vi\/accommodation\/sen-bliss-villa\/","og_locale":"vi_VN","og_type":"article","og_title":"Sen Bliss Villa - Sen Village Hoi An","og_description":"\u0110\u1eafm m\u00ecnh trong s\u1ef1 th\u01b0 gi\u00e3n v\u00e0 thanh b\u00ecnh v\u1edbi t\u1ea7m nh\u00ecn ra khu v\u01b0\u1eddn xanh m\u00e1t. C\u00e1c ph\u00f2ng Sen Bliss Villa \u0111\u01b0\u1ee3c thi\u1ebft k\u1ebf t\u1eeb nh\u1eefng \u0111\u01b0\u1eddng cong tinh t\u1ebf, ch\u1ea5t li\u1ec7u t\u1ef1 nhi\u00ean v\u00e0 t\u00f4ng m\u00e0u nh\u00e3 nh\u1eb7n, mang \u0111\u1ebfn kh\u00f4ng gian h\u00e0i h\u00f2a tuy\u1ec7t \u0111\u1ed1i v\u1edbi thi\u00ean nhi\u00ean.","og_url":"https:\/\/www.senvillagehoian.com\/vi\/accommodation\/sen-bliss-villa\/","og_site_name":"Sen Village Hoi An","article_modified_time":"2026-03-26T01:44:05+00:00","og_image":[{"width":2200,"height":1650,"url":"https:\/\/www.senvillagehoian.com\/wp-content\/uploads\/sites\/127\/2026\/03\/3103_Sen-Bliss-Villa-Double-Room.jpg","type":"image\/jpeg"}],"twitter_card":"summary_large_image","twitter_misc":{"Est. reading time":"1 minute"},"schema":{"@context":"https:\/\/schema.org","@graph":[{"@type":"WebPage","@id":"https:\/\/www.senvillagehoian.com\/vi\/accommodation\/sen-bliss-villa\/","url":"https:\/\/www.senvillagehoian.com\/vi\/accommodation\/sen-bliss-villa\/","name":"Sen Bliss Villa - Sen Village Hoi An","isPartOf":{"@id":"https:\/\/www.senvillagehoian.com\/vi\/#website"},"primaryImageOfPage":{"@id":"https:\/\/www.senvillagehoian.com\/vi\/accommodation\/sen-bliss-villa\/#primaryimage"},"image":{"@id":"https:\/\/www.senvillagehoian.com\/vi\/accommodation\/sen-bliss-villa\/#primaryimage"},"thumbnailUrl":"https:\/\/www.senvillagehoian.com\/wp-content\/uploads\/sites\/127\/2026\/03\/3103_Sen-Bliss-Villa-Double-Room.jpg","datePublished":"2025-10-28T09:11:45+00:00","dateModified":"2026-03-26T01:44:05+00:00","breadcrumb":{"@id":"https:\/\/www.senvillagehoian.com\/vi\/accommodation\/sen-bliss-villa\/#breadcrumb"},"inLanguage":"vi-VN","potentialAction":[{"@type":"ReadAction","target":["https:\/\/www.senvillagehoian.com\/vi\/accommodation\/sen-bliss-villa\/"]}]},{"@type":"ImageObject","inLanguage":"vi-VN","@id":"https:\/\/www.senvillagehoian.com\/vi\/accommodation\/sen-bliss-villa\/#primaryimage","url":"https:\/\/www.senvillagehoian.com\/wp-content\/uploads\/sites\/127\/2026\/03\/3103_Sen-Bliss-Villa-Double-Room.jpg","contentUrl":"https:\/\/www.senvillagehoian.com\/wp-content\/uploads\/sites\/127\/2026\/03\/3103_Sen-Bliss-Villa-Double-Room.jpg","width":2200,"height":1650},{"@type":"BreadcrumbList","@id":"https:\/\/www.senvillagehoian.com\/vi\/accommodation\/sen-bliss-villa\/#breadcrumb","itemListElement":[{"@type":"ListItem","position":1,"name":"Home","item":"https:\/\/www.senvillagehoian.com\/vi\/"},{"@type":"ListItem","position":2,"name":"Ph\u00f2ng Ngh\u1ec9","item":"https:\/\/www.senvillagehoian.com\/vi\/accommodation\/"},{"@type":"ListItem","position":3,"name":"Sen Bliss Villa"}]},{"@type":"WebSite","@id":"https:\/\/www.senvillagehoian.com\/vi\/#website","url":"https:\/\/www.senvillagehoian.com\/vi\/","name":"Sen Village Hoi An","description":"","potentialAction":[{"@type":"SearchAction","target":{"@type":"EntryPoint","urlTemplate":"https:\/\/www.senvillagehoian.com\/vi\/?s={search_term_string}"},"query-input":"required name=search_term_string"}],"inLanguage":"vi-VN"}]}},"acf":[],"_links":{"self":[{"href":"https:\/\/www.senvillagehoian.com\/vi\/wp-json\/wp\/v2\/pages\/158"}],"collection":[{"href":"https:\/\/www.senvillagehoian.com\/vi\/wp-json\/wp\/v2\/pages"}],"about":[{"href":"https:\/\/www.senvillagehoian.com\/vi\/wp-json\/wp\/v2\/types\/page"}],"author":[{"embeddable":true,"href":"https:\/\/www.senvillagehoian.com\/vi\/wp-json\/wp\/v2\/users\/8"}],"replies":[{"embeddable":true,"href":"https:\/\/www.senvillagehoian.com\/vi\/wp-json\/wp\/v2\/comments?post=158"}],"version-history":[{"count":0,"href":"https:\/\/www.senvillagehoian.com\/vi\/wp-json\/wp\/v2\/pages\/158\/revisions"}],"up":[{"embeddable":true,"href":"https:\/\/www.senvillagehoian.com\/vi\/wp-json\/wp\/v2\/pages\/153"}],"wp:featuredmedia":[{"embeddable":true,"href":"https:\/\/www.senvillagehoian.com\/vi\/wp-json\/wp\/v2\/media\/385"}],"wp:attachment":[{"href":"https:\/\/www.senvillagehoian.com\/vi\/wp-json\/wp\/v2\/media?parent=158"}],"curies":[{"name":"wp","href":"https:\/\/api.w.org\/{rel}","templated":true}]}}