{"id":168,"date":"2025-10-28T09:35:07","date_gmt":"2025-10-28T09:35:07","guid":{"rendered":"https:\/\/senvillagehoian.ms2.decms.asia\/services-amenities\/"},"modified":"2025-12-09T06:02:06","modified_gmt":"2025-12-09T06:02:06","slug":"services-amenities","status":"publish","type":"page","link":"https:\/\/www.senvillagehoian.com\/vi\/services-amenities\/","title":{"rendered":"D\u1ecbch v\u1ee5 &#038; Ti\u1ec7n nghi"},"content":{"rendered":"<p>T\u1ea1i Sen Village H\u1ed9i An, m\u1ed7i chi ti\u1ebft \u0111\u1ec1u \u0111\u01b0\u1ee3c ch\u0103m ch\u00fat \u0111\u1ec3 mang \u0111\u1ebfn k\u1ef3 ngh\u1ec9 tr\u1ecdn v\u1eb9n: Wi-Fi t\u1ed1c \u0111\u1ed9 cao, l\u1ec5 t\u00e2n 24\/7, xe \u0111\u1ea1p mi\u1ec5n ph\u00ed d\u1ea1o ph\u1ed1 c\u1ed5, h\u1ed3 b\u01a1i xanh m\u00e1t, th\u01b0\u1edfng tr\u00e0 t\u1ea1i Li\u00ean Tea House, th\u01b0 gi\u00e3n spa t\u1ea1i G\u00f3c An Tr\u00fa, c\u00f9ng kh\u00f4ng gian thi\u00ean nhi\u00ean thanh b\u00ecnh.<\/p>\n<p>\u0110\u1ed9i ng\u0169 th\u00e2n thi\u1ec7n v\u00e0 am hi\u1ec3u \u0111\u1ecba ph\u01b0\u01a1ng lu\u00f4n s\u1eb5n s\u00e0ng \u0111\u1ed3ng h\u00e0nh, gi\u00fap b\u1ea1n kh\u00e1m ph\u00e1 H\u1ed9i An theo c\u00e1ch ri\u00eang c\u1ee7a m\u00ecnh.<\/p>\n","protected":false},"excerpt":{"rendered":"<p>T\u1ea1i Sen Village H\u1ed9i An, m\u1ed7i chi ti\u1ebft \u0111\u1ec1u \u0111\u01b0\u1ee3c ch\u0103m ch\u00fat \u0111\u1ec3 mang \u0111\u1ebfn k\u1ef3 ngh\u1ec9 tr\u1ecdn v\u1eb9n: Wi-Fi t\u1ed1c \u0111\u1ed9 cao, l\u1ec5 t\u00e2n 24\/7, xe \u0111\u1ea1p mi\u1ec5n ph\u00ed d\u1ea1o ph\u1ed1 c\u1ed5, h\u1ed3 b\u01a1i xanh m\u00e1t, th\u01b0\u1edfng tr\u00e0 t\u1ea1i Li\u00ean Tea House, th\u01b0 gi\u00e3n spa t\u1ea1i G\u00f3c An Tr\u00fa, c\u00f9ng kh\u00f4ng gian thi\u00ean nhi\u00ean [&hellip;]<\/p>\n","protected":false},"author":8,"featured_media":0,"parent":0,"menu_order":0,"comment_status":"closed","ping_status":"closed","template":"template-services.php","meta":{"footnotes":""},"yoast_head":"<!-- This site is optimized with the Yoast SEO plugin v22.3 - https:\/\/yoast.com\/wordpress\/plugins\/seo\/ -->\n<title>D\u1ecbch v\u1ee5 &amp; Ti\u1ec7n nghi | SEN Village Hoi An<\/title>\n<meta name=\"description\" content=\"T\u1eadn h\u01b0\u1edfng k\u1ef3 ngh\u1ec9 tr\u1ecdn v\u1eb9n t\u1ea1i Sen Village H\u1ed9i An v\u1edbi Wi-Fi t\u1ed1c \u0111\u1ed9 cao, xe \u0111\u1ea1p mi\u1ec5n ph\u00ed, h\u1ed3 b\u01a1i xanh m\u00e1t, tr\u00e0 chi\u1ec1u t\u1ea1i Lien Tea House v\u00e0 li\u1ec7u tr\u00ecnh spa th\u01b0 gi\u00e3n gi\u1eefa kh\u00f4ng gian thi\u00ean nhi\u00ean y\u00ean b\u00ecnh. \u0110\u1ed9i ng\u0169 th\u00e2n thi\u1ec7n lu\u00f4n s\u1eb5n s\u00e0ng h\u1ed7 tr\u1ee3 b\u1ea1n kh\u00e1m ph\u00e1 H\u1ed9i An theo c\u00e1ch ri\u00eang c\u1ee7a m\u00ecnh.\" \/>\n<meta name=\"robots\" content=\"index, follow, max-snippet:-1, max-image-preview:large, max-video-preview:-1\" \/>\n<link rel=\"canonical\" href=\"https:\/\/www.senvillagehoian.com\/vi\/services-amenities\/\" \/>\n<meta property=\"og:locale\" content=\"vi_VN\" \/>\n<meta property=\"og:type\" content=\"article\" \/>\n<meta property=\"og:title\" content=\"D\u1ecbch v\u1ee5 &amp; Ti\u1ec7n nghi | SEN Village Hoi An\" \/>\n<meta property=\"og:description\" content=\"T\u1eadn h\u01b0\u1edfng k\u1ef3 ngh\u1ec9 tr\u1ecdn v\u1eb9n t\u1ea1i Sen Village H\u1ed9i An v\u1edbi Wi-Fi t\u1ed1c \u0111\u1ed9 cao, xe \u0111\u1ea1p mi\u1ec5n ph\u00ed, h\u1ed3 b\u01a1i xanh m\u00e1t, tr\u00e0 chi\u1ec1u t\u1ea1i Lien Tea House v\u00e0 li\u1ec7u tr\u00ecnh spa th\u01b0 gi\u00e3n gi\u1eefa kh\u00f4ng gian thi\u00ean nhi\u00ean y\u00ean b\u00ecnh. \u0110\u1ed9i ng\u0169 th\u00e2n thi\u1ec7n lu\u00f4n s\u1eb5n s\u00e0ng h\u1ed7 tr\u1ee3 b\u1ea1n kh\u00e1m ph\u00e1 H\u1ed9i An theo c\u00e1ch ri\u00eang c\u1ee7a m\u00ecnh.\" \/>\n<meta property=\"og:url\" content=\"https:\/\/www.senvillagehoian.com\/vi\/services-amenities\/\" \/>\n<meta property=\"og:site_name\" content=\"Sen Village Hoi An\" \/>\n<meta property=\"article:modified_time\" content=\"2025-12-09T06:02:06+00:00\" \/>\n<meta name=\"twitter:card\" content=\"summary_large_image\" \/>\n<meta name=\"twitter:label1\" content=\"Est. reading time\" \/>\n\t<meta name=\"twitter:data1\" content=\"1 minute\" \/>\n<script type=\"application\/ld+json\" class=\"yoast-schema-graph\">{\"@context\":\"https:\/\/schema.org\",\"@graph\":[{\"@type\":\"WebPage\",\"@id\":\"https:\/\/www.senvillagehoian.com\/vi\/services-amenities\/\",\"url\":\"https:\/\/www.senvillagehoian.com\/vi\/services-amenities\/\",\"name\":\"D\u1ecbch v\u1ee5 & Ti\u1ec7n nghi | SEN Village Hoi An\",\"isPartOf\":{\"@id\":\"https:\/\/www.senvillagehoian.com\/vi\/#website\"},\"datePublished\":\"2025-10-28T09:35:07+00:00\",\"dateModified\":\"2025-12-09T06:02:06+00:00\",\"description\":\"T\u1eadn h\u01b0\u1edfng k\u1ef3 ngh\u1ec9 tr\u1ecdn v\u1eb9n t\u1ea1i Sen Village H\u1ed9i An v\u1edbi Wi-Fi t\u1ed1c \u0111\u1ed9 cao, xe \u0111\u1ea1p mi\u1ec5n ph\u00ed, h\u1ed3 b\u01a1i xanh m\u00e1t, tr\u00e0 chi\u1ec1u t\u1ea1i Lien Tea House v\u00e0 li\u1ec7u tr\u00ecnh spa th\u01b0 gi\u00e3n gi\u1eefa kh\u00f4ng gian thi\u00ean nhi\u00ean y\u00ean b\u00ecnh. \u0110\u1ed9i ng\u0169 th\u00e2n thi\u1ec7n lu\u00f4n s\u1eb5n s\u00e0ng h\u1ed7 tr\u1ee3 b\u1ea1n kh\u00e1m ph\u00e1 H\u1ed9i An theo c\u00e1ch ri\u00eang c\u1ee7a m\u00ecnh.\",\"breadcrumb\":{\"@id\":\"https:\/\/www.senvillagehoian.com\/vi\/services-amenities\/#breadcrumb\"},\"inLanguage\":\"vi-VN\",\"potentialAction\":[{\"@type\":\"ReadAction\",\"target\":[\"https:\/\/www.senvillagehoian.com\/vi\/services-amenities\/\"]}]},{\"@type\":\"BreadcrumbList\",\"@id\":\"https:\/\/www.senvillagehoian.com\/vi\/services-amenities\/#breadcrumb\",\"itemListElement\":[{\"@type\":\"ListItem\",\"position\":1,\"name\":\"Home\",\"item\":\"https:\/\/www.senvillagehoian.com\/vi\/\"},{\"@type\":\"ListItem\",\"position\":2,\"name\":\"D\u1ecbch v\u1ee5 &#038; Ti\u1ec7n nghi\"}]},{\"@type\":\"WebSite\",\"@id\":\"https:\/\/www.senvillagehoian.com\/vi\/#website\",\"url\":\"https:\/\/www.senvillagehoian.com\/vi\/\",\"name\":\"Sen Village Hoi An\",\"description\":\"\",\"potentialAction\":[{\"@type\":\"SearchAction\",\"target\":{\"@type\":\"EntryPoint\",\"urlTemplate\":\"https:\/\/www.senvillagehoian.com\/vi\/?s={search_term_string}\"},\"query-input\":\"required name=search_term_string\"}],\"inLanguage\":\"vi-VN\"}]}<\/script>\n<!-- \/ Yoast SEO plugin. -->","yoast_head_json":{"title":"D\u1ecbch v\u1ee5 & Ti\u1ec7n nghi | SEN Village Hoi An","description":"T\u1eadn h\u01b0\u1edfng k\u1ef3 ngh\u1ec9 tr\u1ecdn v\u1eb9n t\u1ea1i Sen Village H\u1ed9i An v\u1edbi Wi-Fi t\u1ed1c \u0111\u1ed9 cao, xe \u0111\u1ea1p mi\u1ec5n ph\u00ed, h\u1ed3 b\u01a1i xanh m\u00e1t, tr\u00e0 chi\u1ec1u t\u1ea1i Lien Tea House v\u00e0 li\u1ec7u tr\u00ecnh spa th\u01b0 gi\u00e3n gi\u1eefa kh\u00f4ng gian thi\u00ean nhi\u00ean y\u00ean b\u00ecnh. \u0110\u1ed9i ng\u0169 th\u00e2n thi\u1ec7n lu\u00f4n s\u1eb5n s\u00e0ng h\u1ed7 tr\u1ee3 b\u1ea1n kh\u00e1m ph\u00e1 H\u1ed9i An theo c\u00e1ch ri\u00eang c\u1ee7a m\u00ecnh.","robots":{"index":"index","follow":"follow","max-snippet":"max-snippet:-1","max-image-preview":"max-image-preview:large","max-video-preview":"max-video-preview:-1"},"canonical":"https:\/\/www.senvillagehoian.com\/vi\/services-amenities\/","og_locale":"vi_VN","og_type":"article","og_title":"D\u1ecbch v\u1ee5 & Ti\u1ec7n nghi | SEN Village Hoi An","og_description":"T\u1eadn h\u01b0\u1edfng k\u1ef3 ngh\u1ec9 tr\u1ecdn v\u1eb9n t\u1ea1i Sen Village H\u1ed9i An v\u1edbi Wi-Fi t\u1ed1c \u0111\u1ed9 cao, xe \u0111\u1ea1p mi\u1ec5n ph\u00ed, h\u1ed3 b\u01a1i xanh m\u00e1t, tr\u00e0 chi\u1ec1u t\u1ea1i Lien Tea House v\u00e0 li\u1ec7u tr\u00ecnh spa th\u01b0 gi\u00e3n gi\u1eefa kh\u00f4ng gian thi\u00ean nhi\u00ean y\u00ean b\u00ecnh. \u0110\u1ed9i ng\u0169 th\u00e2n thi\u1ec7n lu\u00f4n s\u1eb5n s\u00e0ng h\u1ed7 tr\u1ee3 b\u1ea1n kh\u00e1m ph\u00e1 H\u1ed9i An theo c\u00e1ch ri\u00eang c\u1ee7a m\u00ecnh.","og_url":"https:\/\/www.senvillagehoian.com\/vi\/services-amenities\/","og_site_name":"Sen Village Hoi An","article_modified_time":"2025-12-09T06:02:06+00:00","twitter_card":"summary_large_image","twitter_misc":{"Est. reading time":"1 minute"},"schema":{"@context":"https:\/\/schema.org","@graph":[{"@type":"WebPage","@id":"https:\/\/www.senvillagehoian.com\/vi\/services-amenities\/","url":"https:\/\/www.senvillagehoian.com\/vi\/services-amenities\/","name":"D\u1ecbch v\u1ee5 & Ti\u1ec7n nghi | SEN Village Hoi An","isPartOf":{"@id":"https:\/\/www.senvillagehoian.com\/vi\/#website"},"datePublished":"2025-10-28T09:35:07+00:00","dateModified":"2025-12-09T06:02:06+00:00","description":"T\u1eadn h\u01b0\u1edfng k\u1ef3 ngh\u1ec9 tr\u1ecdn v\u1eb9n t\u1ea1i Sen Village H\u1ed9i An v\u1edbi Wi-Fi t\u1ed1c \u0111\u1ed9 cao, xe \u0111\u1ea1p mi\u1ec5n ph\u00ed, h\u1ed3 b\u01a1i xanh m\u00e1t, tr\u00e0 chi\u1ec1u t\u1ea1i Lien Tea House v\u00e0 li\u1ec7u tr\u00ecnh spa th\u01b0 gi\u00e3n gi\u1eefa kh\u00f4ng gian thi\u00ean nhi\u00ean y\u00ean b\u00ecnh. \u0110\u1ed9i ng\u0169 th\u00e2n thi\u1ec7n lu\u00f4n s\u1eb5n s\u00e0ng h\u1ed7 tr\u1ee3 b\u1ea1n kh\u00e1m ph\u00e1 H\u1ed9i An theo c\u00e1ch ri\u00eang c\u1ee7a m\u00ecnh.","breadcrumb":{"@id":"https:\/\/www.senvillagehoian.com\/vi\/services-amenities\/#breadcrumb"},"inLanguage":"vi-VN","potentialAction":[{"@type":"ReadAction","target":["https:\/\/www.senvillagehoian.com\/vi\/services-amenities\/"]}]},{"@type":"BreadcrumbList","@id":"https:\/\/www.senvillagehoian.com\/vi\/services-amenities\/#breadcrumb","itemListElement":[{"@type":"ListItem","position":1,"name":"Home","item":"https:\/\/www.senvillagehoian.com\/vi\/"},{"@type":"ListItem","position":2,"name":"D\u1ecbch v\u1ee5 &#038; Ti\u1ec7n nghi"}]},{"@type":"WebSite","@id":"https:\/\/www.senvillagehoian.com\/vi\/#website","url":"https:\/\/www.senvillagehoian.com\/vi\/","name":"Sen Village Hoi An","description":"","potentialAction":[{"@type":"SearchAction","target":{"@type":"EntryPoint","urlTemplate":"https:\/\/www.senvillagehoian.com\/vi\/?s={search_term_string}"},"query-input":"required name=search_term_string"}],"inLanguage":"vi-VN"}]}},"acf":[],"_links":{"self":[{"href":"https:\/\/www.senvillagehoian.com\/vi\/wp-json\/wp\/v2\/pages\/168"}],"collection":[{"href":"https:\/\/www.senvillagehoian.com\/vi\/wp-json\/wp\/v2\/pages"}],"about":[{"href":"https:\/\/www.senvillagehoian.com\/vi\/wp-json\/wp\/v2\/types\/page"}],"author":[{"embeddable":true,"href":"https:\/\/www.senvillagehoian.com\/vi\/wp-json\/wp\/v2\/users\/8"}],"replies":[{"embeddable":true,"href":"https:\/\/www.senvillagehoian.com\/vi\/wp-json\/wp\/v2\/comments?post=168"}],"version-history":[{"count":0,"href":"https:\/\/www.senvillagehoian.com\/vi\/wp-json\/wp\/v2\/pages\/168\/revisions"}],"wp:attachment":[{"href":"https:\/\/www.senvillagehoian.com\/vi\/wp-json\/wp\/v2\/media?parent=168"}],"curies":[{"name":"wp","href":"https:\/\/api.w.org\/{rel}","templated":true}]}}