{"id":171,"date":"2025-10-30T07:49:13","date_gmt":"2025-10-30T07:49:13","guid":{"rendered":"https:\/\/senvillagehoian.ms2.decms.asia\/meetings-events\/"},"modified":"2026-04-02T06:34:00","modified_gmt":"2026-04-02T06:34:00","slug":"meetings-events","status":"publish","type":"page","link":"https:\/\/www.senvillagehoian.com\/vi\/meetings-events\/","title":{"rendered":"H\u1ed9i Ngh\u1ecb &amp; S\u1ef1 ki\u1ec7n"},"content":{"rendered":"<p>T\u1ea1i Sen Village H\u1ed9i An, ch\u00fang t\u00f4i mang \u0111\u1ebfn kh\u00f4ng gian l\u00fd t\u01b0\u1edfng cho c\u1ea3 nh\u1eefng bu\u1ed5i h\u1ecdp chuy\u00ean nghi\u1ec7p l\u1eabn nh\u1eefng kho\u1ea3nh kh\u1eafc \u0111\u00e1ng nh\u1edb trong \u0111\u1eddi. Ph\u00f2ng h\u1ecdp ri\u00eang bi\u1ec7t v\u1edbi s\u1ee9c ch\u1ee9a \u0111\u1ebfn 60 kh\u00e1ch ph\u00f9 h\u1ee3p cho h\u1ed9i ngh\u1ecb, h\u1ed9i th\u1ea3o ho\u1eb7c c\u00e1c s\u1ef1 ki\u1ec7n ri\u00eang t\u01b0. \u0110\u1eb7c bi\u1ec7t, khu v\u01b0\u1eddn r\u1ed9ng l\u1edbn b\u00ean h\u1ed3 sen l\u00e0 \u0111\u1ecba \u0111i\u1ec3m \u0111\u1ed9c \u0111\u00e1o \u0111\u1ec3 t\u1ed5 ch\u1ee9c ti\u1ec7c c\u01b0\u1edbi v\u00e0 s\u1ef1 ki\u1ec7n ngo\u00e0i tr\u1eddi l\u00ean \u0111\u1ebfn 300 kh\u00e1ch. V\u1edbi d\u1ecbch v\u1ee5 t\u1eadn t\u00e2m c\u00f9ng khung c\u1ea3nh thi\u00ean nhi\u00ean thanh b\u00ecnh, m\u1ed7i s\u1ef1 ki\u1ec7n t\u1ea1i Sen Village \u0111\u1ec1u tr\u1edf n\u00ean tr\u1ecdn v\u1eb9n v\u00e0 \u0111\u00e1ng nh\u1edb.<\/p>\n","protected":false},"excerpt":{"rendered":"<p>T\u1ea1i Sen Village H\u1ed9i An, ch\u00fang t\u00f4i mang \u0111\u1ebfn kh\u00f4ng gian l\u00fd t\u01b0\u1edfng cho c\u1ea3 nh\u1eefng bu\u1ed5i h\u1ecdp chuy\u00ean nghi\u1ec7p l\u1eabn nh\u1eefng kho\u1ea3nh kh\u1eafc \u0111\u00e1ng nh\u1edb trong \u0111\u1eddi. Ph\u00f2ng h\u1ecdp ri\u00eang bi\u1ec7t v\u1edbi s\u1ee9c ch\u1ee9a \u0111\u1ebfn 60 kh\u00e1ch ph\u00f9 h\u1ee3p cho h\u1ed9i ngh\u1ecb, h\u1ed9i th\u1ea3o ho\u1eb7c c\u00e1c s\u1ef1 ki\u1ec7n ri\u00eang t\u01b0. \u0110\u1eb7c bi\u1ec7t, khu v\u01b0\u1eddn [&hellip;]<\/p>\n","protected":false},"author":8,"featured_media":0,"parent":0,"menu_order":0,"comment_status":"closed","ping_status":"closed","template":"template-meeting.php","meta":{"footnotes":""},"yoast_head":"<!-- This site is optimized with the Yoast SEO plugin v22.3 - https:\/\/yoast.com\/wordpress\/plugins\/seo\/ -->\n<title>H\u1ed9i Ngh\u1ecb &amp; S\u1ef1 ki\u1ec7n - Sen Village Hoi An<\/title>\n<meta name=\"robots\" content=\"index, follow, max-snippet:-1, max-image-preview:large, max-video-preview:-1\" \/>\n<link rel=\"canonical\" href=\"https:\/\/www.senvillagehoian.com\/vi\/meetings-events\/\" \/>\n<meta property=\"og:locale\" content=\"vi_VN\" \/>\n<meta property=\"og:type\" content=\"article\" \/>\n<meta property=\"og:title\" content=\"H\u1ed9i Ngh\u1ecb &amp; S\u1ef1 ki\u1ec7n - Sen Village Hoi An\" \/>\n<meta property=\"og:description\" content=\"T\u1ea1i Sen Village H\u1ed9i An, ch\u00fang t\u00f4i mang \u0111\u1ebfn kh\u00f4ng gian l\u00fd t\u01b0\u1edfng cho c\u1ea3 nh\u1eefng bu\u1ed5i h\u1ecdp chuy\u00ean nghi\u1ec7p l\u1eabn nh\u1eefng kho\u1ea3nh kh\u1eafc \u0111\u00e1ng nh\u1edb trong \u0111\u1eddi. Ph\u00f2ng h\u1ecdp ri\u00eang bi\u1ec7t v\u1edbi s\u1ee9c ch\u1ee9a \u0111\u1ebfn 60 kh\u00e1ch ph\u00f9 h\u1ee3p cho h\u1ed9i ngh\u1ecb, h\u1ed9i th\u1ea3o ho\u1eb7c c\u00e1c s\u1ef1 ki\u1ec7n ri\u00eang t\u01b0. \u0110\u1eb7c bi\u1ec7t, khu v\u01b0\u1eddn [&hellip;]\" \/>\n<meta property=\"og:url\" content=\"https:\/\/www.senvillagehoian.com\/vi\/meetings-events\/\" \/>\n<meta property=\"og:site_name\" content=\"Sen Village Hoi An\" \/>\n<meta property=\"article:modified_time\" content=\"2026-04-02T06:34:00+00:00\" \/>\n<meta name=\"twitter:card\" content=\"summary_large_image\" \/>\n<meta name=\"twitter:label1\" content=\"Est. reading time\" \/>\n\t<meta name=\"twitter:data1\" content=\"1 minute\" \/>\n<script type=\"application\/ld+json\" class=\"yoast-schema-graph\">{\"@context\":\"https:\/\/schema.org\",\"@graph\":[{\"@type\":\"WebPage\",\"@id\":\"https:\/\/www.senvillagehoian.com\/vi\/meetings-events\/\",\"url\":\"https:\/\/www.senvillagehoian.com\/vi\/meetings-events\/\",\"name\":\"H\u1ed9i Ngh\u1ecb &amp; S\u1ef1 ki\u1ec7n - Sen Village Hoi An\",\"isPartOf\":{\"@id\":\"https:\/\/www.senvillagehoian.com\/vi\/#website\"},\"datePublished\":\"2025-10-30T07:49:13+00:00\",\"dateModified\":\"2026-04-02T06:34:00+00:00\",\"breadcrumb\":{\"@id\":\"https:\/\/www.senvillagehoian.com\/vi\/meetings-events\/#breadcrumb\"},\"inLanguage\":\"vi-VN\",\"potentialAction\":[{\"@type\":\"ReadAction\",\"target\":[\"https:\/\/www.senvillagehoian.com\/vi\/meetings-events\/\"]}]},{\"@type\":\"BreadcrumbList\",\"@id\":\"https:\/\/www.senvillagehoian.com\/vi\/meetings-events\/#breadcrumb\",\"itemListElement\":[{\"@type\":\"ListItem\",\"position\":1,\"name\":\"Home\",\"item\":\"https:\/\/www.senvillagehoian.com\/vi\/\"},{\"@type\":\"ListItem\",\"position\":2,\"name\":\"H\u1ed9i Ngh\u1ecb &amp; S\u1ef1 ki\u1ec7n\"}]},{\"@type\":\"WebSite\",\"@id\":\"https:\/\/www.senvillagehoian.com\/vi\/#website\",\"url\":\"https:\/\/www.senvillagehoian.com\/vi\/\",\"name\":\"Sen Village Hoi An\",\"description\":\"\",\"potentialAction\":[{\"@type\":\"SearchAction\",\"target\":{\"@type\":\"EntryPoint\",\"urlTemplate\":\"https:\/\/www.senvillagehoian.com\/vi\/?s={search_term_string}\"},\"query-input\":\"required name=search_term_string\"}],\"inLanguage\":\"vi-VN\"}]}<\/script>\n<!-- \/ Yoast SEO plugin. -->","yoast_head_json":{"title":"H\u1ed9i Ngh\u1ecb &amp; S\u1ef1 ki\u1ec7n - Sen Village Hoi An","robots":{"index":"index","follow":"follow","max-snippet":"max-snippet:-1","max-image-preview":"max-image-preview:large","max-video-preview":"max-video-preview:-1"},"canonical":"https:\/\/www.senvillagehoian.com\/vi\/meetings-events\/","og_locale":"vi_VN","og_type":"article","og_title":"H\u1ed9i Ngh\u1ecb &amp; S\u1ef1 ki\u1ec7n - Sen Village Hoi An","og_description":"T\u1ea1i Sen Village H\u1ed9i An, ch\u00fang t\u00f4i mang \u0111\u1ebfn kh\u00f4ng gian l\u00fd t\u01b0\u1edfng cho c\u1ea3 nh\u1eefng bu\u1ed5i h\u1ecdp chuy\u00ean nghi\u1ec7p l\u1eabn nh\u1eefng kho\u1ea3nh kh\u1eafc \u0111\u00e1ng nh\u1edb trong \u0111\u1eddi. Ph\u00f2ng h\u1ecdp ri\u00eang bi\u1ec7t v\u1edbi s\u1ee9c ch\u1ee9a \u0111\u1ebfn 60 kh\u00e1ch ph\u00f9 h\u1ee3p cho h\u1ed9i ngh\u1ecb, h\u1ed9i th\u1ea3o ho\u1eb7c c\u00e1c s\u1ef1 ki\u1ec7n ri\u00eang t\u01b0. \u0110\u1eb7c bi\u1ec7t, khu v\u01b0\u1eddn [&hellip;]","og_url":"https:\/\/www.senvillagehoian.com\/vi\/meetings-events\/","og_site_name":"Sen Village Hoi An","article_modified_time":"2026-04-02T06:34:00+00:00","twitter_card":"summary_large_image","twitter_misc":{"Est. reading time":"1 minute"},"schema":{"@context":"https:\/\/schema.org","@graph":[{"@type":"WebPage","@id":"https:\/\/www.senvillagehoian.com\/vi\/meetings-events\/","url":"https:\/\/www.senvillagehoian.com\/vi\/meetings-events\/","name":"H\u1ed9i Ngh\u1ecb &amp; S\u1ef1 ki\u1ec7n - Sen Village Hoi An","isPartOf":{"@id":"https:\/\/www.senvillagehoian.com\/vi\/#website"},"datePublished":"2025-10-30T07:49:13+00:00","dateModified":"2026-04-02T06:34:00+00:00","breadcrumb":{"@id":"https:\/\/www.senvillagehoian.com\/vi\/meetings-events\/#breadcrumb"},"inLanguage":"vi-VN","potentialAction":[{"@type":"ReadAction","target":["https:\/\/www.senvillagehoian.com\/vi\/meetings-events\/"]}]},{"@type":"BreadcrumbList","@id":"https:\/\/www.senvillagehoian.com\/vi\/meetings-events\/#breadcrumb","itemListElement":[{"@type":"ListItem","position":1,"name":"Home","item":"https:\/\/www.senvillagehoian.com\/vi\/"},{"@type":"ListItem","position":2,"name":"H\u1ed9i Ngh\u1ecb &amp; S\u1ef1 ki\u1ec7n"}]},{"@type":"WebSite","@id":"https:\/\/www.senvillagehoian.com\/vi\/#website","url":"https:\/\/www.senvillagehoian.com\/vi\/","name":"Sen Village Hoi An","description":"","potentialAction":[{"@type":"SearchAction","target":{"@type":"EntryPoint","urlTemplate":"https:\/\/www.senvillagehoian.com\/vi\/?s={search_term_string}"},"query-input":"required name=search_term_string"}],"inLanguage":"vi-VN"}]}},"acf":[],"_links":{"self":[{"href":"https:\/\/www.senvillagehoian.com\/vi\/wp-json\/wp\/v2\/pages\/171"}],"collection":[{"href":"https:\/\/www.senvillagehoian.com\/vi\/wp-json\/wp\/v2\/pages"}],"about":[{"href":"https:\/\/www.senvillagehoian.com\/vi\/wp-json\/wp\/v2\/types\/page"}],"author":[{"embeddable":true,"href":"https:\/\/www.senvillagehoian.com\/vi\/wp-json\/wp\/v2\/users\/8"}],"replies":[{"embeddable":true,"href":"https:\/\/www.senvillagehoian.com\/vi\/wp-json\/wp\/v2\/comments?post=171"}],"version-history":[{"count":0,"href":"https:\/\/www.senvillagehoian.com\/vi\/wp-json\/wp\/v2\/pages\/171\/revisions"}],"wp:attachment":[{"href":"https:\/\/www.senvillagehoian.com\/vi\/wp-json\/wp\/v2\/media?parent=171"}],"curies":[{"name":"wp","href":"https:\/\/api.w.org\/{rel}","templated":true}]}}