{"id":177,"date":"2025-10-30T08:12:26","date_gmt":"2025-10-30T08:12:26","guid":{"rendered":"https:\/\/senvillagehoian.ms2.decms.asia\/contact-us\/"},"modified":"2025-12-02T09:38:32","modified_gmt":"2025-12-02T09:38:32","slug":"contact-us","status":"publish","type":"page","link":"https:\/\/www.senvillagehoian.com\/vi\/contact-us\/","title":{"rendered":"Li\u00ean h\u1ec7 v\u1edbi ch\u00fang t\u00f4i"},"content":{"rendered":"<p>B\u1ea1n c\u00f3 th\u1eafc m\u1eafc, y\u00eau c\u1ea7u \u0111\u1eb7c bi\u1ec7t hay mu\u1ed1n l\u00ean k\u1ebf ho\u1ea1ch cho k\u1ef3 ngh\u1ec9? \u0110\u1ed9i ng\u0169 Sen Village H\u1ed9i An lu\u00f4n s\u1eb5n s\u00e0ng h\u1ed7 tr\u1ee3 b\u1ea1n. D\u00f9 l\u00e0 \u0111\u1eb7t ph\u00f2ng, s\u1eafp x\u1ebfp ph\u01b0\u01a1ng ti\u1ec7n di chuy\u1ec3n hay t\u00ecm ki\u1ebfm g\u1ee3i \u00fd tr\u1ea3i nghi\u1ec7m \u0111\u1ecba ph\u01b0\u01a1ng, ch\u00fang t\u00f4i ch\u1ec9 c\u00e1ch b\u1ea1n m\u1ed9t cu\u1ed9c g\u1ecdi ho\u1eb7c tin nh\u1eafn.<\/p>\n<p>H\u00e3y li\u00ean h\u1ec7 qua \u0111i\u1ec7n tho\u1ea1i, email ho\u1eb7c bi\u1ec3u m\u1eabu b\u00ean d\u01b0\u1edbi \u2014 ch\u00fang t\u00f4i s\u1ebd ph\u1ea3n h\u1ed3i nhanh ch\u00f3ng \u0111\u1ec3 h\u00e0nh tr\u00ecnh c\u00f9ng Sen Village tr\u1edf n\u00ean su\u00f4n s\u1ebb v\u00e0 \u0111\u00e1ng nh\u1edb ngay t\u1eeb kh\u1edfi \u0111\u1ea7u.<\/p>\n\n                <div class='gf_browser_gecko gform_wrapper' id='gform_wrapper_2' ><form method='post' enctype='multipart\/form-data'  id='gform_2'  action='\/vi\/wp-json\/wp\/v2\/pages\/177'>\n                        <div class='gform_body'><ul id='gform_fields_2' class='gform_fields top_label form_sublabel_below description_below'><li id='field_2_1'  class='gfield gfield_contains_required field_sublabel_below field_description_below gfield_visibility_visible' ><label class='gfield_label gfield_label_before_complex'  >T\u00ean c\u1ee7a b\u1ea1n<span class='gfield_required'>*<\/span><\/label><div class='ginput_complex ginput_container no_prefix has_first_name no_middle_name has_last_name no_suffix gf_name_has_2 ginput_container_name' id='input_2_1'>\n                            \n                            <span id='input_2_1_3_container' class='name_first' >\n                                                    <input type='text' name='input_1.3' id='input_2_1_3' value='' aria-label='First name'   aria-required=\"true\" aria-invalid=\"false\" \/>\n                                                    <label for='input_2_1_3' >First<\/label>\n                                                <\/span>\n                            \n                            <span id='input_2_1_6_container' class='name_last' >\n                                                    <input type='text' name='input_1.6' id='input_2_1_6' value='' aria-label='Last name'   aria-required=\"true\" aria-invalid=\"false\" \/>\n                                                    <label for='input_2_1_6' >Last<\/label>\n                                                <\/span>\n                            \n                        <\/div><\/li><li id='field_2_2'  class='gfield gfield_contains_required field_sublabel_below field_description_below gfield_visibility_visible' ><label class='gfield_label' for='input_2_2' >Email<span class='gfield_required'>*<\/span><\/label><div class='ginput_container ginput_container_email'>\n                            <input name='input_2' id='input_2_2' type='text' value='' class='medium'    aria-required=\"true\" aria-invalid=\"false\" \/>\n                        <\/div><\/li><li id='field_2_3'  class='gfield gfield_contains_required field_sublabel_below field_description_below gfield_visibility_visible' ><label class='gfield_label' for='input_2_3' >N\u1ed9i dung<span class='gfield_required'>*<\/span><\/label><div class='ginput_container ginput_container_textarea'><textarea name='input_3' id='input_2_3' class='textarea medium'     aria-required=\"true\" aria-invalid=\"false\"   rows='10' cols='50'><\/textarea><\/div><\/li><li id='field_2_4'  class='gfield field_sublabel_below field_description_below gfield_visibility_visible' ><label class='gfield_label' for='input_2_4' >CAPTCHA<\/label><div id='input_2_4' class='ginput_container ginput_recaptcha' data-sitekey='6LcyniwsAAAAAGNA_7cqwjhgHaAqJWkZjzNz7qpT'  data-theme='light' data-tabindex='0'  data-badge=''><\/div><\/li><li id='field_2_5'  class='gfield gform_validation_container field_sublabel_below field_description_below gfield_visibility_visible' ><label class='gfield_label' for='input_2_5' >Name<\/label><div class='ginput_container'><input name='input_5' id='input_2_5' type='text' value='' \/><\/div><div class='gfield_description' id='gfield_description_2_5'>This field is for validation purposes and should be left unchanged.<\/div><\/li>\n                            <\/ul><\/div>\n        <div class='gform_footer top_label'> <input type='submit' id='gform_submit_button_2' class='gform_button button' value='G\u1eecI'  onclick='if(window[\"gf_submitting_2\"]){return false;}  window[\"gf_submitting_2\"]=true;  ' onkeypress='if( event.keyCode == 13 ){ if(window[\"gf_submitting_2\"]){return false;} window[\"gf_submitting_2\"]=true;  jQuery(\"#gform_2\").trigger(\"submit\",[true]); }' \/> \n            <input type='hidden' class='gform_hidden' name='is_submit_2' value='1' \/>\n            <input type='hidden' class='gform_hidden' name='gform_submit' value='2' \/>\n            \n            <input type='hidden' class='gform_hidden' name='gform_unique_id' value='' \/>\n            <input type='hidden' class='gform_hidden' name='state_2' value='WyJbXSIsIjZjYjA2NzIzM2IxOWViNzNmZmVmMTBjMGNkMWQzMzdhIl0=' \/>\n            <input type='hidden' class='gform_hidden' name='gform_target_page_number_2' id='gform_target_page_number_2' value='0' \/>\n            <input type='hidden' class='gform_hidden' name='gform_source_page_number_2' id='gform_source_page_number_2' value='1' \/>\n            <input type='hidden' name='gform_field_values' value='' \/>\n            \n        <\/div>\n                        <\/form>\n                        <\/div><script type='text\/javascript'> jQuery(document).bind('gform_post_render', function(event, formId, currentPage){if(formId == 2) {} } );jQuery(document).bind('gform_post_conditional_logic', function(event, formId, fields, isInit){} );<\/script><script type='text\/javascript'> jQuery(document).ready(function(){jQuery(document).trigger('gform_post_render', [2, 1]) } ); <\/script>\n","protected":false},"excerpt":{"rendered":"<p>B\u1ea1n c\u00f3 th\u1eafc m\u1eafc, y\u00eau c\u1ea7u \u0111\u1eb7c bi\u1ec7t hay mu\u1ed1n l\u00ean k\u1ebf ho\u1ea1ch cho k\u1ef3 ngh\u1ec9? \u0110\u1ed9i ng\u0169 Sen Village H\u1ed9i An lu\u00f4n s\u1eb5n s\u00e0ng h\u1ed7 tr\u1ee3 b\u1ea1n. D\u00f9 l\u00e0 \u0111\u1eb7t ph\u00f2ng, s\u1eafp x\u1ebfp ph\u01b0\u01a1ng ti\u1ec7n di chuy\u1ec3n hay t\u00ecm ki\u1ebfm g\u1ee3i \u00fd tr\u1ea3i nghi\u1ec7m \u0111\u1ecba ph\u01b0\u01a1ng, ch\u00fang t\u00f4i ch\u1ec9 c\u00e1ch b\u1ea1n m\u1ed9t cu\u1ed9c g\u1ecdi [&hellip;]<\/p>\n","protected":false},"author":8,"featured_media":0,"parent":0,"menu_order":0,"comment_status":"closed","ping_status":"closed","template":"template-contacts.php","meta":{"footnotes":""},"yoast_head":"<!-- This site is optimized with the Yoast SEO plugin v22.3 - https:\/\/yoast.com\/wordpress\/plugins\/seo\/ -->\n<title>Li\u00ean h\u1ec7 v\u1edbi ch\u00fang t\u00f4i - Sen Village Hoi An<\/title>\n<meta name=\"robots\" content=\"index, follow, max-snippet:-1, max-image-preview:large, max-video-preview:-1\" \/>\n<link rel=\"canonical\" href=\"https:\/\/www.senvillagehoian.com\/vi\/contact-us\/\" \/>\n<meta property=\"og:locale\" content=\"vi_VN\" \/>\n<meta property=\"og:type\" content=\"article\" \/>\n<meta property=\"og:title\" content=\"Li\u00ean h\u1ec7 v\u1edbi ch\u00fang t\u00f4i - Sen Village Hoi An\" \/>\n<meta property=\"og:description\" content=\"B\u1ea1n c\u00f3 th\u1eafc m\u1eafc, y\u00eau c\u1ea7u \u0111\u1eb7c bi\u1ec7t hay mu\u1ed1n l\u00ean k\u1ebf ho\u1ea1ch cho k\u1ef3 ngh\u1ec9? \u0110\u1ed9i ng\u0169 Sen Village H\u1ed9i An lu\u00f4n s\u1eb5n s\u00e0ng h\u1ed7 tr\u1ee3 b\u1ea1n. D\u00f9 l\u00e0 \u0111\u1eb7t ph\u00f2ng, s\u1eafp x\u1ebfp ph\u01b0\u01a1ng ti\u1ec7n di chuy\u1ec3n hay t\u00ecm ki\u1ebfm g\u1ee3i \u00fd tr\u1ea3i nghi\u1ec7m \u0111\u1ecba ph\u01b0\u01a1ng, ch\u00fang t\u00f4i ch\u1ec9 c\u00e1ch b\u1ea1n m\u1ed9t cu\u1ed9c g\u1ecdi [&hellip;]\" \/>\n<meta property=\"og:url\" content=\"https:\/\/www.senvillagehoian.com\/vi\/contact-us\/\" \/>\n<meta property=\"og:site_name\" content=\"Sen Village Hoi An\" \/>\n<meta property=\"article:modified_time\" content=\"2025-12-02T09:38:32+00:00\" \/>\n<meta name=\"twitter:card\" content=\"summary_large_image\" \/>\n<meta name=\"twitter:label1\" content=\"Est. reading time\" \/>\n\t<meta name=\"twitter:data1\" content=\"1 minute\" \/>\n<script type=\"application\/ld+json\" class=\"yoast-schema-graph\">{\"@context\":\"https:\/\/schema.org\",\"@graph\":[{\"@type\":\"WebPage\",\"@id\":\"https:\/\/www.senvillagehoian.com\/vi\/contact-us\/\",\"url\":\"https:\/\/www.senvillagehoian.com\/vi\/contact-us\/\",\"name\":\"Li\u00ean h\u1ec7 v\u1edbi ch\u00fang t\u00f4i - Sen Village Hoi An\",\"isPartOf\":{\"@id\":\"https:\/\/www.senvillagehoian.com\/vi\/#website\"},\"datePublished\":\"2025-10-30T08:12:26+00:00\",\"dateModified\":\"2025-12-02T09:38:32+00:00\",\"breadcrumb\":{\"@id\":\"https:\/\/www.senvillagehoian.com\/vi\/contact-us\/#breadcrumb\"},\"inLanguage\":\"vi-VN\",\"potentialAction\":[{\"@type\":\"ReadAction\",\"target\":[\"https:\/\/www.senvillagehoian.com\/vi\/contact-us\/\"]}]},{\"@type\":\"BreadcrumbList\",\"@id\":\"https:\/\/www.senvillagehoian.com\/vi\/contact-us\/#breadcrumb\",\"itemListElement\":[{\"@type\":\"ListItem\",\"position\":1,\"name\":\"Home\",\"item\":\"https:\/\/www.senvillagehoian.com\/vi\/\"},{\"@type\":\"ListItem\",\"position\":2,\"name\":\"Li\u00ean h\u1ec7 v\u1edbi ch\u00fang t\u00f4i\"}]},{\"@type\":\"WebSite\",\"@id\":\"https:\/\/www.senvillagehoian.com\/vi\/#website\",\"url\":\"https:\/\/www.senvillagehoian.com\/vi\/\",\"name\":\"Sen Village Hoi An\",\"description\":\"\",\"potentialAction\":[{\"@type\":\"SearchAction\",\"target\":{\"@type\":\"EntryPoint\",\"urlTemplate\":\"https:\/\/www.senvillagehoian.com\/vi\/?s={search_term_string}\"},\"query-input\":\"required name=search_term_string\"}],\"inLanguage\":\"vi-VN\"}]}<\/script>\n<!-- \/ Yoast SEO plugin. -->","yoast_head_json":{"title":"Li\u00ean h\u1ec7 v\u1edbi ch\u00fang t\u00f4i - Sen Village Hoi An","robots":{"index":"index","follow":"follow","max-snippet":"max-snippet:-1","max-image-preview":"max-image-preview:large","max-video-preview":"max-video-preview:-1"},"canonical":"https:\/\/www.senvillagehoian.com\/vi\/contact-us\/","og_locale":"vi_VN","og_type":"article","og_title":"Li\u00ean h\u1ec7 v\u1edbi ch\u00fang t\u00f4i - Sen Village Hoi An","og_description":"B\u1ea1n c\u00f3 th\u1eafc m\u1eafc, y\u00eau c\u1ea7u \u0111\u1eb7c bi\u1ec7t hay mu\u1ed1n l\u00ean k\u1ebf ho\u1ea1ch cho k\u1ef3 ngh\u1ec9? \u0110\u1ed9i ng\u0169 Sen Village H\u1ed9i An lu\u00f4n s\u1eb5n s\u00e0ng h\u1ed7 tr\u1ee3 b\u1ea1n. D\u00f9 l\u00e0 \u0111\u1eb7t ph\u00f2ng, s\u1eafp x\u1ebfp ph\u01b0\u01a1ng ti\u1ec7n di chuy\u1ec3n hay t\u00ecm ki\u1ebfm g\u1ee3i \u00fd tr\u1ea3i nghi\u1ec7m \u0111\u1ecba ph\u01b0\u01a1ng, ch\u00fang t\u00f4i ch\u1ec9 c\u00e1ch b\u1ea1n m\u1ed9t cu\u1ed9c g\u1ecdi [&hellip;]","og_url":"https:\/\/www.senvillagehoian.com\/vi\/contact-us\/","og_site_name":"Sen Village Hoi An","article_modified_time":"2025-12-02T09:38:32+00:00","twitter_card":"summary_large_image","twitter_misc":{"Est. reading time":"1 minute"},"schema":{"@context":"https:\/\/schema.org","@graph":[{"@type":"WebPage","@id":"https:\/\/www.senvillagehoian.com\/vi\/contact-us\/","url":"https:\/\/www.senvillagehoian.com\/vi\/contact-us\/","name":"Li\u00ean h\u1ec7 v\u1edbi ch\u00fang t\u00f4i - Sen Village Hoi An","isPartOf":{"@id":"https:\/\/www.senvillagehoian.com\/vi\/#website"},"datePublished":"2025-10-30T08:12:26+00:00","dateModified":"2025-12-02T09:38:32+00:00","breadcrumb":{"@id":"https:\/\/www.senvillagehoian.com\/vi\/contact-us\/#breadcrumb"},"inLanguage":"vi-VN","potentialAction":[{"@type":"ReadAction","target":["https:\/\/www.senvillagehoian.com\/vi\/contact-us\/"]}]},{"@type":"BreadcrumbList","@id":"https:\/\/www.senvillagehoian.com\/vi\/contact-us\/#breadcrumb","itemListElement":[{"@type":"ListItem","position":1,"name":"Home","item":"https:\/\/www.senvillagehoian.com\/vi\/"},{"@type":"ListItem","position":2,"name":"Li\u00ean h\u1ec7 v\u1edbi ch\u00fang t\u00f4i"}]},{"@type":"WebSite","@id":"https:\/\/www.senvillagehoian.com\/vi\/#website","url":"https:\/\/www.senvillagehoian.com\/vi\/","name":"Sen Village Hoi An","description":"","potentialAction":[{"@type":"SearchAction","target":{"@type":"EntryPoint","urlTemplate":"https:\/\/www.senvillagehoian.com\/vi\/?s={search_term_string}"},"query-input":"required name=search_term_string"}],"inLanguage":"vi-VN"}]}},"acf":[],"_links":{"self":[{"href":"https:\/\/www.senvillagehoian.com\/vi\/wp-json\/wp\/v2\/pages\/177"}],"collection":[{"href":"https:\/\/www.senvillagehoian.com\/vi\/wp-json\/wp\/v2\/pages"}],"about":[{"href":"https:\/\/www.senvillagehoian.com\/vi\/wp-json\/wp\/v2\/types\/page"}],"author":[{"embeddable":true,"href":"https:\/\/www.senvillagehoian.com\/vi\/wp-json\/wp\/v2\/users\/8"}],"replies":[{"embeddable":true,"href":"https:\/\/www.senvillagehoian.com\/vi\/wp-json\/wp\/v2\/comments?post=177"}],"version-history":[{"count":0,"href":"https:\/\/www.senvillagehoian.com\/vi\/wp-json\/wp\/v2\/pages\/177\/revisions"}],"wp:attachment":[{"href":"https:\/\/www.senvillagehoian.com\/vi\/wp-json\/wp\/v2\/media?parent=177"}],"curies":[{"name":"wp","href":"https:\/\/api.w.org\/{rel}","templated":true}]}}