{"id":178,"date":"2025-10-30T08:18:48","date_gmt":"2025-10-30T08:18:48","guid":{"rendered":"https:\/\/senvillagehoian.ms2.decms.asia\/legal-notice\/"},"modified":"2025-11-03T08:12:18","modified_gmt":"2025-11-03T08:12:18","slug":"legal-notice","status":"publish","type":"page","link":"https:\/\/www.senvillagehoian.com\/vi\/legal-notice\/","title":{"rendered":"Th\u00f4ng b\u00e1o ph\u00e1p l\u00fd"},"content":{"rendered":"<p>C\u00d4NG TY C\u1ed4 PH\u1ea6N DU L\u1ecaCH D\u1ecaCH V\u1ee4 MINH TH\u1ea2O<br \/>\n\u2022 M\u00e3 s\u1ed1 doanh nghi\u1ec7p: 4000364445<br \/>\n\u2022 \u0110\u0103ng k\u00fd l\u1ea7n \u0111\u1ea7u ng\u00e0y: 14 th\u00e1ng 12 n\u0103m 2001<br \/>\n\u2022 \u0110\u01a1n v\u1ecb c\u1ea5p: Ph\u00f2ng \u0110\u0103ng k\u00fd kinh doanh \u2013 S\u1edf K\u1ebf ho\u1ea1ch v\u00e0 \u0110\u1ea7u t\u01b0 t\u1ec9nh Qu\u1ea3ng Nam<br \/>\n\u2022 \u0110\u1ecba ch\u1ec9 tr\u1ee5 s\u1edf doanh nghi\u1ec7p: 488 C\u1eeda \u0110\u1ea1i, H\u1ed9i An \u0110\u00f4ng, \u0110\u00e0 N\u1eb5ng, Vi\u1ec7t Nam<\/p>\n","protected":false},"excerpt":{"rendered":"<p>C\u00d4NG TY C\u1ed4 PH\u1ea6N DU L\u1ecaCH D\u1ecaCH V\u1ee4 MINH TH\u1ea2O \u2022 M\u00e3 s\u1ed1 doanh nghi\u1ec7p: 4000364445 \u2022 \u0110\u0103ng k\u00fd l\u1ea7n \u0111\u1ea7u ng\u00e0y: 14 th\u00e1ng 12 n\u0103m 2001 \u2022 \u0110\u01a1n v\u1ecb c\u1ea5p: Ph\u00f2ng \u0110\u0103ng k\u00fd kinh doanh \u2013 S\u1edf K\u1ebf ho\u1ea1ch v\u00e0 \u0110\u1ea7u t\u01b0 t\u1ec9nh Qu\u1ea3ng Nam \u2022 \u0110\u1ecba ch\u1ec9 tr\u1ee5 s\u1edf doanh nghi\u1ec7p: 488 C\u1eeda [&hellip;]<\/p>\n","protected":false},"author":8,"featured_media":0,"parent":0,"menu_order":0,"comment_status":"closed","ping_status":"closed","template":"","meta":{"footnotes":""},"yoast_head":"<!-- This site is optimized with the Yoast SEO plugin v22.3 - https:\/\/yoast.com\/wordpress\/plugins\/seo\/ -->\n<title>Th\u00f4ng b\u00e1o ph\u00e1p l\u00fd - Sen Village Hoi An<\/title>\n<meta name=\"robots\" content=\"index, follow, max-snippet:-1, max-image-preview:large, max-video-preview:-1\" \/>\n<link rel=\"canonical\" href=\"https:\/\/www.senvillagehoian.com\/vi\/legal-notice\/\" \/>\n<meta property=\"og:locale\" content=\"vi_VN\" \/>\n<meta property=\"og:type\" content=\"article\" \/>\n<meta property=\"og:title\" content=\"Th\u00f4ng b\u00e1o ph\u00e1p l\u00fd - Sen Village Hoi An\" \/>\n<meta property=\"og:description\" content=\"C\u00d4NG TY C\u1ed4 PH\u1ea6N DU L\u1ecaCH D\u1ecaCH V\u1ee4 MINH TH\u1ea2O \u2022 M\u00e3 s\u1ed1 doanh nghi\u1ec7p: 4000364445 \u2022 \u0110\u0103ng k\u00fd l\u1ea7n \u0111\u1ea7u ng\u00e0y: 14 th\u00e1ng 12 n\u0103m 2001 \u2022 \u0110\u01a1n v\u1ecb c\u1ea5p: Ph\u00f2ng \u0110\u0103ng k\u00fd kinh doanh \u2013 S\u1edf K\u1ebf ho\u1ea1ch v\u00e0 \u0110\u1ea7u t\u01b0 t\u1ec9nh Qu\u1ea3ng Nam \u2022 \u0110\u1ecba ch\u1ec9 tr\u1ee5 s\u1edf doanh nghi\u1ec7p: 488 C\u1eeda [&hellip;]\" \/>\n<meta property=\"og:url\" content=\"https:\/\/www.senvillagehoian.com\/vi\/legal-notice\/\" \/>\n<meta property=\"og:site_name\" content=\"Sen Village Hoi An\" \/>\n<meta property=\"article:modified_time\" content=\"2025-11-03T08:12:18+00:00\" \/>\n<meta name=\"twitter:card\" content=\"summary_large_image\" \/>\n<meta name=\"twitter:label1\" content=\"Est. reading time\" \/>\n\t<meta name=\"twitter:data1\" content=\"1 minute\" \/>\n<script type=\"application\/ld+json\" class=\"yoast-schema-graph\">{\"@context\":\"https:\/\/schema.org\",\"@graph\":[{\"@type\":\"WebPage\",\"@id\":\"https:\/\/www.senvillagehoian.com\/vi\/legal-notice\/\",\"url\":\"https:\/\/www.senvillagehoian.com\/vi\/legal-notice\/\",\"name\":\"Th\u00f4ng b\u00e1o ph\u00e1p l\u00fd - Sen Village Hoi An\",\"isPartOf\":{\"@id\":\"https:\/\/www.senvillagehoian.com\/vi\/#website\"},\"datePublished\":\"2025-10-30T08:18:48+00:00\",\"dateModified\":\"2025-11-03T08:12:18+00:00\",\"breadcrumb\":{\"@id\":\"https:\/\/www.senvillagehoian.com\/vi\/legal-notice\/#breadcrumb\"},\"inLanguage\":\"vi-VN\",\"potentialAction\":[{\"@type\":\"ReadAction\",\"target\":[\"https:\/\/www.senvillagehoian.com\/vi\/legal-notice\/\"]}]},{\"@type\":\"BreadcrumbList\",\"@id\":\"https:\/\/www.senvillagehoian.com\/vi\/legal-notice\/#breadcrumb\",\"itemListElement\":[{\"@type\":\"ListItem\",\"position\":1,\"name\":\"Home\",\"item\":\"https:\/\/www.senvillagehoian.com\/vi\/\"},{\"@type\":\"ListItem\",\"position\":2,\"name\":\"Th\u00f4ng b\u00e1o ph\u00e1p l\u00fd\"}]},{\"@type\":\"WebSite\",\"@id\":\"https:\/\/www.senvillagehoian.com\/vi\/#website\",\"url\":\"https:\/\/www.senvillagehoian.com\/vi\/\",\"name\":\"Sen Village Hoi An\",\"description\":\"\",\"potentialAction\":[{\"@type\":\"SearchAction\",\"target\":{\"@type\":\"EntryPoint\",\"urlTemplate\":\"https:\/\/www.senvillagehoian.com\/vi\/?s={search_term_string}\"},\"query-input\":\"required name=search_term_string\"}],\"inLanguage\":\"vi-VN\"}]}<\/script>\n<!-- \/ Yoast SEO plugin. -->","yoast_head_json":{"title":"Th\u00f4ng b\u00e1o ph\u00e1p l\u00fd - Sen Village Hoi An","robots":{"index":"index","follow":"follow","max-snippet":"max-snippet:-1","max-image-preview":"max-image-preview:large","max-video-preview":"max-video-preview:-1"},"canonical":"https:\/\/www.senvillagehoian.com\/vi\/legal-notice\/","og_locale":"vi_VN","og_type":"article","og_title":"Th\u00f4ng b\u00e1o ph\u00e1p l\u00fd - Sen Village Hoi An","og_description":"C\u00d4NG TY C\u1ed4 PH\u1ea6N DU L\u1ecaCH D\u1ecaCH V\u1ee4 MINH TH\u1ea2O \u2022 M\u00e3 s\u1ed1 doanh nghi\u1ec7p: 4000364445 \u2022 \u0110\u0103ng k\u00fd l\u1ea7n \u0111\u1ea7u ng\u00e0y: 14 th\u00e1ng 12 n\u0103m 2001 \u2022 \u0110\u01a1n v\u1ecb c\u1ea5p: Ph\u00f2ng \u0110\u0103ng k\u00fd kinh doanh \u2013 S\u1edf K\u1ebf ho\u1ea1ch v\u00e0 \u0110\u1ea7u t\u01b0 t\u1ec9nh Qu\u1ea3ng Nam \u2022 \u0110\u1ecba ch\u1ec9 tr\u1ee5 s\u1edf doanh nghi\u1ec7p: 488 C\u1eeda [&hellip;]","og_url":"https:\/\/www.senvillagehoian.com\/vi\/legal-notice\/","og_site_name":"Sen Village Hoi An","article_modified_time":"2025-11-03T08:12:18+00:00","twitter_card":"summary_large_image","twitter_misc":{"Est. reading time":"1 minute"},"schema":{"@context":"https:\/\/schema.org","@graph":[{"@type":"WebPage","@id":"https:\/\/www.senvillagehoian.com\/vi\/legal-notice\/","url":"https:\/\/www.senvillagehoian.com\/vi\/legal-notice\/","name":"Th\u00f4ng b\u00e1o ph\u00e1p l\u00fd - Sen Village Hoi An","isPartOf":{"@id":"https:\/\/www.senvillagehoian.com\/vi\/#website"},"datePublished":"2025-10-30T08:18:48+00:00","dateModified":"2025-11-03T08:12:18+00:00","breadcrumb":{"@id":"https:\/\/www.senvillagehoian.com\/vi\/legal-notice\/#breadcrumb"},"inLanguage":"vi-VN","potentialAction":[{"@type":"ReadAction","target":["https:\/\/www.senvillagehoian.com\/vi\/legal-notice\/"]}]},{"@type":"BreadcrumbList","@id":"https:\/\/www.senvillagehoian.com\/vi\/legal-notice\/#breadcrumb","itemListElement":[{"@type":"ListItem","position":1,"name":"Home","item":"https:\/\/www.senvillagehoian.com\/vi\/"},{"@type":"ListItem","position":2,"name":"Th\u00f4ng b\u00e1o ph\u00e1p l\u00fd"}]},{"@type":"WebSite","@id":"https:\/\/www.senvillagehoian.com\/vi\/#website","url":"https:\/\/www.senvillagehoian.com\/vi\/","name":"Sen Village Hoi An","description":"","potentialAction":[{"@type":"SearchAction","target":{"@type":"EntryPoint","urlTemplate":"https:\/\/www.senvillagehoian.com\/vi\/?s={search_term_string}"},"query-input":"required name=search_term_string"}],"inLanguage":"vi-VN"}]}},"acf":[],"_links":{"self":[{"href":"https:\/\/www.senvillagehoian.com\/vi\/wp-json\/wp\/v2\/pages\/178"}],"collection":[{"href":"https:\/\/www.senvillagehoian.com\/vi\/wp-json\/wp\/v2\/pages"}],"about":[{"href":"https:\/\/www.senvillagehoian.com\/vi\/wp-json\/wp\/v2\/types\/page"}],"author":[{"embeddable":true,"href":"https:\/\/www.senvillagehoian.com\/vi\/wp-json\/wp\/v2\/users\/8"}],"replies":[{"embeddable":true,"href":"https:\/\/www.senvillagehoian.com\/vi\/wp-json\/wp\/v2\/comments?post=178"}],"version-history":[{"count":0,"href":"https:\/\/www.senvillagehoian.com\/vi\/wp-json\/wp\/v2\/pages\/178\/revisions"}],"wp:attachment":[{"href":"https:\/\/www.senvillagehoian.com\/vi\/wp-json\/wp\/v2\/media?parent=178"}],"curies":[{"name":"wp","href":"https:\/\/api.w.org\/{rel}","templated":true}]}}