{"id":216,"date":"2025-11-26T07:02:18","date_gmt":"2025-11-26T07:02:18","guid":{"rendered":"https:\/\/senvillagehoian.ms2.decms.asia\/?page_id=216"},"modified":"2026-03-23T02:59:26","modified_gmt":"2026-03-23T02:59:26","slug":"flow-bistro","status":"publish","type":"page","link":"https:\/\/www.senvillagehoian.com\/vi\/dining\/flow-bistro\/","title":{"rendered":"Flow Bistro"},"content":{"rendered":"<p>C\u00e1ch t\u00e2n theo nh\u1eefng \u1ea5n t\u01b0\u1ee3ng v\u1ec1 qu\u00e1n caf\u00e9 t\u1ea1i v\u00f9ng \u0111\u1ea5t H\u1ed9i An. Gh\u00e9 th\u0103m caf\u00e9 s\u00e1ng hay \u0103n v\u1eb7t v\u1edbi nh\u1eefng m\u00f3n ngon \u0111\u1ecba ph\u01b0\u01a1ng.<\/p>\n<p><strong>V\u1ecb tr\u00ed:<\/strong> T\u1ea7ng Tr\u1ec7t<\/p>\n","protected":false},"excerpt":{"rendered":"<p>C\u00e1ch t\u00e2n theo nh\u1eefng \u1ea5n t\u01b0\u1ee3ng v\u1ec1 qu\u00e1n caf\u00e9 t\u1ea1i v\u00f9ng \u0111\u1ea5t H\u1ed9i An. Gh\u00e9 th\u0103m caf\u00e9 s\u00e1ng hay \u0103n v\u1eb7t v\u1edbi nh\u1eefng m\u00f3n ngon \u0111\u1ecba ph\u01b0\u01a1ng. V\u1ecb tr\u00ed: T\u1ea7ng Tr\u1ec7t<\/p>\n","protected":false},"author":90,"featured_media":0,"parent":166,"menu_order":1,"comment_status":"closed","ping_status":"closed","template":"template-single-restaurant.php","meta":{"footnotes":""},"yoast_head":"<!-- This site is optimized with the Yoast SEO plugin v22.3 - https:\/\/yoast.com\/wordpress\/plugins\/seo\/ -->\n<title>Flow Bistro - Sen Village Hoi An<\/title>\n<meta name=\"robots\" content=\"index, follow, max-snippet:-1, max-image-preview:large, max-video-preview:-1\" \/>\n<link rel=\"canonical\" href=\"https:\/\/www.senvillagehoian.com\/vi\/dining\/flow-bistro\/\" \/>\n<meta property=\"og:locale\" content=\"vi_VN\" \/>\n<meta property=\"og:type\" content=\"article\" \/>\n<meta property=\"og:title\" content=\"Flow Bistro - Sen Village Hoi An\" \/>\n<meta property=\"og:description\" content=\"C\u00e1ch t\u00e2n theo nh\u1eefng \u1ea5n t\u01b0\u1ee3ng v\u1ec1 qu\u00e1n caf\u00e9 t\u1ea1i v\u00f9ng \u0111\u1ea5t H\u1ed9i An. Gh\u00e9 th\u0103m caf\u00e9 s\u00e1ng hay \u0103n v\u1eb7t v\u1edbi nh\u1eefng m\u00f3n ngon \u0111\u1ecba ph\u01b0\u01a1ng. V\u1ecb tr\u00ed: T\u1ea7ng Tr\u1ec7t\" \/>\n<meta property=\"og:url\" content=\"https:\/\/www.senvillagehoian.com\/vi\/dining\/flow-bistro\/\" \/>\n<meta property=\"og:site_name\" content=\"Sen Village Hoi An\" \/>\n<meta property=\"article:modified_time\" content=\"2026-03-23T02:59:26+00:00\" \/>\n<meta name=\"twitter:card\" content=\"summary_large_image\" \/>\n<meta name=\"twitter:label1\" content=\"Est. reading time\" \/>\n\t<meta name=\"twitter:data1\" content=\"1 minute\" \/>\n<script type=\"application\/ld+json\" class=\"yoast-schema-graph\">{\"@context\":\"https:\/\/schema.org\",\"@graph\":[{\"@type\":\"WebPage\",\"@id\":\"https:\/\/www.senvillagehoian.com\/vi\/dining\/flow-bistro\/\",\"url\":\"https:\/\/www.senvillagehoian.com\/vi\/dining\/flow-bistro\/\",\"name\":\"Flow Bistro - Sen Village Hoi An\",\"isPartOf\":{\"@id\":\"https:\/\/www.senvillagehoian.com\/vi\/#website\"},\"datePublished\":\"2025-11-26T07:02:18+00:00\",\"dateModified\":\"2026-03-23T02:59:26+00:00\",\"breadcrumb\":{\"@id\":\"https:\/\/www.senvillagehoian.com\/vi\/dining\/flow-bistro\/#breadcrumb\"},\"inLanguage\":\"vi-VN\",\"potentialAction\":[{\"@type\":\"ReadAction\",\"target\":[\"https:\/\/www.senvillagehoian.com\/vi\/dining\/flow-bistro\/\"]}]},{\"@type\":\"BreadcrumbList\",\"@id\":\"https:\/\/www.senvillagehoian.com\/vi\/dining\/flow-bistro\/#breadcrumb\",\"itemListElement\":[{\"@type\":\"ListItem\",\"position\":1,\"name\":\"Home\",\"item\":\"https:\/\/www.senvillagehoian.com\/vi\/\"},{\"@type\":\"ListItem\",\"position\":2,\"name\":\"Dining\",\"item\":\"https:\/\/www.senvillagehoian.com\/vi\/dining\/\"},{\"@type\":\"ListItem\",\"position\":3,\"name\":\"Flow Bistro\"}]},{\"@type\":\"WebSite\",\"@id\":\"https:\/\/www.senvillagehoian.com\/vi\/#website\",\"url\":\"https:\/\/www.senvillagehoian.com\/vi\/\",\"name\":\"Sen Village Hoi An\",\"description\":\"\",\"potentialAction\":[{\"@type\":\"SearchAction\",\"target\":{\"@type\":\"EntryPoint\",\"urlTemplate\":\"https:\/\/www.senvillagehoian.com\/vi\/?s={search_term_string}\"},\"query-input\":\"required name=search_term_string\"}],\"inLanguage\":\"vi-VN\"}]}<\/script>\n<!-- \/ Yoast SEO plugin. -->","yoast_head_json":{"title":"Flow Bistro - Sen Village Hoi An","robots":{"index":"index","follow":"follow","max-snippet":"max-snippet:-1","max-image-preview":"max-image-preview:large","max-video-preview":"max-video-preview:-1"},"canonical":"https:\/\/www.senvillagehoian.com\/vi\/dining\/flow-bistro\/","og_locale":"vi_VN","og_type":"article","og_title":"Flow Bistro - Sen Village Hoi An","og_description":"C\u00e1ch t\u00e2n theo nh\u1eefng \u1ea5n t\u01b0\u1ee3ng v\u1ec1 qu\u00e1n caf\u00e9 t\u1ea1i v\u00f9ng \u0111\u1ea5t H\u1ed9i An. Gh\u00e9 th\u0103m caf\u00e9 s\u00e1ng hay \u0103n v\u1eb7t v\u1edbi nh\u1eefng m\u00f3n ngon \u0111\u1ecba ph\u01b0\u01a1ng. V\u1ecb tr\u00ed: T\u1ea7ng Tr\u1ec7t","og_url":"https:\/\/www.senvillagehoian.com\/vi\/dining\/flow-bistro\/","og_site_name":"Sen Village Hoi An","article_modified_time":"2026-03-23T02:59:26+00:00","twitter_card":"summary_large_image","twitter_misc":{"Est. reading time":"1 minute"},"schema":{"@context":"https:\/\/schema.org","@graph":[{"@type":"WebPage","@id":"https:\/\/www.senvillagehoian.com\/vi\/dining\/flow-bistro\/","url":"https:\/\/www.senvillagehoian.com\/vi\/dining\/flow-bistro\/","name":"Flow Bistro - Sen Village Hoi An","isPartOf":{"@id":"https:\/\/www.senvillagehoian.com\/vi\/#website"},"datePublished":"2025-11-26T07:02:18+00:00","dateModified":"2026-03-23T02:59:26+00:00","breadcrumb":{"@id":"https:\/\/www.senvillagehoian.com\/vi\/dining\/flow-bistro\/#breadcrumb"},"inLanguage":"vi-VN","potentialAction":[{"@type":"ReadAction","target":["https:\/\/www.senvillagehoian.com\/vi\/dining\/flow-bistro\/"]}]},{"@type":"BreadcrumbList","@id":"https:\/\/www.senvillagehoian.com\/vi\/dining\/flow-bistro\/#breadcrumb","itemListElement":[{"@type":"ListItem","position":1,"name":"Home","item":"https:\/\/www.senvillagehoian.com\/vi\/"},{"@type":"ListItem","position":2,"name":"Dining","item":"https:\/\/www.senvillagehoian.com\/vi\/dining\/"},{"@type":"ListItem","position":3,"name":"Flow Bistro"}]},{"@type":"WebSite","@id":"https:\/\/www.senvillagehoian.com\/vi\/#website","url":"https:\/\/www.senvillagehoian.com\/vi\/","name":"Sen Village Hoi An","description":"","potentialAction":[{"@type":"SearchAction","target":{"@type":"EntryPoint","urlTemplate":"https:\/\/www.senvillagehoian.com\/vi\/?s={search_term_string}"},"query-input":"required name=search_term_string"}],"inLanguage":"vi-VN"}]}},"acf":[],"_links":{"self":[{"href":"https:\/\/www.senvillagehoian.com\/vi\/wp-json\/wp\/v2\/pages\/216"}],"collection":[{"href":"https:\/\/www.senvillagehoian.com\/vi\/wp-json\/wp\/v2\/pages"}],"about":[{"href":"https:\/\/www.senvillagehoian.com\/vi\/wp-json\/wp\/v2\/types\/page"}],"author":[{"embeddable":true,"href":"https:\/\/www.senvillagehoian.com\/vi\/wp-json\/wp\/v2\/users\/90"}],"replies":[{"embeddable":true,"href":"https:\/\/www.senvillagehoian.com\/vi\/wp-json\/wp\/v2\/comments?post=216"}],"version-history":[{"count":0,"href":"https:\/\/www.senvillagehoian.com\/vi\/wp-json\/wp\/v2\/pages\/216\/revisions"}],"up":[{"embeddable":true,"href":"https:\/\/www.senvillagehoian.com\/vi\/wp-json\/wp\/v2\/pages\/166"}],"wp:attachment":[{"href":"https:\/\/www.senvillagehoian.com\/vi\/wp-json\/wp\/v2\/media?parent=216"}],"curies":[{"name":"wp","href":"https:\/\/api.w.org\/{rel}","templated":true}]}}