{"id":287,"date":"2026-01-07T07:25:03","date_gmt":"2026-01-07T07:25:03","guid":{"rendered":"https:\/\/www.senvillagehoian.com\/?page_id=287"},"modified":"2026-05-11T03:03:33","modified_gmt":"2026-05-11T03:03:33","slug":"deluxe-pool-balcony","status":"publish","type":"page","link":"https:\/\/www.senvillagehoian.com\/vi\/accommodation\/deluxe-pool-balcony\/","title":{"rendered":"Deluxe Pool View Balcony"},"content":{"rendered":"<p>Tho\u00e1ng thay \u0111\u1ed5i v\u1edbi khung c\u1ea3nh h\u1ed3 b\u01a1i tho\u00e1ng m\u00e1t v\u00e0 khu v\u01b0\u1eddn t\u01b0\u01a1i xanh s\u1ebd \u0111\u1ee7 tr\u1edf th\u00e0nh c\u1ea3m x\u00fac l\u00f4i cu\u1ed1n d\u1ecbu \u00eam n\u01a1i con gi\u00f3 nh\u1eb9 nh\u00e0ng l\u00f9a qua c\u00e1nh c\u1eeda t\u1eeb h\u1ed3 sen v\u00e0 h\u1ed3 b\u01a1i t\u1ea1o n\u00ean s\u1ef1 \u0111\u1eb7c bi\u1ec7t cho k\u00ec ngh\u1ec9 d\u01b0\u1ee1ng.<\/p>\n","protected":false},"excerpt":{"rendered":"<p>Tho\u00e1ng thay \u0111\u1ed5i v\u1edbi khung c\u1ea3nh h\u1ed3 b\u01a1i tho\u00e1ng m\u00e1t v\u00e0 khu v\u01b0\u1eddn t\u01b0\u01a1i xanh s\u1ebd \u0111\u1ee7 tr\u1edf th\u00e0nh c\u1ea3m x\u00fac l\u00f4i cu\u1ed1n d\u1ecbu \u00eam n\u01a1i con gi\u00f3 nh\u1eb9 nh\u00e0ng l\u00f9a qua c\u00e1nh c\u1eeda t\u1eeb h\u1ed3 sen v\u00e0 h\u1ed3 b\u01a1i t\u1ea1o n\u00ean s\u1ef1 \u0111\u1eb7c bi\u1ec7t cho k\u00ec ngh\u1ec9 d\u01b0\u1ee1ng.<\/p>\n","protected":false},"author":251,"featured_media":388,"parent":153,"menu_order":1,"comment_status":"closed","ping_status":"closed","template":"template-single-room.php","meta":{"footnotes":""},"yoast_head":"<!-- This site is optimized with the Yoast SEO plugin v22.3 - https:\/\/yoast.com\/wordpress\/plugins\/seo\/ -->\n<title>Deluxe Pool View Balcony - Sen Village Hoi An<\/title>\n<meta name=\"robots\" content=\"index, follow, max-snippet:-1, max-image-preview:large, max-video-preview:-1\" \/>\n<link rel=\"canonical\" href=\"https:\/\/www.senvillagehoian.com\/vi\/accommodation\/deluxe-pool-balcony\/\" \/>\n<meta property=\"og:locale\" content=\"vi_VN\" \/>\n<meta property=\"og:type\" content=\"article\" \/>\n<meta property=\"og:title\" content=\"Deluxe Pool View Balcony - Sen Village Hoi An\" \/>\n<meta property=\"og:description\" content=\"Tho\u00e1ng thay \u0111\u1ed5i v\u1edbi khung c\u1ea3nh h\u1ed3 b\u01a1i tho\u00e1ng m\u00e1t v\u00e0 khu v\u01b0\u1eddn t\u01b0\u01a1i xanh s\u1ebd \u0111\u1ee7 tr\u1edf th\u00e0nh c\u1ea3m x\u00fac l\u00f4i cu\u1ed1n d\u1ecbu \u00eam n\u01a1i con gi\u00f3 nh\u1eb9 nh\u00e0ng l\u00f9a qua c\u00e1nh c\u1eeda t\u1eeb h\u1ed3 sen v\u00e0 h\u1ed3 b\u01a1i t\u1ea1o n\u00ean s\u1ef1 \u0111\u1eb7c bi\u1ec7t cho k\u00ec ngh\u1ec9 d\u01b0\u1ee1ng.\" \/>\n<meta property=\"og:url\" content=\"https:\/\/www.senvillagehoian.com\/vi\/accommodation\/deluxe-pool-balcony\/\" \/>\n<meta property=\"og:site_name\" content=\"Sen Village Hoi An\" \/>\n<meta property=\"article:modified_time\" content=\"2026-05-11T03:03:33+00:00\" \/>\n<meta property=\"og:image\" content=\"https:\/\/www.senvillagehoian.com\/wp-content\/uploads\/sites\/127\/2026\/03\/1201_Deluxe-Twin-Pool-view-Balcony.jpg\" \/>\n\t<meta property=\"og:image:width\" content=\"2200\" \/>\n\t<meta property=\"og:image:height\" content=\"1650\" \/>\n\t<meta property=\"og:image:type\" content=\"image\/jpeg\" \/>\n<meta name=\"twitter:card\" content=\"summary_large_image\" \/>\n<meta name=\"twitter:label1\" content=\"Est. reading time\" \/>\n\t<meta name=\"twitter:data1\" content=\"1 minute\" \/>\n<script type=\"application\/ld+json\" class=\"yoast-schema-graph\">{\"@context\":\"https:\/\/schema.org\",\"@graph\":[{\"@type\":\"WebPage\",\"@id\":\"https:\/\/www.senvillagehoian.com\/vi\/accommodation\/deluxe-pool-balcony\/\",\"url\":\"https:\/\/www.senvillagehoian.com\/vi\/accommodation\/deluxe-pool-balcony\/\",\"name\":\"Deluxe Pool View Balcony - Sen Village Hoi An\",\"isPartOf\":{\"@id\":\"https:\/\/www.senvillagehoian.com\/vi\/#website\"},\"primaryImageOfPage\":{\"@id\":\"https:\/\/www.senvillagehoian.com\/vi\/accommodation\/deluxe-pool-balcony\/#primaryimage\"},\"image\":{\"@id\":\"https:\/\/www.senvillagehoian.com\/vi\/accommodation\/deluxe-pool-balcony\/#primaryimage\"},\"thumbnailUrl\":\"https:\/\/www.senvillagehoian.com\/wp-content\/uploads\/sites\/127\/2026\/03\/1201_Deluxe-Twin-Pool-view-Balcony.jpg\",\"datePublished\":\"2026-01-07T07:25:03+00:00\",\"dateModified\":\"2026-05-11T03:03:33+00:00\",\"breadcrumb\":{\"@id\":\"https:\/\/www.senvillagehoian.com\/vi\/accommodation\/deluxe-pool-balcony\/#breadcrumb\"},\"inLanguage\":\"vi-VN\",\"potentialAction\":[{\"@type\":\"ReadAction\",\"target\":[\"https:\/\/www.senvillagehoian.com\/vi\/accommodation\/deluxe-pool-balcony\/\"]}]},{\"@type\":\"ImageObject\",\"inLanguage\":\"vi-VN\",\"@id\":\"https:\/\/www.senvillagehoian.com\/vi\/accommodation\/deluxe-pool-balcony\/#primaryimage\",\"url\":\"https:\/\/www.senvillagehoian.com\/wp-content\/uploads\/sites\/127\/2026\/03\/1201_Deluxe-Twin-Pool-view-Balcony.jpg\",\"contentUrl\":\"https:\/\/www.senvillagehoian.com\/wp-content\/uploads\/sites\/127\/2026\/03\/1201_Deluxe-Twin-Pool-view-Balcony.jpg\",\"width\":2200,\"height\":1650},{\"@type\":\"BreadcrumbList\",\"@id\":\"https:\/\/www.senvillagehoian.com\/vi\/accommodation\/deluxe-pool-balcony\/#breadcrumb\",\"itemListElement\":[{\"@type\":\"ListItem\",\"position\":1,\"name\":\"Home\",\"item\":\"https:\/\/www.senvillagehoian.com\/vi\/\"},{\"@type\":\"ListItem\",\"position\":2,\"name\":\"Ph\u00f2ng Ngh\u1ec9\",\"item\":\"https:\/\/www.senvillagehoian.com\/vi\/accommodation\/\"},{\"@type\":\"ListItem\",\"position\":3,\"name\":\"Deluxe Pool View Balcony\"}]},{\"@type\":\"WebSite\",\"@id\":\"https:\/\/www.senvillagehoian.com\/vi\/#website\",\"url\":\"https:\/\/www.senvillagehoian.com\/vi\/\",\"name\":\"Sen Village Hoi An\",\"description\":\"\",\"potentialAction\":[{\"@type\":\"SearchAction\",\"target\":{\"@type\":\"EntryPoint\",\"urlTemplate\":\"https:\/\/www.senvillagehoian.com\/vi\/?s={search_term_string}\"},\"query-input\":\"required name=search_term_string\"}],\"inLanguage\":\"vi-VN\"}]}<\/script>\n<!-- \/ Yoast SEO plugin. -->","yoast_head_json":{"title":"Deluxe Pool View Balcony - Sen Village Hoi An","robots":{"index":"index","follow":"follow","max-snippet":"max-snippet:-1","max-image-preview":"max-image-preview:large","max-video-preview":"max-video-preview:-1"},"canonical":"https:\/\/www.senvillagehoian.com\/vi\/accommodation\/deluxe-pool-balcony\/","og_locale":"vi_VN","og_type":"article","og_title":"Deluxe Pool View Balcony - Sen Village Hoi An","og_description":"Tho\u00e1ng thay \u0111\u1ed5i v\u1edbi khung c\u1ea3nh h\u1ed3 b\u01a1i tho\u00e1ng m\u00e1t v\u00e0 khu v\u01b0\u1eddn t\u01b0\u01a1i xanh s\u1ebd \u0111\u1ee7 tr\u1edf th\u00e0nh c\u1ea3m x\u00fac l\u00f4i cu\u1ed1n d\u1ecbu \u00eam n\u01a1i con gi\u00f3 nh\u1eb9 nh\u00e0ng l\u00f9a qua c\u00e1nh c\u1eeda t\u1eeb h\u1ed3 sen v\u00e0 h\u1ed3 b\u01a1i t\u1ea1o n\u00ean s\u1ef1 \u0111\u1eb7c bi\u1ec7t cho k\u00ec ngh\u1ec9 d\u01b0\u1ee1ng.","og_url":"https:\/\/www.senvillagehoian.com\/vi\/accommodation\/deluxe-pool-balcony\/","og_site_name":"Sen Village Hoi An","article_modified_time":"2026-05-11T03:03:33+00:00","og_image":[{"width":2200,"height":1650,"url":"https:\/\/www.senvillagehoian.com\/wp-content\/uploads\/sites\/127\/2026\/03\/1201_Deluxe-Twin-Pool-view-Balcony.jpg","type":"image\/jpeg"}],"twitter_card":"summary_large_image","twitter_misc":{"Est. reading time":"1 minute"},"schema":{"@context":"https:\/\/schema.org","@graph":[{"@type":"WebPage","@id":"https:\/\/www.senvillagehoian.com\/vi\/accommodation\/deluxe-pool-balcony\/","url":"https:\/\/www.senvillagehoian.com\/vi\/accommodation\/deluxe-pool-balcony\/","name":"Deluxe Pool View Balcony - Sen Village Hoi An","isPartOf":{"@id":"https:\/\/www.senvillagehoian.com\/vi\/#website"},"primaryImageOfPage":{"@id":"https:\/\/www.senvillagehoian.com\/vi\/accommodation\/deluxe-pool-balcony\/#primaryimage"},"image":{"@id":"https:\/\/www.senvillagehoian.com\/vi\/accommodation\/deluxe-pool-balcony\/#primaryimage"},"thumbnailUrl":"https:\/\/www.senvillagehoian.com\/wp-content\/uploads\/sites\/127\/2026\/03\/1201_Deluxe-Twin-Pool-view-Balcony.jpg","datePublished":"2026-01-07T07:25:03+00:00","dateModified":"2026-05-11T03:03:33+00:00","breadcrumb":{"@id":"https:\/\/www.senvillagehoian.com\/vi\/accommodation\/deluxe-pool-balcony\/#breadcrumb"},"inLanguage":"vi-VN","potentialAction":[{"@type":"ReadAction","target":["https:\/\/www.senvillagehoian.com\/vi\/accommodation\/deluxe-pool-balcony\/"]}]},{"@type":"ImageObject","inLanguage":"vi-VN","@id":"https:\/\/www.senvillagehoian.com\/vi\/accommodation\/deluxe-pool-balcony\/#primaryimage","url":"https:\/\/www.senvillagehoian.com\/wp-content\/uploads\/sites\/127\/2026\/03\/1201_Deluxe-Twin-Pool-view-Balcony.jpg","contentUrl":"https:\/\/www.senvillagehoian.com\/wp-content\/uploads\/sites\/127\/2026\/03\/1201_Deluxe-Twin-Pool-view-Balcony.jpg","width":2200,"height":1650},{"@type":"BreadcrumbList","@id":"https:\/\/www.senvillagehoian.com\/vi\/accommodation\/deluxe-pool-balcony\/#breadcrumb","itemListElement":[{"@type":"ListItem","position":1,"name":"Home","item":"https:\/\/www.senvillagehoian.com\/vi\/"},{"@type":"ListItem","position":2,"name":"Ph\u00f2ng Ngh\u1ec9","item":"https:\/\/www.senvillagehoian.com\/vi\/accommodation\/"},{"@type":"ListItem","position":3,"name":"Deluxe Pool View Balcony"}]},{"@type":"WebSite","@id":"https:\/\/www.senvillagehoian.com\/vi\/#website","url":"https:\/\/www.senvillagehoian.com\/vi\/","name":"Sen Village Hoi An","description":"","potentialAction":[{"@type":"SearchAction","target":{"@type":"EntryPoint","urlTemplate":"https:\/\/www.senvillagehoian.com\/vi\/?s={search_term_string}"},"query-input":"required name=search_term_string"}],"inLanguage":"vi-VN"}]}},"acf":[],"_links":{"self":[{"href":"https:\/\/www.senvillagehoian.com\/vi\/wp-json\/wp\/v2\/pages\/287"}],"collection":[{"href":"https:\/\/www.senvillagehoian.com\/vi\/wp-json\/wp\/v2\/pages"}],"about":[{"href":"https:\/\/www.senvillagehoian.com\/vi\/wp-json\/wp\/v2\/types\/page"}],"author":[{"embeddable":true,"href":"https:\/\/www.senvillagehoian.com\/vi\/wp-json\/wp\/v2\/users\/251"}],"replies":[{"embeddable":true,"href":"https:\/\/www.senvillagehoian.com\/vi\/wp-json\/wp\/v2\/comments?post=287"}],"version-history":[{"count":0,"href":"https:\/\/www.senvillagehoian.com\/vi\/wp-json\/wp\/v2\/pages\/287\/revisions"}],"up":[{"embeddable":true,"href":"https:\/\/www.senvillagehoian.com\/vi\/wp-json\/wp\/v2\/pages\/153"}],"wp:featuredmedia":[{"embeddable":true,"href":"https:\/\/www.senvillagehoian.com\/vi\/wp-json\/wp\/v2\/media\/388"}],"wp:attachment":[{"href":"https:\/\/www.senvillagehoian.com\/vi\/wp-json\/wp\/v2\/media?parent=287"}],"curies":[{"name":"wp","href":"https:\/\/api.w.org\/{rel}","templated":true}]}}