{"id":476,"date":"2026-04-03T07:07:50","date_gmt":"2026-04-03T07:07:50","guid":{"rendered":"https:\/\/www.senvillagehoian.com\/?page_id=476"},"modified":"2026-04-04T04:23:20","modified_gmt":"2026-04-04T04:23:20","slug":"serenity-escape-package","status":"publish","type":"page","link":"https:\/\/www.senvillagehoian.com\/vi\/special-offers\/serenity-escape-package\/","title":{"rendered":"Serenity Escape Package"},"content":{"rendered":"<p style=\"text-align: left\" data-start=\"150\" data-end=\"413\">Gi\u1eefa nh\u1ecbp s\u1ed1ng v\u1ed9i v\u00e3, \u0111\u00f4i khi \u0111i\u1ec1u c\u01a1 th\u1ec3 c\u1ea7n ch\u1ec9 l\u00e0 m\u1ed9t kho\u1ea3ng l\u1eb7ng \u0111\u1ee7 s\u00e2u \u0111\u1ec3 h\u1ed3i ph\u1ee5c v\u00e0 t\u00e1i t\u1ea1o. <em data-start=\"251\" data-end=\"276\">Serenity Escape Package<\/em> t\u1ea1i LASEN Spa \u0111\u01b0\u1ee3c thi\u1ebft k\u1ebf nh\u01b0 m\u1ed9t tr\u1ea3i nghi\u1ec7m tr\u1ecdn v\u1eb9n, n\u01a1i t\u1eebng li\u1ec7u tr\u00ecnh nh\u1eb9 nh\u00e0ng d\u1eabn d\u1eaft b\u1ea1n tr\u1edf v\u1ec1 tr\u1ea1ng th\u00e1i c\u00e2n b\u1eb1ng t\u1ef1 nhi\u00ean.<\/p>\n<p style=\"text-align: left\" data-start=\"415\" data-end=\"724\">V\u1edbi li\u1ec7u ph\u00e1p tr\u1ecb li\u1ec7u to\u00e0n th\u00e2n b\u1eb1ng tinh d\u1ea7u, c\u01a1 th\u1ec3 \u0111\u01b0\u1ee3c th\u1ea3 l\u1ecfng, t\u1eebng \u00e1p l\u1ef1c d\u1ea7n tan bi\u1ebfn d\u01b0\u1edbi nh\u1eefng chuy\u1ec3n \u0111\u1ed9ng nh\u1ecbp nh\u00e0ng v\u00e0 \u1ea5m \u00e1p. K\u1ebft h\u1ee3p c\u00f9ng ch\u0103m s\u00f3c da m\u1eb7t, g\u1ed9i \u0111\u1ea7u th\u01b0 gi\u00e3n ho\u1eb7c t\u1ea9y t\u1ebf b\u00e0o ch\u1ebft to\u00e0n th\u00e2n, h\u00e0nh tr\u00ecnh n\u00e0y kh\u00f4ng ch\u1ec9 nu\u00f4i d\u01b0\u1ee1ng l\u00e0n da m\u00e0 c\u00f2n \u0111\u00e1nh th\u1ee9c c\u1ea3m gi\u00e1c th\u01b0 th\u00e1i t\u1eeb b\u00ean trong.<\/p>\n<p style=\"text-align: left\" data-start=\"415\" data-end=\"724\"><img loading=\"lazy\" decoding=\"async\" class=\"alignnone wp-image-479\" src=\"https:\/\/www.senvillagehoian.com\/wp-content\/uploads\/sites\/127\/2026\/04\/Spa-promotion-212x300.png\" alt=\"\" width=\"302\" height=\"427\" srcset=\"https:\/\/www.senvillagehoian.com\/wp-content\/uploads\/sites\/127\/2026\/04\/Spa-promotion-212x300.png 212w, https:\/\/www.senvillagehoian.com\/wp-content\/uploads\/sites\/127\/2026\/04\/Spa-promotion-724x1024.png 724w, https:\/\/www.senvillagehoian.com\/wp-content\/uploads\/sites\/127\/2026\/04\/Spa-promotion-768x1087.png 768w, https:\/\/www.senvillagehoian.com\/wp-content\/uploads\/sites\/127\/2026\/04\/Spa-promotion-1086x1536.png 1086w, https:\/\/www.senvillagehoian.com\/wp-content\/uploads\/sites\/127\/2026\/04\/Spa-promotion-1448x2048.png 1448w, https:\/\/www.senvillagehoian.com\/wp-content\/uploads\/sites\/127\/2026\/04\/Spa-promotion-600x849.png 600w, https:\/\/www.senvillagehoian.com\/wp-content\/uploads\/sites\/127\/2026\/04\/Spa-promotion-1000x1415.png 1000w, https:\/\/www.senvillagehoian.com\/wp-content\/uploads\/sites\/127\/2026\/04\/Spa-promotion.png 1555w\" sizes=\"(max-width: 302px) 100vw, 302px\" \/><\/p>\n<p style=\"text-align: left\" data-start=\"726\" data-end=\"776\">B\u1ea1n c\u00f3 th\u1ec3 l\u1ef1a ch\u1ecdn th\u1eddi gian tr\u1ea3i nghi\u1ec7m ph\u00f9 h\u1ee3p:<\/p>\n<ul style=\"text-align: left\" data-start=\"777\" data-end=\"1016\">\n<li data-section-id=\"11f216y\" data-start=\"777\" data-end=\"845\"><strong data-start=\"779\" data-end=\"796\">Combo 90 ph\u00fat<\/strong> \u2013 m\u1ed9t kho\u1ea3ng ngh\u1ec9 v\u1eeba \u0111\u1ee7 \u0111\u1ec3 t\u00e1i t\u1ea1o n\u0103ng l\u01b0\u1ee3ng<\/li>\n<li data-section-id=\"ieg51f\" data-start=\"846\" data-end=\"925\"><strong data-start=\"848\" data-end=\"866\">Combo 120 ph\u00fat<\/strong> \u2013 h\u00e0nh tr\u00ecnh s\u00e2u h\u01a1n, tr\u1ecdn v\u1eb9n h\u01a1n cho c\u01a1 th\u1ec3 v\u00e0 t\u00e2m tr\u00ed<\/li>\n<li data-section-id=\"qnqo4f\" data-start=\"926\" data-end=\"1016\">Ho\u1eb7c li\u1ec7u tr\u00ecnh <strong data-start=\"944\" data-end=\"964\">60 ph\u00fat tinh d\u1ea7u<\/strong> cho nh\u1eefng ph\u00fat gi\u00e2y th\u01b0 gi\u00e3n nhanh nh\u01b0ng hi\u1ec7u qu\u1ea3<\/li>\n<\/ul>\n<p style=\"text-align: left\" data-start=\"1018\" data-end=\"1176\">M\u1ed7i li\u1ec7u tr\u00ecnh t\u1ea1i LASEN Spa l\u00e0 m\u1ed9t l\u1eddi m\u1eddi d\u1ecbu d\u00e0ng \u2013 \u0111\u1ec3 b\u1ea1n ch\u1eadm l\u1ea1i, l\u1eafng nghe c\u01a1 th\u1ec3 v\u00e0 t\u1eadn h\u01b0\u1edfng s\u1ef1 ch\u0103m s\u00f3c tinh t\u1ebf trong kh\u00f4ng gian y\u00ean t\u0129nh, ri\u00eang t\u01b0.<\/p>\n<p style=\"text-align: left\" data-start=\"1178\" data-end=\"1218\"><strong data-start=\"1178\" data-end=\"1202\">Th\u1eddi gian ho\u1ea1t \u0111\u1ed9ng:<\/strong> 09:00 \u2013 21:00<\/p>\n","protected":false},"excerpt":{"rendered":"<p>Gi\u1eefa nh\u1ecbp s\u1ed1ng v\u1ed9i v\u00e3, \u0111\u00f4i khi \u0111i\u1ec1u c\u01a1 th\u1ec3 c\u1ea7n ch\u1ec9 l\u00e0 m\u1ed9t kho\u1ea3ng l\u1eb7ng \u0111\u1ee7 s\u00e2u \u0111\u1ec3 h\u1ed3i ph\u1ee5c v\u00e0 t\u00e1i t\u1ea1o. Serenity Escape Package t\u1ea1i LASEN Spa \u0111\u01b0\u1ee3c thi\u1ebft k\u1ebf nh\u01b0 m\u1ed9t tr\u1ea3i nghi\u1ec7m tr\u1ecdn v\u1eb9n, n\u01a1i t\u1eebng li\u1ec7u tr\u00ecnh nh\u1eb9 nh\u00e0ng d\u1eabn d\u1eaft b\u1ea1n tr\u1edf v\u1ec1 tr\u1ea1ng th\u00e1i c\u00e2n b\u1eb1ng t\u1ef1 [&hellip;]<\/p>\n","protected":false},"author":251,"featured_media":0,"parent":172,"menu_order":1,"comment_status":"closed","ping_status":"closed","template":"template-single-offer.php","meta":{"footnotes":""},"yoast_head":"<!-- This site is optimized with the Yoast SEO plugin v22.3 - https:\/\/yoast.com\/wordpress\/plugins\/seo\/ -->\n<title>\u01afu \u0111\u00e3i Spa_Serenity Escape Package | SEN Village Hoi An<\/title>\n<meta name=\"description\" content=\"Gi\u1eefa nh\u1ecbp s\u1ed1ng v\u1ed9i v\u00e3, \u0111\u00f4i khi \u0111i\u1ec1u c\u01a1 th\u1ec3 c\u1ea7n ch\u1ec9 l\u00e0 m\u1ed9t kho\u1ea3ng l\u1eb7ng \u0111\u1ee7 s\u00e2u \u0111\u1ec3 h\u1ed3i ph\u1ee5c v\u00e0 t\u00e1i t\u1ea1o. Serenity Escape Package t\u1ea1i LASEN Spa \u0111\u01b0\u1ee3c thi\u1ebft k\u1ebf nh\u01b0 m\u1ed9t tr\u1ea3i nghi\u1ec7m tr\u1ecdn v\u1eb9n, n\u01a1i t\u1eebng li\u1ec7u tr\u00ecnh nh\u1eb9 nh\u00e0ng d\u1eabn d\u1eaft b\u1ea1n tr\u1edf v\u1ec1 tr\u1ea1ng th\u00e1i c\u00e2n b\u1eb1ng t\u1ef1 nhi\u00ean. V\u1edbi li\u1ec7u ph\u00e1p tr\u1ecb li\u1ec7u to\u00e0n th\u00e2n b\u1eb1ng tinh d\u1ea7u, c\u01a1 th\u1ec3 \u0111\u01b0\u1ee3c th\u1ea3 l\u1ecfng, t\u1eebng \u00e1p l\u1ef1c d\u1ea7n tan bi\u1ebfn d\u01b0\u1edbi nh\u1eefng chuy\u1ec3n \u0111\u1ed9ng nh\u1ecbp nh\u00e0ng v\u00e0 \u1ea5m \u00e1p. K\u1ebft h\u1ee3p c\u00f9ng ch\u0103m s\u00f3c da m\u1eb7t, g\u1ed9i \u0111\u1ea7u th\u01b0 gi\u00e3n ho\u1eb7c t\u1ea9y t\u1ebf b\u00e0o ch\u1ebft to\u00e0n th\u00e2n, h\u00e0nh tr\u00ecnh n\u00e0y kh\u00f4ng ch\u1ec9 nu\u00f4i d\u01b0\u1ee1ng l\u00e0n da m\u00e0 c\u00f2n \u0111\u00e1nh th\u1ee9c c\u1ea3m gi\u00e1c th\u01b0 th\u00e1i t\u1eeb b\u00ean trong. B\u1ea1n c\u00f3 th\u1ec3 l\u1ef1a ch\u1ecdn th\u1eddi gian tr\u1ea3i nghi\u1ec7m ph\u00f9 h\u1ee3p: Combo 90 ph\u00fat \u2013 m\u1ed9t kho\u1ea3ng ngh\u1ec9 v\u1eeba \u0111\u1ee7 \u0111\u1ec3 t\u00e1i t\u1ea1o n\u0103ng l\u01b0\u1ee3ng. Combo 120 ph\u00fat \u2013 h\u00e0nh tr\u00ecnh s\u00e2u h\u01a1n, tr\u1ecdn v\u1eb9n h\u01a1n cho c\u01a1 th\u1ec3 v\u00e0 t\u00e2m tr\u00ed. Ho\u1eb7c li\u1ec7u tr\u00ecnh 60 ph\u00fat tinh d\u1ea7u cho nh\u1eefng ph\u00fat gi\u00e2y th\u01b0 gi\u00e3n nhanh nh\u01b0ng hi\u1ec7u qu\u1ea3. M\u1ed7i li\u1ec7u tr\u00ecnh t\u1ea1i LASEN Spa l\u00e0 m\u1ed9t l\u1eddi m\u1eddi d\u1ecbu d\u00e0ng \u2013 \u0111\u1ec3 b\u1ea1n ch\u1eadm l\u1ea1i, l\u1eafng nghe c\u01a1 th\u1ec3 v\u00e0 t\u1eadn h\u01b0\u1edfng s\u1ef1 ch\u0103m s\u00f3c tinh t\u1ebf trong kh\u00f4ng gian y\u00ean t\u0129nh, ri\u00eang t\u01b0. Th\u1eddi gian ho\u1ea1t \u0111\u1ed9ng: 09:00 \u2013 21:00\" \/>\n<meta name=\"robots\" content=\"index, follow, max-snippet:-1, max-image-preview:large, max-video-preview:-1\" \/>\n<link rel=\"canonical\" href=\"https:\/\/www.senvillagehoian.com\/vi\/special-offers\/serenity-escape-package\/\" \/>\n<meta property=\"og:locale\" content=\"vi_VN\" \/>\n<meta property=\"og:type\" content=\"article\" \/>\n<meta property=\"og:title\" content=\"\u01afu \u0111\u00e3i Spa_Serenity Escape Package | SEN Village Hoi An\" \/>\n<meta property=\"og:description\" content=\"Gi\u1eefa nh\u1ecbp s\u1ed1ng v\u1ed9i v\u00e3, \u0111\u00f4i khi \u0111i\u1ec1u c\u01a1 th\u1ec3 c\u1ea7n ch\u1ec9 l\u00e0 m\u1ed9t kho\u1ea3ng l\u1eb7ng \u0111\u1ee7 s\u00e2u \u0111\u1ec3 h\u1ed3i ph\u1ee5c v\u00e0 t\u00e1i t\u1ea1o. Serenity Escape Package t\u1ea1i LASEN Spa \u0111\u01b0\u1ee3c thi\u1ebft k\u1ebf nh\u01b0 m\u1ed9t tr\u1ea3i nghi\u1ec7m tr\u1ecdn v\u1eb9n, n\u01a1i t\u1eebng li\u1ec7u tr\u00ecnh nh\u1eb9 nh\u00e0ng d\u1eabn d\u1eaft b\u1ea1n tr\u1edf v\u1ec1 tr\u1ea1ng th\u00e1i c\u00e2n b\u1eb1ng t\u1ef1 nhi\u00ean. V\u1edbi li\u1ec7u ph\u00e1p tr\u1ecb li\u1ec7u to\u00e0n th\u00e2n b\u1eb1ng tinh d\u1ea7u, c\u01a1 th\u1ec3 \u0111\u01b0\u1ee3c th\u1ea3 l\u1ecfng, t\u1eebng \u00e1p l\u1ef1c d\u1ea7n tan bi\u1ebfn d\u01b0\u1edbi nh\u1eefng chuy\u1ec3n \u0111\u1ed9ng nh\u1ecbp nh\u00e0ng v\u00e0 \u1ea5m \u00e1p. K\u1ebft h\u1ee3p c\u00f9ng ch\u0103m s\u00f3c da m\u1eb7t, g\u1ed9i \u0111\u1ea7u th\u01b0 gi\u00e3n ho\u1eb7c t\u1ea9y t\u1ebf b\u00e0o ch\u1ebft to\u00e0n th\u00e2n, h\u00e0nh tr\u00ecnh n\u00e0y kh\u00f4ng ch\u1ec9 nu\u00f4i d\u01b0\u1ee1ng l\u00e0n da m\u00e0 c\u00f2n \u0111\u00e1nh th\u1ee9c c\u1ea3m gi\u00e1c th\u01b0 th\u00e1i t\u1eeb b\u00ean trong. B\u1ea1n c\u00f3 th\u1ec3 l\u1ef1a ch\u1ecdn th\u1eddi gian tr\u1ea3i nghi\u1ec7m ph\u00f9 h\u1ee3p: Combo 90 ph\u00fat \u2013 m\u1ed9t kho\u1ea3ng ngh\u1ec9 v\u1eeba \u0111\u1ee7 \u0111\u1ec3 t\u00e1i t\u1ea1o n\u0103ng l\u01b0\u1ee3ng. Combo 120 ph\u00fat \u2013 h\u00e0nh tr\u00ecnh s\u00e2u h\u01a1n, tr\u1ecdn v\u1eb9n h\u01a1n cho c\u01a1 th\u1ec3 v\u00e0 t\u00e2m tr\u00ed. Ho\u1eb7c li\u1ec7u tr\u00ecnh 60 ph\u00fat tinh d\u1ea7u cho nh\u1eefng ph\u00fat gi\u00e2y th\u01b0 gi\u00e3n nhanh nh\u01b0ng hi\u1ec7u qu\u1ea3. M\u1ed7i li\u1ec7u tr\u00ecnh t\u1ea1i LASEN Spa l\u00e0 m\u1ed9t l\u1eddi m\u1eddi d\u1ecbu d\u00e0ng \u2013 \u0111\u1ec3 b\u1ea1n ch\u1eadm l\u1ea1i, l\u1eafng nghe c\u01a1 th\u1ec3 v\u00e0 t\u1eadn h\u01b0\u1edfng s\u1ef1 ch\u0103m s\u00f3c tinh t\u1ebf trong kh\u00f4ng gian y\u00ean t\u0129nh, ri\u00eang t\u01b0. Th\u1eddi gian ho\u1ea1t \u0111\u1ed9ng: 09:00 \u2013 21:00\" \/>\n<meta property=\"og:url\" content=\"https:\/\/www.senvillagehoian.com\/vi\/special-offers\/serenity-escape-package\/\" \/>\n<meta property=\"og:site_name\" content=\"Sen Village Hoi An\" \/>\n<meta property=\"article:modified_time\" content=\"2026-04-04T04:23:20+00:00\" \/>\n<meta property=\"og:image\" content=\"https:\/\/www.senvillagehoian.com\/wp-content\/uploads\/sites\/127\/2026\/04\/Spa-promotion-212x300.png\" \/>\n<meta name=\"twitter:card\" content=\"summary_large_image\" \/>\n<meta name=\"twitter:label1\" content=\"Est. reading time\" \/>\n\t<meta name=\"twitter:data1\" content=\"2 minutes\" \/>\n<script type=\"application\/ld+json\" class=\"yoast-schema-graph\">{\"@context\":\"https:\/\/schema.org\",\"@graph\":[{\"@type\":\"WebPage\",\"@id\":\"https:\/\/www.senvillagehoian.com\/vi\/special-offers\/serenity-escape-package\/\",\"url\":\"https:\/\/www.senvillagehoian.com\/vi\/special-offers\/serenity-escape-package\/\",\"name\":\"\u01afu \u0111\u00e3i Spa_Serenity Escape Package | SEN Village Hoi An\",\"isPartOf\":{\"@id\":\"https:\/\/www.senvillagehoian.com\/vi\/#website\"},\"primaryImageOfPage\":{\"@id\":\"https:\/\/www.senvillagehoian.com\/vi\/special-offers\/serenity-escape-package\/#primaryimage\"},\"image\":{\"@id\":\"https:\/\/www.senvillagehoian.com\/vi\/special-offers\/serenity-escape-package\/#primaryimage\"},\"thumbnailUrl\":\"https:\/\/www.senvillagehoian.com\/wp-content\/uploads\/sites\/127\/2026\/04\/Spa-promotion-212x300.png\",\"datePublished\":\"2026-04-03T07:07:50+00:00\",\"dateModified\":\"2026-04-04T04:23:20+00:00\",\"description\":\"Gi\u1eefa nh\u1ecbp s\u1ed1ng v\u1ed9i v\u00e3, \u0111\u00f4i khi \u0111i\u1ec1u c\u01a1 th\u1ec3 c\u1ea7n ch\u1ec9 l\u00e0 m\u1ed9t kho\u1ea3ng l\u1eb7ng \u0111\u1ee7 s\u00e2u \u0111\u1ec3 h\u1ed3i ph\u1ee5c v\u00e0 t\u00e1i t\u1ea1o. Serenity Escape Package t\u1ea1i LASEN Spa \u0111\u01b0\u1ee3c thi\u1ebft k\u1ebf nh\u01b0 m\u1ed9t tr\u1ea3i nghi\u1ec7m tr\u1ecdn v\u1eb9n, n\u01a1i t\u1eebng li\u1ec7u tr\u00ecnh nh\u1eb9 nh\u00e0ng d\u1eabn d\u1eaft b\u1ea1n tr\u1edf v\u1ec1 tr\u1ea1ng th\u00e1i c\u00e2n b\u1eb1ng t\u1ef1 nhi\u00ean. V\u1edbi li\u1ec7u ph\u00e1p tr\u1ecb li\u1ec7u to\u00e0n th\u00e2n b\u1eb1ng tinh d\u1ea7u, c\u01a1 th\u1ec3 \u0111\u01b0\u1ee3c th\u1ea3 l\u1ecfng, t\u1eebng \u00e1p l\u1ef1c d\u1ea7n tan bi\u1ebfn d\u01b0\u1edbi nh\u1eefng chuy\u1ec3n \u0111\u1ed9ng nh\u1ecbp nh\u00e0ng v\u00e0 \u1ea5m \u00e1p. K\u1ebft h\u1ee3p c\u00f9ng ch\u0103m s\u00f3c da m\u1eb7t, g\u1ed9i \u0111\u1ea7u th\u01b0 gi\u00e3n ho\u1eb7c t\u1ea9y t\u1ebf b\u00e0o ch\u1ebft to\u00e0n th\u00e2n, h\u00e0nh tr\u00ecnh n\u00e0y kh\u00f4ng ch\u1ec9 nu\u00f4i d\u01b0\u1ee1ng l\u00e0n da m\u00e0 c\u00f2n \u0111\u00e1nh th\u1ee9c c\u1ea3m gi\u00e1c th\u01b0 th\u00e1i t\u1eeb b\u00ean trong. B\u1ea1n c\u00f3 th\u1ec3 l\u1ef1a ch\u1ecdn th\u1eddi gian tr\u1ea3i nghi\u1ec7m ph\u00f9 h\u1ee3p: Combo 90 ph\u00fat \u2013 m\u1ed9t kho\u1ea3ng ngh\u1ec9 v\u1eeba \u0111\u1ee7 \u0111\u1ec3 t\u00e1i t\u1ea1o n\u0103ng l\u01b0\u1ee3ng. Combo 120 ph\u00fat \u2013 h\u00e0nh tr\u00ecnh s\u00e2u h\u01a1n, tr\u1ecdn v\u1eb9n h\u01a1n cho c\u01a1 th\u1ec3 v\u00e0 t\u00e2m tr\u00ed. Ho\u1eb7c li\u1ec7u tr\u00ecnh 60 ph\u00fat tinh d\u1ea7u cho nh\u1eefng ph\u00fat gi\u00e2y th\u01b0 gi\u00e3n nhanh nh\u01b0ng hi\u1ec7u qu\u1ea3. M\u1ed7i li\u1ec7u tr\u00ecnh t\u1ea1i LASEN Spa l\u00e0 m\u1ed9t l\u1eddi m\u1eddi d\u1ecbu d\u00e0ng \u2013 \u0111\u1ec3 b\u1ea1n ch\u1eadm l\u1ea1i, l\u1eafng nghe c\u01a1 th\u1ec3 v\u00e0 t\u1eadn h\u01b0\u1edfng s\u1ef1 ch\u0103m s\u00f3c tinh t\u1ebf trong kh\u00f4ng gian y\u00ean t\u0129nh, ri\u00eang t\u01b0. Th\u1eddi gian ho\u1ea1t \u0111\u1ed9ng: 09:00 \u2013 21:00\",\"breadcrumb\":{\"@id\":\"https:\/\/www.senvillagehoian.com\/vi\/special-offers\/serenity-escape-package\/#breadcrumb\"},\"inLanguage\":\"vi-VN\",\"potentialAction\":[{\"@type\":\"ReadAction\",\"target\":[\"https:\/\/www.senvillagehoian.com\/vi\/special-offers\/serenity-escape-package\/\"]}]},{\"@type\":\"ImageObject\",\"inLanguage\":\"vi-VN\",\"@id\":\"https:\/\/www.senvillagehoian.com\/vi\/special-offers\/serenity-escape-package\/#primaryimage\",\"url\":\"https:\/\/www.senvillagehoian.com\/wp-content\/uploads\/sites\/127\/2026\/04\/Spa-promotion.png\",\"contentUrl\":\"https:\/\/www.senvillagehoian.com\/wp-content\/uploads\/sites\/127\/2026\/04\/Spa-promotion.png\",\"width\":1555,\"height\":2200},{\"@type\":\"BreadcrumbList\",\"@id\":\"https:\/\/www.senvillagehoian.com\/vi\/special-offers\/serenity-escape-package\/#breadcrumb\",\"itemListElement\":[{\"@type\":\"ListItem\",\"position\":1,\"name\":\"Home\",\"item\":\"https:\/\/www.senvillagehoian.com\/vi\/\"},{\"@type\":\"ListItem\",\"position\":2,\"name\":\"\u01afu \u0111\u00e3i \u0111\u1eb7c bi\u1ec7t\",\"item\":\"https:\/\/www.senvillagehoian.com\/vi\/special-offers\/\"},{\"@type\":\"ListItem\",\"position\":3,\"name\":\"Serenity Escape Package\"}]},{\"@type\":\"WebSite\",\"@id\":\"https:\/\/www.senvillagehoian.com\/vi\/#website\",\"url\":\"https:\/\/www.senvillagehoian.com\/vi\/\",\"name\":\"Sen Village Hoi An\",\"description\":\"\",\"potentialAction\":[{\"@type\":\"SearchAction\",\"target\":{\"@type\":\"EntryPoint\",\"urlTemplate\":\"https:\/\/www.senvillagehoian.com\/vi\/?s={search_term_string}\"},\"query-input\":\"required name=search_term_string\"}],\"inLanguage\":\"vi-VN\"}]}<\/script>\n<!-- \/ Yoast SEO plugin. -->","yoast_head_json":{"title":"\u01afu \u0111\u00e3i Spa_Serenity Escape Package | SEN Village Hoi An","description":"Gi\u1eefa nh\u1ecbp s\u1ed1ng v\u1ed9i v\u00e3, \u0111\u00f4i khi \u0111i\u1ec1u c\u01a1 th\u1ec3 c\u1ea7n ch\u1ec9 l\u00e0 m\u1ed9t kho\u1ea3ng l\u1eb7ng \u0111\u1ee7 s\u00e2u \u0111\u1ec3 h\u1ed3i ph\u1ee5c v\u00e0 t\u00e1i t\u1ea1o. Serenity Escape Package t\u1ea1i LASEN Spa \u0111\u01b0\u1ee3c thi\u1ebft k\u1ebf nh\u01b0 m\u1ed9t tr\u1ea3i nghi\u1ec7m tr\u1ecdn v\u1eb9n, n\u01a1i t\u1eebng li\u1ec7u tr\u00ecnh nh\u1eb9 nh\u00e0ng d\u1eabn d\u1eaft b\u1ea1n tr\u1edf v\u1ec1 tr\u1ea1ng th\u00e1i c\u00e2n b\u1eb1ng t\u1ef1 nhi\u00ean. V\u1edbi li\u1ec7u ph\u00e1p tr\u1ecb li\u1ec7u to\u00e0n th\u00e2n b\u1eb1ng tinh d\u1ea7u, c\u01a1 th\u1ec3 \u0111\u01b0\u1ee3c th\u1ea3 l\u1ecfng, t\u1eebng \u00e1p l\u1ef1c d\u1ea7n tan bi\u1ebfn d\u01b0\u1edbi nh\u1eefng chuy\u1ec3n \u0111\u1ed9ng nh\u1ecbp nh\u00e0ng v\u00e0 \u1ea5m \u00e1p. K\u1ebft h\u1ee3p c\u00f9ng ch\u0103m s\u00f3c da m\u1eb7t, g\u1ed9i \u0111\u1ea7u th\u01b0 gi\u00e3n ho\u1eb7c t\u1ea9y t\u1ebf b\u00e0o ch\u1ebft to\u00e0n th\u00e2n, h\u00e0nh tr\u00ecnh n\u00e0y kh\u00f4ng ch\u1ec9 nu\u00f4i d\u01b0\u1ee1ng l\u00e0n da m\u00e0 c\u00f2n \u0111\u00e1nh th\u1ee9c c\u1ea3m gi\u00e1c th\u01b0 th\u00e1i t\u1eeb b\u00ean trong. B\u1ea1n c\u00f3 th\u1ec3 l\u1ef1a ch\u1ecdn th\u1eddi gian tr\u1ea3i nghi\u1ec7m ph\u00f9 h\u1ee3p: Combo 90 ph\u00fat \u2013 m\u1ed9t kho\u1ea3ng ngh\u1ec9 v\u1eeba \u0111\u1ee7 \u0111\u1ec3 t\u00e1i t\u1ea1o n\u0103ng l\u01b0\u1ee3ng. Combo 120 ph\u00fat \u2013 h\u00e0nh tr\u00ecnh s\u00e2u h\u01a1n, tr\u1ecdn v\u1eb9n h\u01a1n cho c\u01a1 th\u1ec3 v\u00e0 t\u00e2m tr\u00ed. Ho\u1eb7c li\u1ec7u tr\u00ecnh 60 ph\u00fat tinh d\u1ea7u cho nh\u1eefng ph\u00fat gi\u00e2y th\u01b0 gi\u00e3n nhanh nh\u01b0ng hi\u1ec7u qu\u1ea3. M\u1ed7i li\u1ec7u tr\u00ecnh t\u1ea1i LASEN Spa l\u00e0 m\u1ed9t l\u1eddi m\u1eddi d\u1ecbu d\u00e0ng \u2013 \u0111\u1ec3 b\u1ea1n ch\u1eadm l\u1ea1i, l\u1eafng nghe c\u01a1 th\u1ec3 v\u00e0 t\u1eadn h\u01b0\u1edfng s\u1ef1 ch\u0103m s\u00f3c tinh t\u1ebf trong kh\u00f4ng gian y\u00ean t\u0129nh, ri\u00eang t\u01b0. Th\u1eddi gian ho\u1ea1t \u0111\u1ed9ng: 09:00 \u2013 21:00","robots":{"index":"index","follow":"follow","max-snippet":"max-snippet:-1","max-image-preview":"max-image-preview:large","max-video-preview":"max-video-preview:-1"},"canonical":"https:\/\/www.senvillagehoian.com\/vi\/special-offers\/serenity-escape-package\/","og_locale":"vi_VN","og_type":"article","og_title":"\u01afu \u0111\u00e3i Spa_Serenity Escape Package | SEN Village Hoi An","og_description":"Gi\u1eefa nh\u1ecbp s\u1ed1ng v\u1ed9i v\u00e3, \u0111\u00f4i khi \u0111i\u1ec1u c\u01a1 th\u1ec3 c\u1ea7n ch\u1ec9 l\u00e0 m\u1ed9t kho\u1ea3ng l\u1eb7ng \u0111\u1ee7 s\u00e2u \u0111\u1ec3 h\u1ed3i ph\u1ee5c v\u00e0 t\u00e1i t\u1ea1o. Serenity Escape Package t\u1ea1i LASEN Spa \u0111\u01b0\u1ee3c thi\u1ebft k\u1ebf nh\u01b0 m\u1ed9t tr\u1ea3i nghi\u1ec7m tr\u1ecdn v\u1eb9n, n\u01a1i t\u1eebng li\u1ec7u tr\u00ecnh nh\u1eb9 nh\u00e0ng d\u1eabn d\u1eaft b\u1ea1n tr\u1edf v\u1ec1 tr\u1ea1ng th\u00e1i c\u00e2n b\u1eb1ng t\u1ef1 nhi\u00ean. V\u1edbi li\u1ec7u ph\u00e1p tr\u1ecb li\u1ec7u to\u00e0n th\u00e2n b\u1eb1ng tinh d\u1ea7u, c\u01a1 th\u1ec3 \u0111\u01b0\u1ee3c th\u1ea3 l\u1ecfng, t\u1eebng \u00e1p l\u1ef1c d\u1ea7n tan bi\u1ebfn d\u01b0\u1edbi nh\u1eefng chuy\u1ec3n \u0111\u1ed9ng nh\u1ecbp nh\u00e0ng v\u00e0 \u1ea5m \u00e1p. K\u1ebft h\u1ee3p c\u00f9ng ch\u0103m s\u00f3c da m\u1eb7t, g\u1ed9i \u0111\u1ea7u th\u01b0 gi\u00e3n ho\u1eb7c t\u1ea9y t\u1ebf b\u00e0o ch\u1ebft to\u00e0n th\u00e2n, h\u00e0nh tr\u00ecnh n\u00e0y kh\u00f4ng ch\u1ec9 nu\u00f4i d\u01b0\u1ee1ng l\u00e0n da m\u00e0 c\u00f2n \u0111\u00e1nh th\u1ee9c c\u1ea3m gi\u00e1c th\u01b0 th\u00e1i t\u1eeb b\u00ean trong. B\u1ea1n c\u00f3 th\u1ec3 l\u1ef1a ch\u1ecdn th\u1eddi gian tr\u1ea3i nghi\u1ec7m ph\u00f9 h\u1ee3p: Combo 90 ph\u00fat \u2013 m\u1ed9t kho\u1ea3ng ngh\u1ec9 v\u1eeba \u0111\u1ee7 \u0111\u1ec3 t\u00e1i t\u1ea1o n\u0103ng l\u01b0\u1ee3ng. Combo 120 ph\u00fat \u2013 h\u00e0nh tr\u00ecnh s\u00e2u h\u01a1n, tr\u1ecdn v\u1eb9n h\u01a1n cho c\u01a1 th\u1ec3 v\u00e0 t\u00e2m tr\u00ed. Ho\u1eb7c li\u1ec7u tr\u00ecnh 60 ph\u00fat tinh d\u1ea7u cho nh\u1eefng ph\u00fat gi\u00e2y th\u01b0 gi\u00e3n nhanh nh\u01b0ng hi\u1ec7u qu\u1ea3. M\u1ed7i li\u1ec7u tr\u00ecnh t\u1ea1i LASEN Spa l\u00e0 m\u1ed9t l\u1eddi m\u1eddi d\u1ecbu d\u00e0ng \u2013 \u0111\u1ec3 b\u1ea1n ch\u1eadm l\u1ea1i, l\u1eafng nghe c\u01a1 th\u1ec3 v\u00e0 t\u1eadn h\u01b0\u1edfng s\u1ef1 ch\u0103m s\u00f3c tinh t\u1ebf trong kh\u00f4ng gian y\u00ean t\u0129nh, ri\u00eang t\u01b0. Th\u1eddi gian ho\u1ea1t \u0111\u1ed9ng: 09:00 \u2013 21:00","og_url":"https:\/\/www.senvillagehoian.com\/vi\/special-offers\/serenity-escape-package\/","og_site_name":"Sen Village Hoi An","article_modified_time":"2026-04-04T04:23:20+00:00","og_image":[{"url":"https:\/\/www.senvillagehoian.com\/wp-content\/uploads\/sites\/127\/2026\/04\/Spa-promotion-212x300.png"}],"twitter_card":"summary_large_image","twitter_misc":{"Est. reading time":"2 minutes"},"schema":{"@context":"https:\/\/schema.org","@graph":[{"@type":"WebPage","@id":"https:\/\/www.senvillagehoian.com\/vi\/special-offers\/serenity-escape-package\/","url":"https:\/\/www.senvillagehoian.com\/vi\/special-offers\/serenity-escape-package\/","name":"\u01afu \u0111\u00e3i Spa_Serenity Escape Package | SEN Village Hoi An","isPartOf":{"@id":"https:\/\/www.senvillagehoian.com\/vi\/#website"},"primaryImageOfPage":{"@id":"https:\/\/www.senvillagehoian.com\/vi\/special-offers\/serenity-escape-package\/#primaryimage"},"image":{"@id":"https:\/\/www.senvillagehoian.com\/vi\/special-offers\/serenity-escape-package\/#primaryimage"},"thumbnailUrl":"https:\/\/www.senvillagehoian.com\/wp-content\/uploads\/sites\/127\/2026\/04\/Spa-promotion-212x300.png","datePublished":"2026-04-03T07:07:50+00:00","dateModified":"2026-04-04T04:23:20+00:00","description":"Gi\u1eefa nh\u1ecbp s\u1ed1ng v\u1ed9i v\u00e3, \u0111\u00f4i khi \u0111i\u1ec1u c\u01a1 th\u1ec3 c\u1ea7n ch\u1ec9 l\u00e0 m\u1ed9t kho\u1ea3ng l\u1eb7ng \u0111\u1ee7 s\u00e2u \u0111\u1ec3 h\u1ed3i ph\u1ee5c v\u00e0 t\u00e1i t\u1ea1o. Serenity Escape Package t\u1ea1i LASEN Spa \u0111\u01b0\u1ee3c thi\u1ebft k\u1ebf nh\u01b0 m\u1ed9t tr\u1ea3i nghi\u1ec7m tr\u1ecdn v\u1eb9n, n\u01a1i t\u1eebng li\u1ec7u tr\u00ecnh nh\u1eb9 nh\u00e0ng d\u1eabn d\u1eaft b\u1ea1n tr\u1edf v\u1ec1 tr\u1ea1ng th\u00e1i c\u00e2n b\u1eb1ng t\u1ef1 nhi\u00ean. V\u1edbi li\u1ec7u ph\u00e1p tr\u1ecb li\u1ec7u to\u00e0n th\u00e2n b\u1eb1ng tinh d\u1ea7u, c\u01a1 th\u1ec3 \u0111\u01b0\u1ee3c th\u1ea3 l\u1ecfng, t\u1eebng \u00e1p l\u1ef1c d\u1ea7n tan bi\u1ebfn d\u01b0\u1edbi nh\u1eefng chuy\u1ec3n \u0111\u1ed9ng nh\u1ecbp nh\u00e0ng v\u00e0 \u1ea5m \u00e1p. K\u1ebft h\u1ee3p c\u00f9ng ch\u0103m s\u00f3c da m\u1eb7t, g\u1ed9i \u0111\u1ea7u th\u01b0 gi\u00e3n ho\u1eb7c t\u1ea9y t\u1ebf b\u00e0o ch\u1ebft to\u00e0n th\u00e2n, h\u00e0nh tr\u00ecnh n\u00e0y kh\u00f4ng ch\u1ec9 nu\u00f4i d\u01b0\u1ee1ng l\u00e0n da m\u00e0 c\u00f2n \u0111\u00e1nh th\u1ee9c c\u1ea3m gi\u00e1c th\u01b0 th\u00e1i t\u1eeb b\u00ean trong. B\u1ea1n c\u00f3 th\u1ec3 l\u1ef1a ch\u1ecdn th\u1eddi gian tr\u1ea3i nghi\u1ec7m ph\u00f9 h\u1ee3p: Combo 90 ph\u00fat \u2013 m\u1ed9t kho\u1ea3ng ngh\u1ec9 v\u1eeba \u0111\u1ee7 \u0111\u1ec3 t\u00e1i t\u1ea1o n\u0103ng l\u01b0\u1ee3ng. Combo 120 ph\u00fat \u2013 h\u00e0nh tr\u00ecnh s\u00e2u h\u01a1n, tr\u1ecdn v\u1eb9n h\u01a1n cho c\u01a1 th\u1ec3 v\u00e0 t\u00e2m tr\u00ed. Ho\u1eb7c li\u1ec7u tr\u00ecnh 60 ph\u00fat tinh d\u1ea7u cho nh\u1eefng ph\u00fat gi\u00e2y th\u01b0 gi\u00e3n nhanh nh\u01b0ng hi\u1ec7u qu\u1ea3. M\u1ed7i li\u1ec7u tr\u00ecnh t\u1ea1i LASEN Spa l\u00e0 m\u1ed9t l\u1eddi m\u1eddi d\u1ecbu d\u00e0ng \u2013 \u0111\u1ec3 b\u1ea1n ch\u1eadm l\u1ea1i, l\u1eafng nghe c\u01a1 th\u1ec3 v\u00e0 t\u1eadn h\u01b0\u1edfng s\u1ef1 ch\u0103m s\u00f3c tinh t\u1ebf trong kh\u00f4ng gian y\u00ean t\u0129nh, ri\u00eang t\u01b0. Th\u1eddi gian ho\u1ea1t \u0111\u1ed9ng: 09:00 \u2013 21:00","breadcrumb":{"@id":"https:\/\/www.senvillagehoian.com\/vi\/special-offers\/serenity-escape-package\/#breadcrumb"},"inLanguage":"vi-VN","potentialAction":[{"@type":"ReadAction","target":["https:\/\/www.senvillagehoian.com\/vi\/special-offers\/serenity-escape-package\/"]}]},{"@type":"ImageObject","inLanguage":"vi-VN","@id":"https:\/\/www.senvillagehoian.com\/vi\/special-offers\/serenity-escape-package\/#primaryimage","url":"https:\/\/www.senvillagehoian.com\/wp-content\/uploads\/sites\/127\/2026\/04\/Spa-promotion.png","contentUrl":"https:\/\/www.senvillagehoian.com\/wp-content\/uploads\/sites\/127\/2026\/04\/Spa-promotion.png","width":1555,"height":2200},{"@type":"BreadcrumbList","@id":"https:\/\/www.senvillagehoian.com\/vi\/special-offers\/serenity-escape-package\/#breadcrumb","itemListElement":[{"@type":"ListItem","position":1,"name":"Home","item":"https:\/\/www.senvillagehoian.com\/vi\/"},{"@type":"ListItem","position":2,"name":"\u01afu \u0111\u00e3i \u0111\u1eb7c bi\u1ec7t","item":"https:\/\/www.senvillagehoian.com\/vi\/special-offers\/"},{"@type":"ListItem","position":3,"name":"Serenity Escape Package"}]},{"@type":"WebSite","@id":"https:\/\/www.senvillagehoian.com\/vi\/#website","url":"https:\/\/www.senvillagehoian.com\/vi\/","name":"Sen Village Hoi An","description":"","potentialAction":[{"@type":"SearchAction","target":{"@type":"EntryPoint","urlTemplate":"https:\/\/www.senvillagehoian.com\/vi\/?s={search_term_string}"},"query-input":"required name=search_term_string"}],"inLanguage":"vi-VN"}]}},"acf":[],"_links":{"self":[{"href":"https:\/\/www.senvillagehoian.com\/vi\/wp-json\/wp\/v2\/pages\/476"}],"collection":[{"href":"https:\/\/www.senvillagehoian.com\/vi\/wp-json\/wp\/v2\/pages"}],"about":[{"href":"https:\/\/www.senvillagehoian.com\/vi\/wp-json\/wp\/v2\/types\/page"}],"author":[{"embeddable":true,"href":"https:\/\/www.senvillagehoian.com\/vi\/wp-json\/wp\/v2\/users\/251"}],"replies":[{"embeddable":true,"href":"https:\/\/www.senvillagehoian.com\/vi\/wp-json\/wp\/v2\/comments?post=476"}],"version-history":[{"count":0,"href":"https:\/\/www.senvillagehoian.com\/vi\/wp-json\/wp\/v2\/pages\/476\/revisions"}],"up":[{"embeddable":true,"href":"https:\/\/www.senvillagehoian.com\/vi\/wp-json\/wp\/v2\/pages\/172"}],"wp:attachment":[{"href":"https:\/\/www.senvillagehoian.com\/vi\/wp-json\/wp\/v2\/media?parent=476"}],"curies":[{"name":"wp","href":"https:\/\/api.w.org\/{rel}","templated":true}]}}