{"id":491,"date":"2026-04-16T08:19:25","date_gmt":"2026-04-16T08:19:25","guid":{"rendered":"https:\/\/www.senvillagehoian.com\/?page_id=491"},"modified":"2026-04-23T02:02:49","modified_gmt":"2026-04-23T02:02:49","slug":"dai-tiec-mung-ngay-le-30-4","status":"publish","type":"page","link":"https:\/\/www.senvillagehoian.com\/vi\/special-offers\/dai-tiec-mung-ngay-le-30-4\/","title":{"rendered":"\u0110\u1ea1i Ti\u1ec7c M\u1eebng Ng\u00e0y L\u1ec5 30\/04"},"content":{"rendered":"<p>K\u1ef3 ngh\u1ec9 30\/04 \u2013 m\u1ed9t ng\u00e0y, m\u1ed9t h\u00e0nh tr\u00ecnh v\u1eeba \u0111\u1ee7 \u0111\u1ec3 t\u1eadn h\u01b0\u1edfng.<\/p>\n<p>T\u1eeb bu\u1ed5i chi\u1ec1u b\u00ean h\u1ed3 b\u01a1i v\u1edbi \u00e2m nh\u1ea1c chill nh\u1eb9 v\u00e0 \u0111\u1ed3 u\u1ed1ng m\u00e1t l\u1ea1nh, \u0111\u1ebfn bu\u1ed5i t\u1ed1i BBQ buffet v\u1edbi h\u1ea3i s\u1ea3n, th\u1ecbt n\u01b0\u1edbng v\u00e0 n\u1eeda con t\u00f4m h\u00f9m cho m\u1ed7i kh\u00e1ch &#8211; m\u1ecdi tr\u1ea3i nghi\u1ec7m \u0111\u01b0\u1ee3c k\u1ebft n\u1ed1i li\u1ec1n m\u1ea1ch, tinh gi\u1ea3n nh\u01b0ng tr\u1ecdn v\u1eb9n.<\/p>\n<p>\ud835\udfcf\ud835\udfd3:\ud835\udfce\ud835\udfce \u2013 \ud835\udfcf\ud835\udfd6:\ud835\udfce\ud835\udfce | \ud835\udc0f\ud835\udc28\ud835\udc28\ud835\udc25 \ud835\udc0f\ud835\udc1a\ud835\udc2b\ud835\udc2d\ud835\udc32 \u2013 \ud835\udfd3\ud835\udfd2\ud835\udfd7,\ud835\udfce\ud835\udfce\ud835\udfce \ud835\udc15\ud835\udc0d\ud835\udc03 \ud835\udc27\ud835\udc1e\ud835\udc2d\/kh\u00e1ch<br \/>\n\u0110\u1ed3 u\u1ed1ng &amp; snack nh\u1eb9 kh\u00f4ng gi\u1edbi h\u1ea1n, \u00e2m nh\u1ea1c t\u1eeb DJ Nick<\/p>\n<p><img loading=\"lazy\" decoding=\"async\" class=\"alignnone size-medium wp-image-538\" src=\"https:\/\/www.senvillagehoian.com\/wp-content\/uploads\/sites\/127\/2026\/04\/4-300x300.png\" alt=\"\" width=\"300\" height=\"300\" srcset=\"https:\/\/www.senvillagehoian.com\/wp-content\/uploads\/sites\/127\/2026\/04\/4-300x300.png 300w, https:\/\/www.senvillagehoian.com\/wp-content\/uploads\/sites\/127\/2026\/04\/4-1024x1024.png 1024w, https:\/\/www.senvillagehoian.com\/wp-content\/uploads\/sites\/127\/2026\/04\/4-150x150.png 150w, https:\/\/www.senvillagehoian.com\/wp-content\/uploads\/sites\/127\/2026\/04\/4-768x768.png 768w, https:\/\/www.senvillagehoian.com\/wp-content\/uploads\/sites\/127\/2026\/04\/4-1536x1536.png 1536w, https:\/\/www.senvillagehoian.com\/wp-content\/uploads\/sites\/127\/2026\/04\/4-2048x2048.png 2048w, https:\/\/www.senvillagehoian.com\/wp-content\/uploads\/sites\/127\/2026\/04\/4-600x600.png 600w, https:\/\/www.senvillagehoian.com\/wp-content\/uploads\/sites\/127\/2026\/04\/4-1000x1000.png 1000w\" sizes=\"(max-width: 300px) 100vw, 300px\" \/><\/p>\n<p>\ud835\udfcf\ud835\udfd6:\ud835\udfce\ud835\udfce \u2013 \ud835\udfd0\ud835\udfcf:\ud835\udfce\ud835\udfce | \ud835\udc01\ud835\udc01\ud835\udc10 \ud835\udc01\ud835\udc2e\ud835\udc1f\ud835\udc1f\ud835\udc1e\ud835\udc2d \u2013 \ud835\udfd4\ud835\udfd7\ud835\udfce,\ud835\udfce\ud835\udfce\ud835\udfce \ud835\udc15\ud835\udc0d\ud835\udc03 \ud835\udc27\ud835\udc1e\ud835\udc2d\/kh\u00e1ch<br \/>\nH\u01a1n 25+ m\u00f3n, h\u1ea3i s\u1ea3n n\u01b0\u1edbng, m\u00f3n n\u00f3ng &amp; tr\u00e1ng mi\u1ec7ng<\/p>\n<p><img loading=\"lazy\" decoding=\"async\" class=\"alignnone size-medium wp-image-537\" src=\"https:\/\/www.senvillagehoian.com\/wp-content\/uploads\/sites\/127\/2026\/04\/3-300x300.png\" alt=\"\" width=\"300\" height=\"300\" srcset=\"https:\/\/www.senvillagehoian.com\/wp-content\/uploads\/sites\/127\/2026\/04\/3-300x300.png 300w, https:\/\/www.senvillagehoian.com\/wp-content\/uploads\/sites\/127\/2026\/04\/3-1024x1024.png 1024w, https:\/\/www.senvillagehoian.com\/wp-content\/uploads\/sites\/127\/2026\/04\/3-150x150.png 150w, https:\/\/www.senvillagehoian.com\/wp-content\/uploads\/sites\/127\/2026\/04\/3-768x768.png 768w, https:\/\/www.senvillagehoian.com\/wp-content\/uploads\/sites\/127\/2026\/04\/3-1536x1536.png 1536w, https:\/\/www.senvillagehoian.com\/wp-content\/uploads\/sites\/127\/2026\/04\/3-2048x2048.png 2048w, https:\/\/www.senvillagehoian.com\/wp-content\/uploads\/sites\/127\/2026\/04\/3-600x600.png 600w, https:\/\/www.senvillagehoian.com\/wp-content\/uploads\/sites\/127\/2026\/04\/3-1000x1000.png 1000w\" sizes=\"(max-width: 300px) 100vw, 300px\" \/><\/p>\n<p>\u2728 Tr\u1ecdn g\u00f3i tr\u1ea3i nghi\u1ec7m (\ud835\udc0f\ud835\udc28\ud835\udc28\ud835\udc25 \ud835\udc0f\ud835\udc1a\ud835\udc2b\ud835\udc2d\ud835\udc32 &amp; \ud835\udc01\ud835\udc01\ud835\udc10): \ud835\udfd7\ud835\udfd2\ud835\udfd7,\ud835\udfce\ud835\udfce\ud835\udfce \ud835\udc15\ud835\udc0d\ud835\udc03 \ud835\udc27\ud835\udc1e\ud835\udc2d\/kh\u00e1ch<\/p>\n<p><img loading=\"lazy\" decoding=\"async\" class=\"alignnone size-medium wp-image-539\" src=\"https:\/\/www.senvillagehoian.com\/wp-content\/uploads\/sites\/127\/2026\/04\/2-300x300.jpg\" alt=\"\" width=\"300\" height=\"300\" srcset=\"https:\/\/www.senvillagehoian.com\/wp-content\/uploads\/sites\/127\/2026\/04\/2-300x300.jpg 300w, https:\/\/www.senvillagehoian.com\/wp-content\/uploads\/sites\/127\/2026\/04\/2-1024x1024.jpg 1024w, https:\/\/www.senvillagehoian.com\/wp-content\/uploads\/sites\/127\/2026\/04\/2-150x150.jpg 150w, https:\/\/www.senvillagehoian.com\/wp-content\/uploads\/sites\/127\/2026\/04\/2-768x768.jpg 768w, https:\/\/www.senvillagehoian.com\/wp-content\/uploads\/sites\/127\/2026\/04\/2-1536x1536.jpg 1536w, https:\/\/www.senvillagehoian.com\/wp-content\/uploads\/sites\/127\/2026\/04\/2-600x600.jpg 600w, https:\/\/www.senvillagehoian.com\/wp-content\/uploads\/sites\/127\/2026\/04\/2-1000x1000.jpg 1000w, https:\/\/www.senvillagehoian.com\/wp-content\/uploads\/sites\/127\/2026\/04\/2.jpg 2000w\" sizes=\"(max-width: 300px) 100vw, 300px\" \/><\/p>\n<p>\ud83c\udf81 \u01afu \u0111\u00e3i \u0111\u1eb7t s\u1edbm: gi\u1ea3m 10% tr\u01b0\u1edbc 26\/04<\/p>\n<p>\u0110\u1eb7t ch\u1ed7 tr\u01b0\u1edbc \u0111\u1ec3 t\u1eadn h\u01b0\u1edfng tr\u1ecdn v\u1eb9n ng\u00e0y l\u1ec5 theo c\u00e1ch ri\u00eang c\u1ee7a b\u1ea1n.<\/p>\n","protected":false},"excerpt":{"rendered":"<p>K\u1ef3 ngh\u1ec9 30\/04 \u2013 m\u1ed9t ng\u00e0y, m\u1ed9t h\u00e0nh tr\u00ecnh v\u1eeba \u0111\u1ee7 \u0111\u1ec3 t\u1eadn h\u01b0\u1edfng. T\u1eeb bu\u1ed5i chi\u1ec1u b\u00ean h\u1ed3 b\u01a1i v\u1edbi \u00e2m nh\u1ea1c chill nh\u1eb9 v\u00e0 \u0111\u1ed3 u\u1ed1ng m\u00e1t l\u1ea1nh, \u0111\u1ebfn bu\u1ed5i t\u1ed1i BBQ buffet v\u1edbi h\u1ea3i s\u1ea3n, th\u1ecbt n\u01b0\u1edbng v\u00e0 n\u1eeda con t\u00f4m h\u00f9m cho m\u1ed7i kh\u00e1ch &#8211; m\u1ecdi tr\u1ea3i nghi\u1ec7m \u0111\u01b0\u1ee3c k\u1ebft n\u1ed1i [&hellip;]<\/p>\n","protected":false},"author":251,"featured_media":0,"parent":172,"menu_order":1,"comment_status":"closed","ping_status":"closed","template":"template-single-offer.php","meta":{"footnotes":""},"yoast_head":"<!-- This site is optimized with the Yoast SEO plugin v22.3 - https:\/\/yoast.com\/wordpress\/plugins\/seo\/ -->\n<title>\u0110\u1ea1i Ti\u1ec7c M\u1eebng Ng\u00e0y L\u1ec5 30\/04 %<\/title>\n<meta name=\"description\" content=\"K\u1ef3 ngh\u1ec9 30\/04 \u2013 m\u1ed9t ng\u00e0y, m\u1ed9t h\u00e0nh tr\u00ecnh v\u1eeba \u0111\u1ee7 \u0111\u1ec3 t\u1eadn h\u01b0\u1edfng.\u00a0T\u1eeb bu\u1ed5i chi\u1ec1u b\u00ean h\u1ed3 b\u01a1i v\u1edbi \u00e2m nh\u1ea1c chill nh\u1eb9 v\u00e0 \u0111\u1ed3 u\u1ed1ng m\u00e1t l\u1ea1nh, \u0111\u1ebfn bu\u1ed5i t\u1ed1i BBQ buffet v\u1edbi h\u1ea3i s\u1ea3n, th\u1ecbt n\u01b0\u1edbng v\u00e0 n\u1eeda con t\u00f4m h\u00f9m cho m\u1ed7i kh\u00e1ch - m\u1ecdi tr\u1ea3i nghi\u1ec7m \u0111\u01b0\u1ee3c k\u1ebft n\u1ed1i li\u1ec1n m\u1ea1ch, tinh gi\u1ea3n nh\u01b0ng tr\u1ecdn v\u1eb9n.\" \/>\n<meta name=\"robots\" content=\"index, follow, max-snippet:-1, max-image-preview:large, max-video-preview:-1\" \/>\n<link rel=\"canonical\" href=\"https:\/\/www.senvillagehoian.com\/vi\/special-offers\/dai-tiec-mung-ngay-le-30-4\/\" \/>\n<meta property=\"og:locale\" content=\"vi_VN\" \/>\n<meta property=\"og:type\" content=\"article\" \/>\n<meta property=\"og:title\" content=\"\u0110\u1ea1i Ti\u1ec7c M\u1eebng Ng\u00e0y L\u1ec5 30\/04 %\" \/>\n<meta property=\"og:description\" content=\"K\u1ef3 ngh\u1ec9 30\/04 \u2013 m\u1ed9t ng\u00e0y, m\u1ed9t h\u00e0nh tr\u00ecnh v\u1eeba \u0111\u1ee7 \u0111\u1ec3 t\u1eadn h\u01b0\u1edfng.\u00a0T\u1eeb bu\u1ed5i chi\u1ec1u b\u00ean h\u1ed3 b\u01a1i v\u1edbi \u00e2m nh\u1ea1c chill nh\u1eb9 v\u00e0 \u0111\u1ed3 u\u1ed1ng m\u00e1t l\u1ea1nh, \u0111\u1ebfn bu\u1ed5i t\u1ed1i BBQ buffet v\u1edbi h\u1ea3i s\u1ea3n, th\u1ecbt n\u01b0\u1edbng v\u00e0 n\u1eeda con t\u00f4m h\u00f9m cho m\u1ed7i kh\u00e1ch - m\u1ecdi tr\u1ea3i nghi\u1ec7m \u0111\u01b0\u1ee3c k\u1ebft n\u1ed1i li\u1ec1n m\u1ea1ch, tinh gi\u1ea3n nh\u01b0ng tr\u1ecdn v\u1eb9n.\" \/>\n<meta property=\"og:url\" content=\"https:\/\/www.senvillagehoian.com\/vi\/special-offers\/dai-tiec-mung-ngay-le-30-4\/\" \/>\n<meta property=\"og:site_name\" content=\"Sen Village Hoi An\" \/>\n<meta property=\"article:modified_time\" content=\"2026-04-23T02:02:49+00:00\" \/>\n<meta property=\"og:image\" content=\"https:\/\/www.senvillagehoian.com\/wp-content\/uploads\/sites\/127\/2026\/04\/Pool-party-social-1-1-1024x724.png\" \/>\n\t<meta property=\"og:image:width\" content=\"1024\" \/>\n\t<meta property=\"og:image:height\" content=\"724\" \/>\n\t<meta property=\"og:image:type\" content=\"image\/png\" \/>\n<meta name=\"twitter:card\" content=\"summary_large_image\" \/>\n<meta name=\"twitter:label1\" content=\"Est. reading time\" \/>\n\t<meta name=\"twitter:data1\" content=\"2 minutes\" \/>\n<script type=\"application\/ld+json\" class=\"yoast-schema-graph\">{\"@context\":\"https:\/\/schema.org\",\"@graph\":[{\"@type\":\"WebPage\",\"@id\":\"https:\/\/www.senvillagehoian.com\/vi\/special-offers\/dai-tiec-mung-ngay-le-30-4\/\",\"url\":\"https:\/\/www.senvillagehoian.com\/vi\/special-offers\/dai-tiec-mung-ngay-le-30-4\/\",\"name\":\"\u0110\u1ea1i Ti\u1ec7c M\u1eebng Ng\u00e0y L\u1ec5 30\/04 %\",\"isPartOf\":{\"@id\":\"https:\/\/www.senvillagehoian.com\/vi\/#website\"},\"primaryImageOfPage\":{\"@id\":\"https:\/\/www.senvillagehoian.com\/vi\/special-offers\/dai-tiec-mung-ngay-le-30-4\/#primaryimage\"},\"image\":{\"@id\":\"https:\/\/www.senvillagehoian.com\/vi\/special-offers\/dai-tiec-mung-ngay-le-30-4\/#primaryimage\"},\"thumbnailUrl\":\"https:\/\/www.senvillagehoian.com\/wp-content\/uploads\/sites\/127\/2026\/04\/4-300x300.png\",\"datePublished\":\"2026-04-16T08:19:25+00:00\",\"dateModified\":\"2026-04-23T02:02:49+00:00\",\"description\":\"K\u1ef3 ngh\u1ec9 30\/04 \u2013 m\u1ed9t ng\u00e0y, m\u1ed9t h\u00e0nh tr\u00ecnh v\u1eeba \u0111\u1ee7 \u0111\u1ec3 t\u1eadn h\u01b0\u1edfng.\u00a0T\u1eeb bu\u1ed5i chi\u1ec1u b\u00ean h\u1ed3 b\u01a1i v\u1edbi \u00e2m nh\u1ea1c chill nh\u1eb9 v\u00e0 \u0111\u1ed3 u\u1ed1ng m\u00e1t l\u1ea1nh, \u0111\u1ebfn bu\u1ed5i t\u1ed1i BBQ buffet v\u1edbi h\u1ea3i s\u1ea3n, th\u1ecbt n\u01b0\u1edbng v\u00e0 n\u1eeda con t\u00f4m h\u00f9m cho m\u1ed7i kh\u00e1ch - m\u1ecdi tr\u1ea3i nghi\u1ec7m \u0111\u01b0\u1ee3c k\u1ebft n\u1ed1i li\u1ec1n m\u1ea1ch, tinh gi\u1ea3n nh\u01b0ng tr\u1ecdn v\u1eb9n.\",\"breadcrumb\":{\"@id\":\"https:\/\/www.senvillagehoian.com\/vi\/special-offers\/dai-tiec-mung-ngay-le-30-4\/#breadcrumb\"},\"inLanguage\":\"vi-VN\",\"potentialAction\":[{\"@type\":\"ReadAction\",\"target\":[\"https:\/\/www.senvillagehoian.com\/vi\/special-offers\/dai-tiec-mung-ngay-le-30-4\/\"]}]},{\"@type\":\"ImageObject\",\"inLanguage\":\"vi-VN\",\"@id\":\"https:\/\/www.senvillagehoian.com\/vi\/special-offers\/dai-tiec-mung-ngay-le-30-4\/#primaryimage\",\"url\":\"https:\/\/www.senvillagehoian.com\/wp-content\/uploads\/sites\/127\/2026\/04\/4.png\",\"contentUrl\":\"https:\/\/www.senvillagehoian.com\/wp-content\/uploads\/sites\/127\/2026\/04\/4.png\",\"width\":2200,\"height\":2200},{\"@type\":\"BreadcrumbList\",\"@id\":\"https:\/\/www.senvillagehoian.com\/vi\/special-offers\/dai-tiec-mung-ngay-le-30-4\/#breadcrumb\",\"itemListElement\":[{\"@type\":\"ListItem\",\"position\":1,\"name\":\"Home\",\"item\":\"https:\/\/www.senvillagehoian.com\/vi\/\"},{\"@type\":\"ListItem\",\"position\":2,\"name\":\"\u01afu \u0111\u00e3i \u0111\u1eb7c bi\u1ec7t\",\"item\":\"https:\/\/www.senvillagehoian.com\/vi\/special-offers\/\"},{\"@type\":\"ListItem\",\"position\":3,\"name\":\"\u0110\u1ea1i Ti\u1ec7c M\u1eebng Ng\u00e0y L\u1ec5 30\/04\"}]},{\"@type\":\"WebSite\",\"@id\":\"https:\/\/www.senvillagehoian.com\/vi\/#website\",\"url\":\"https:\/\/www.senvillagehoian.com\/vi\/\",\"name\":\"Sen Village Hoi An\",\"description\":\"\",\"potentialAction\":[{\"@type\":\"SearchAction\",\"target\":{\"@type\":\"EntryPoint\",\"urlTemplate\":\"https:\/\/www.senvillagehoian.com\/vi\/?s={search_term_string}\"},\"query-input\":\"required name=search_term_string\"}],\"inLanguage\":\"vi-VN\"}]}<\/script>\n<!-- \/ Yoast SEO plugin. -->","yoast_head_json":{"title":"\u0110\u1ea1i Ti\u1ec7c M\u1eebng Ng\u00e0y L\u1ec5 30\/04 %","description":"K\u1ef3 ngh\u1ec9 30\/04 \u2013 m\u1ed9t ng\u00e0y, m\u1ed9t h\u00e0nh tr\u00ecnh v\u1eeba \u0111\u1ee7 \u0111\u1ec3 t\u1eadn h\u01b0\u1edfng.\u00a0T\u1eeb bu\u1ed5i chi\u1ec1u b\u00ean h\u1ed3 b\u01a1i v\u1edbi \u00e2m nh\u1ea1c chill nh\u1eb9 v\u00e0 \u0111\u1ed3 u\u1ed1ng m\u00e1t l\u1ea1nh, \u0111\u1ebfn bu\u1ed5i t\u1ed1i BBQ buffet v\u1edbi h\u1ea3i s\u1ea3n, th\u1ecbt n\u01b0\u1edbng v\u00e0 n\u1eeda con t\u00f4m h\u00f9m cho m\u1ed7i kh\u00e1ch - m\u1ecdi tr\u1ea3i nghi\u1ec7m \u0111\u01b0\u1ee3c k\u1ebft n\u1ed1i li\u1ec1n m\u1ea1ch, tinh gi\u1ea3n nh\u01b0ng tr\u1ecdn v\u1eb9n.","robots":{"index":"index","follow":"follow","max-snippet":"max-snippet:-1","max-image-preview":"max-image-preview:large","max-video-preview":"max-video-preview:-1"},"canonical":"https:\/\/www.senvillagehoian.com\/vi\/special-offers\/dai-tiec-mung-ngay-le-30-4\/","og_locale":"vi_VN","og_type":"article","og_title":"\u0110\u1ea1i Ti\u1ec7c M\u1eebng Ng\u00e0y L\u1ec5 30\/04 %","og_description":"K\u1ef3 ngh\u1ec9 30\/04 \u2013 m\u1ed9t ng\u00e0y, m\u1ed9t h\u00e0nh tr\u00ecnh v\u1eeba \u0111\u1ee7 \u0111\u1ec3 t\u1eadn h\u01b0\u1edfng.\u00a0T\u1eeb bu\u1ed5i chi\u1ec1u b\u00ean h\u1ed3 b\u01a1i v\u1edbi \u00e2m nh\u1ea1c chill nh\u1eb9 v\u00e0 \u0111\u1ed3 u\u1ed1ng m\u00e1t l\u1ea1nh, \u0111\u1ebfn bu\u1ed5i t\u1ed1i BBQ buffet v\u1edbi h\u1ea3i s\u1ea3n, th\u1ecbt n\u01b0\u1edbng v\u00e0 n\u1eeda con t\u00f4m h\u00f9m cho m\u1ed7i kh\u00e1ch - m\u1ecdi tr\u1ea3i nghi\u1ec7m \u0111\u01b0\u1ee3c k\u1ebft n\u1ed1i li\u1ec1n m\u1ea1ch, tinh gi\u1ea3n nh\u01b0ng tr\u1ecdn v\u1eb9n.","og_url":"https:\/\/www.senvillagehoian.com\/vi\/special-offers\/dai-tiec-mung-ngay-le-30-4\/","og_site_name":"Sen Village Hoi An","article_modified_time":"2026-04-23T02:02:49+00:00","og_image":[{"width":1024,"height":724,"url":"https:\/\/www.senvillagehoian.com\/wp-content\/uploads\/sites\/127\/2026\/04\/Pool-party-social-1-1-1024x724.png","type":"image\/png"}],"twitter_card":"summary_large_image","twitter_misc":{"Est. reading time":"2 minutes"},"schema":{"@context":"https:\/\/schema.org","@graph":[{"@type":"WebPage","@id":"https:\/\/www.senvillagehoian.com\/vi\/special-offers\/dai-tiec-mung-ngay-le-30-4\/","url":"https:\/\/www.senvillagehoian.com\/vi\/special-offers\/dai-tiec-mung-ngay-le-30-4\/","name":"\u0110\u1ea1i Ti\u1ec7c M\u1eebng Ng\u00e0y L\u1ec5 30\/04 %","isPartOf":{"@id":"https:\/\/www.senvillagehoian.com\/vi\/#website"},"primaryImageOfPage":{"@id":"https:\/\/www.senvillagehoian.com\/vi\/special-offers\/dai-tiec-mung-ngay-le-30-4\/#primaryimage"},"image":{"@id":"https:\/\/www.senvillagehoian.com\/vi\/special-offers\/dai-tiec-mung-ngay-le-30-4\/#primaryimage"},"thumbnailUrl":"https:\/\/www.senvillagehoian.com\/wp-content\/uploads\/sites\/127\/2026\/04\/4-300x300.png","datePublished":"2026-04-16T08:19:25+00:00","dateModified":"2026-04-23T02:02:49+00:00","description":"K\u1ef3 ngh\u1ec9 30\/04 \u2013 m\u1ed9t ng\u00e0y, m\u1ed9t h\u00e0nh tr\u00ecnh v\u1eeba \u0111\u1ee7 \u0111\u1ec3 t\u1eadn h\u01b0\u1edfng.\u00a0T\u1eeb bu\u1ed5i chi\u1ec1u b\u00ean h\u1ed3 b\u01a1i v\u1edbi \u00e2m nh\u1ea1c chill nh\u1eb9 v\u00e0 \u0111\u1ed3 u\u1ed1ng m\u00e1t l\u1ea1nh, \u0111\u1ebfn bu\u1ed5i t\u1ed1i BBQ buffet v\u1edbi h\u1ea3i s\u1ea3n, th\u1ecbt n\u01b0\u1edbng v\u00e0 n\u1eeda con t\u00f4m h\u00f9m cho m\u1ed7i kh\u00e1ch - m\u1ecdi tr\u1ea3i nghi\u1ec7m \u0111\u01b0\u1ee3c k\u1ebft n\u1ed1i li\u1ec1n m\u1ea1ch, tinh gi\u1ea3n nh\u01b0ng tr\u1ecdn v\u1eb9n.","breadcrumb":{"@id":"https:\/\/www.senvillagehoian.com\/vi\/special-offers\/dai-tiec-mung-ngay-le-30-4\/#breadcrumb"},"inLanguage":"vi-VN","potentialAction":[{"@type":"ReadAction","target":["https:\/\/www.senvillagehoian.com\/vi\/special-offers\/dai-tiec-mung-ngay-le-30-4\/"]}]},{"@type":"ImageObject","inLanguage":"vi-VN","@id":"https:\/\/www.senvillagehoian.com\/vi\/special-offers\/dai-tiec-mung-ngay-le-30-4\/#primaryimage","url":"https:\/\/www.senvillagehoian.com\/wp-content\/uploads\/sites\/127\/2026\/04\/4.png","contentUrl":"https:\/\/www.senvillagehoian.com\/wp-content\/uploads\/sites\/127\/2026\/04\/4.png","width":2200,"height":2200},{"@type":"BreadcrumbList","@id":"https:\/\/www.senvillagehoian.com\/vi\/special-offers\/dai-tiec-mung-ngay-le-30-4\/#breadcrumb","itemListElement":[{"@type":"ListItem","position":1,"name":"Home","item":"https:\/\/www.senvillagehoian.com\/vi\/"},{"@type":"ListItem","position":2,"name":"\u01afu \u0111\u00e3i \u0111\u1eb7c bi\u1ec7t","item":"https:\/\/www.senvillagehoian.com\/vi\/special-offers\/"},{"@type":"ListItem","position":3,"name":"\u0110\u1ea1i Ti\u1ec7c M\u1eebng Ng\u00e0y L\u1ec5 30\/04"}]},{"@type":"WebSite","@id":"https:\/\/www.senvillagehoian.com\/vi\/#website","url":"https:\/\/www.senvillagehoian.com\/vi\/","name":"Sen Village Hoi An","description":"","potentialAction":[{"@type":"SearchAction","target":{"@type":"EntryPoint","urlTemplate":"https:\/\/www.senvillagehoian.com\/vi\/?s={search_term_string}"},"query-input":"required name=search_term_string"}],"inLanguage":"vi-VN"}]}},"acf":[],"_links":{"self":[{"href":"https:\/\/www.senvillagehoian.com\/vi\/wp-json\/wp\/v2\/pages\/491"}],"collection":[{"href":"https:\/\/www.senvillagehoian.com\/vi\/wp-json\/wp\/v2\/pages"}],"about":[{"href":"https:\/\/www.senvillagehoian.com\/vi\/wp-json\/wp\/v2\/types\/page"}],"author":[{"embeddable":true,"href":"https:\/\/www.senvillagehoian.com\/vi\/wp-json\/wp\/v2\/users\/251"}],"replies":[{"embeddable":true,"href":"https:\/\/www.senvillagehoian.com\/vi\/wp-json\/wp\/v2\/comments?post=491"}],"version-history":[{"count":0,"href":"https:\/\/www.senvillagehoian.com\/vi\/wp-json\/wp\/v2\/pages\/491\/revisions"}],"up":[{"embeddable":true,"href":"https:\/\/www.senvillagehoian.com\/vi\/wp-json\/wp\/v2\/pages\/172"}],"wp:attachment":[{"href":"https:\/\/www.senvillagehoian.com\/vi\/wp-json\/wp\/v2\/media?parent=491"}],"curies":[{"name":"wp","href":"https:\/\/api.w.org\/{rel}","templated":true}]}}