{"id":533,"date":"2026-04-23T01:44:13","date_gmt":"2026-04-23T01:44:13","guid":{"rendered":"https:\/\/www.senvillagehoian.com\/?page_id=533"},"modified":"2026-04-23T04:04:05","modified_gmt":"2026-04-23T04:04:05","slug":"danh-thuc-mua-he-voi-pool-party","status":"publish","type":"page","link":"https:\/\/www.senvillagehoian.com\/vi\/special-offers\/danh-thuc-mua-he-voi-pool-party\/","title":{"rendered":"\u0110\u00e1nh Th\u1ee9c M\u00f9a H\u00e8 v\u1edbi Pool Party"},"content":{"rendered":"<p style=\"text-align: left\">T\u1ea1m qu\u00ean ph\u1ed1 th\u1ecb, h\u00e3y c\u1ee9 th\u1ea3 m\u00ecnh v\u00e0o l\u00e0n n\u01b0\u1edbc m\u00e1t v\u00e0 thong th\u1ea3 t\u1eadn h\u01b0\u1edfng nh\u1eefng b\u1ea3n nh\u1ea1c hay t\u1eeb DJ Nick. M\u1ed9t kh\u00f4ng gian \u0111\u1ee7 r\u1ed9ng, \u0111\u1ee7 t\u00ecnh cho nh\u1eefng ng\u00e0y cu\u1ed1i tu\u1ea7n th\u1ea3nh th\u01a1i.<\/p>\n<ul style=\"text-align: left\">\n<li>169.000 VN\u0110: G\u00f3i gi\u1ea3i nhi\u1ec7t d\u00e0nh cho kh\u00e1ch kh\u00f4ng l\u01b0u tr\u00fa (G\u1ed3m 1 bia \u0111\u1ecba ph\u01b0\u01a1ng &amp; khoai t\u00e2y chi\u00ean).<\/li>\n<li>350.000 VN\u0110: Ti\u1ec7c buffet nh\u1eb9 Semi Canap\u00e9 v\u1edbi c\u00e1c m\u00f3n khai v\u1ecb tinh t\u1ebf.<\/li>\n<\/ul>\n<p style=\"text-align: left\"><img loading=\"lazy\" decoding=\"async\" class=\"alignnone size-medium wp-image-542\" src=\"https:\/\/www.senvillagehoian.com\/wp-content\/uploads\/sites\/127\/2026\/04\/Pool-party-social-2-200x300.png\" alt=\"\" width=\"200\" height=\"300\" srcset=\"https:\/\/www.senvillagehoian.com\/wp-content\/uploads\/sites\/127\/2026\/04\/Pool-party-social-2-200x300.png 200w, https:\/\/www.senvillagehoian.com\/wp-content\/uploads\/sites\/127\/2026\/04\/Pool-party-social-2-683x1024.png 683w, https:\/\/www.senvillagehoian.com\/wp-content\/uploads\/sites\/127\/2026\/04\/Pool-party-social-2-768x1152.png 768w, https:\/\/www.senvillagehoian.com\/wp-content\/uploads\/sites\/127\/2026\/04\/Pool-party-social-2-1024x1536.png 1024w, https:\/\/www.senvillagehoian.com\/wp-content\/uploads\/sites\/127\/2026\/04\/Pool-party-social-2-600x900.png 600w, https:\/\/www.senvillagehoian.com\/wp-content\/uploads\/sites\/127\/2026\/04\/Pool-party-social-2-1000x1500.png 1000w, https:\/\/www.senvillagehoian.com\/wp-content\/uploads\/sites\/127\/2026\/04\/Pool-party-social-2.png 1280w\" sizes=\"(max-width: 200px) 100vw, 200px\" \/><\/p>\n<p style=\"text-align: left\">\u2728 Th\u1eddi gian: 15:00 \u2013 19:00 | Th\u1ee9 6 h\u00e0ng tu\u1ea7n<\/p>\n<p style=\"text-align: left\">\ud83d\udccd \u0110\u1ecba \u0111i\u1ec3m: H\u1ed3 b\u01a1i \u2013 Sen Village Hoi An<\/p>\n<p style=\"text-align: left\">H\u1eb9n b\u1ea1n b\u00ean h\u1ed3 b\u01a1i, n\u01a1i bia m\u00e1t l\u1ea1nh v\u00e0 \u00e2m nh\u1ea1c \u0111ang ch\u1edd s\u1eb5n!<\/p>\n","protected":false},"excerpt":{"rendered":"<p>T\u1ea1m qu\u00ean ph\u1ed1 th\u1ecb, h\u00e3y c\u1ee9 th\u1ea3 m\u00ecnh v\u00e0o l\u00e0n n\u01b0\u1edbc m\u00e1t v\u00e0 thong th\u1ea3 t\u1eadn h\u01b0\u1edfng nh\u1eefng b\u1ea3n nh\u1ea1c hay t\u1eeb DJ Nick. M\u1ed9t kh\u00f4ng gian \u0111\u1ee7 r\u1ed9ng, \u0111\u1ee7 t\u00ecnh cho nh\u1eefng ng\u00e0y cu\u1ed1i tu\u1ea7n th\u1ea3nh th\u01a1i. 169.000 VN\u0110: G\u00f3i gi\u1ea3i nhi\u1ec7t d\u00e0nh cho kh\u00e1ch kh\u00f4ng l\u01b0u tr\u00fa (G\u1ed3m 1 bia \u0111\u1ecba ph\u01b0\u01a1ng &amp; [&hellip;]<\/p>\n","protected":false},"author":251,"featured_media":0,"parent":172,"menu_order":1,"comment_status":"closed","ping_status":"closed","template":"template-single-offer.php","meta":{"footnotes":""},"yoast_head":"<!-- This site is optimized with the Yoast SEO plugin v22.3 - https:\/\/yoast.com\/wordpress\/plugins\/seo\/ -->\n<title>\u0110\u00e1nh Th\u1ee9c M\u00f9a H\u00e8 T\u1ea1i Sen Village Hoi An<\/title>\n<meta name=\"description\" content=\"T\u1ea1m qu\u00ean ph\u1ed1 th\u1ecb, h\u00e3y c\u1ee9 th\u1ea3 m\u00ecnh v\u00e0o l\u00e0n n\u01b0\u1edbc m\u00e1t v\u00e0 thong th\u1ea3 t\u1eadn h\u01b0\u1edfng nh\u1eefng b\u1ea3n nh\u1ea1c hay t\u1eeb DJ Nick. M\u1ed9t kh\u00f4ng gian \u0111\u1ee7 r\u1ed9ng, \u0111\u1ee7 t\u00ecnh cho nh\u1eefng ng\u00e0y cu\u1ed1i tu\u1ea7n th\u1ea3nh th\u01a1i.\" \/>\n<meta name=\"robots\" content=\"index, follow, max-snippet:-1, max-image-preview:large, max-video-preview:-1\" \/>\n<link rel=\"canonical\" href=\"https:\/\/www.senvillagehoian.com\/vi\/special-offers\/danh-thuc-mua-he-voi-pool-party\/\" \/>\n<meta property=\"og:locale\" content=\"vi_VN\" \/>\n<meta property=\"og:type\" content=\"article\" \/>\n<meta property=\"og:title\" content=\"\u0110\u00e1nh Th\u1ee9c M\u00f9a H\u00e8 T\u1ea1i Sen Village Hoi An\" \/>\n<meta property=\"og:description\" content=\"T\u1ea1m qu\u00ean ph\u1ed1 th\u1ecb, h\u00e3y c\u1ee9 th\u1ea3 m\u00ecnh v\u00e0o l\u00e0n n\u01b0\u1edbc m\u00e1t v\u00e0 thong th\u1ea3 t\u1eadn h\u01b0\u1edfng nh\u1eefng b\u1ea3n nh\u1ea1c hay t\u1eeb DJ Nick. M\u1ed9t kh\u00f4ng gian \u0111\u1ee7 r\u1ed9ng, \u0111\u1ee7 t\u00ecnh cho nh\u1eefng ng\u00e0y cu\u1ed1i tu\u1ea7n th\u1ea3nh th\u01a1i.\" \/>\n<meta property=\"og:url\" content=\"https:\/\/www.senvillagehoian.com\/vi\/special-offers\/danh-thuc-mua-he-voi-pool-party\/\" \/>\n<meta property=\"og:site_name\" content=\"Sen Village Hoi An\" \/>\n<meta property=\"article:modified_time\" content=\"2026-04-23T04:04:05+00:00\" \/>\n<meta property=\"og:image\" content=\"https:\/\/www.senvillagehoian.com\/wp-content\/uploads\/sites\/127\/2026\/04\/Pool-party-social-2-200x300.png\" \/>\n<meta name=\"twitter:card\" content=\"summary_large_image\" \/>\n<meta name=\"twitter:label1\" content=\"Est. reading time\" \/>\n\t<meta name=\"twitter:data1\" content=\"1 minute\" \/>\n<script type=\"application\/ld+json\" class=\"yoast-schema-graph\">{\"@context\":\"https:\/\/schema.org\",\"@graph\":[{\"@type\":\"WebPage\",\"@id\":\"https:\/\/www.senvillagehoian.com\/vi\/special-offers\/danh-thuc-mua-he-voi-pool-party\/\",\"url\":\"https:\/\/www.senvillagehoian.com\/vi\/special-offers\/danh-thuc-mua-he-voi-pool-party\/\",\"name\":\"\u0110\u00e1nh Th\u1ee9c M\u00f9a H\u00e8 T\u1ea1i Sen Village Hoi An\",\"isPartOf\":{\"@id\":\"https:\/\/www.senvillagehoian.com\/vi\/#website\"},\"primaryImageOfPage\":{\"@id\":\"https:\/\/www.senvillagehoian.com\/vi\/special-offers\/danh-thuc-mua-he-voi-pool-party\/#primaryimage\"},\"image\":{\"@id\":\"https:\/\/www.senvillagehoian.com\/vi\/special-offers\/danh-thuc-mua-he-voi-pool-party\/#primaryimage\"},\"thumbnailUrl\":\"https:\/\/www.senvillagehoian.com\/wp-content\/uploads\/sites\/127\/2026\/04\/Pool-party-social-2-200x300.png\",\"datePublished\":\"2026-04-23T01:44:13+00:00\",\"dateModified\":\"2026-04-23T04:04:05+00:00\",\"description\":\"T\u1ea1m qu\u00ean ph\u1ed1 th\u1ecb, h\u00e3y c\u1ee9 th\u1ea3 m\u00ecnh v\u00e0o l\u00e0n n\u01b0\u1edbc m\u00e1t v\u00e0 thong th\u1ea3 t\u1eadn h\u01b0\u1edfng nh\u1eefng b\u1ea3n nh\u1ea1c hay t\u1eeb DJ Nick. M\u1ed9t kh\u00f4ng gian \u0111\u1ee7 r\u1ed9ng, \u0111\u1ee7 t\u00ecnh cho nh\u1eefng ng\u00e0y cu\u1ed1i tu\u1ea7n th\u1ea3nh th\u01a1i.\",\"breadcrumb\":{\"@id\":\"https:\/\/www.senvillagehoian.com\/vi\/special-offers\/danh-thuc-mua-he-voi-pool-party\/#breadcrumb\"},\"inLanguage\":\"vi-VN\",\"potentialAction\":[{\"@type\":\"ReadAction\",\"target\":[\"https:\/\/www.senvillagehoian.com\/vi\/special-offers\/danh-thuc-mua-he-voi-pool-party\/\"]}]},{\"@type\":\"ImageObject\",\"inLanguage\":\"vi-VN\",\"@id\":\"https:\/\/www.senvillagehoian.com\/vi\/special-offers\/danh-thuc-mua-he-voi-pool-party\/#primaryimage\",\"url\":\"https:\/\/www.senvillagehoian.com\/wp-content\/uploads\/sites\/127\/2026\/04\/Pool-party-social-2.png\",\"contentUrl\":\"https:\/\/www.senvillagehoian.com\/wp-content\/uploads\/sites\/127\/2026\/04\/Pool-party-social-2.png\",\"width\":1280,\"height\":1920},{\"@type\":\"BreadcrumbList\",\"@id\":\"https:\/\/www.senvillagehoian.com\/vi\/special-offers\/danh-thuc-mua-he-voi-pool-party\/#breadcrumb\",\"itemListElement\":[{\"@type\":\"ListItem\",\"position\":1,\"name\":\"Home\",\"item\":\"https:\/\/www.senvillagehoian.com\/vi\/\"},{\"@type\":\"ListItem\",\"position\":2,\"name\":\"\u01afu \u0111\u00e3i \u0111\u1eb7c bi\u1ec7t\",\"item\":\"https:\/\/www.senvillagehoian.com\/vi\/special-offers\/\"},{\"@type\":\"ListItem\",\"position\":3,\"name\":\"\u0110\u00e1nh Th\u1ee9c M\u00f9a H\u00e8 v\u1edbi Pool Party\"}]},{\"@type\":\"WebSite\",\"@id\":\"https:\/\/www.senvillagehoian.com\/vi\/#website\",\"url\":\"https:\/\/www.senvillagehoian.com\/vi\/\",\"name\":\"Sen Village Hoi An\",\"description\":\"\",\"potentialAction\":[{\"@type\":\"SearchAction\",\"target\":{\"@type\":\"EntryPoint\",\"urlTemplate\":\"https:\/\/www.senvillagehoian.com\/vi\/?s={search_term_string}\"},\"query-input\":\"required name=search_term_string\"}],\"inLanguage\":\"vi-VN\"}]}<\/script>\n<!-- \/ Yoast SEO plugin. -->","yoast_head_json":{"title":"\u0110\u00e1nh Th\u1ee9c M\u00f9a H\u00e8 T\u1ea1i Sen Village Hoi An","description":"T\u1ea1m qu\u00ean ph\u1ed1 th\u1ecb, h\u00e3y c\u1ee9 th\u1ea3 m\u00ecnh v\u00e0o l\u00e0n n\u01b0\u1edbc m\u00e1t v\u00e0 thong th\u1ea3 t\u1eadn h\u01b0\u1edfng nh\u1eefng b\u1ea3n nh\u1ea1c hay t\u1eeb DJ Nick. M\u1ed9t kh\u00f4ng gian \u0111\u1ee7 r\u1ed9ng, \u0111\u1ee7 t\u00ecnh cho nh\u1eefng ng\u00e0y cu\u1ed1i tu\u1ea7n th\u1ea3nh th\u01a1i.","robots":{"index":"index","follow":"follow","max-snippet":"max-snippet:-1","max-image-preview":"max-image-preview:large","max-video-preview":"max-video-preview:-1"},"canonical":"https:\/\/www.senvillagehoian.com\/vi\/special-offers\/danh-thuc-mua-he-voi-pool-party\/","og_locale":"vi_VN","og_type":"article","og_title":"\u0110\u00e1nh Th\u1ee9c M\u00f9a H\u00e8 T\u1ea1i Sen Village Hoi An","og_description":"T\u1ea1m qu\u00ean ph\u1ed1 th\u1ecb, h\u00e3y c\u1ee9 th\u1ea3 m\u00ecnh v\u00e0o l\u00e0n n\u01b0\u1edbc m\u00e1t v\u00e0 thong th\u1ea3 t\u1eadn h\u01b0\u1edfng nh\u1eefng b\u1ea3n nh\u1ea1c hay t\u1eeb DJ Nick. M\u1ed9t kh\u00f4ng gian \u0111\u1ee7 r\u1ed9ng, \u0111\u1ee7 t\u00ecnh cho nh\u1eefng ng\u00e0y cu\u1ed1i tu\u1ea7n th\u1ea3nh th\u01a1i.","og_url":"https:\/\/www.senvillagehoian.com\/vi\/special-offers\/danh-thuc-mua-he-voi-pool-party\/","og_site_name":"Sen Village Hoi An","article_modified_time":"2026-04-23T04:04:05+00:00","og_image":[{"url":"https:\/\/www.senvillagehoian.com\/wp-content\/uploads\/sites\/127\/2026\/04\/Pool-party-social-2-200x300.png"}],"twitter_card":"summary_large_image","twitter_misc":{"Est. reading time":"1 minute"},"schema":{"@context":"https:\/\/schema.org","@graph":[{"@type":"WebPage","@id":"https:\/\/www.senvillagehoian.com\/vi\/special-offers\/danh-thuc-mua-he-voi-pool-party\/","url":"https:\/\/www.senvillagehoian.com\/vi\/special-offers\/danh-thuc-mua-he-voi-pool-party\/","name":"\u0110\u00e1nh Th\u1ee9c M\u00f9a H\u00e8 T\u1ea1i Sen Village Hoi An","isPartOf":{"@id":"https:\/\/www.senvillagehoian.com\/vi\/#website"},"primaryImageOfPage":{"@id":"https:\/\/www.senvillagehoian.com\/vi\/special-offers\/danh-thuc-mua-he-voi-pool-party\/#primaryimage"},"image":{"@id":"https:\/\/www.senvillagehoian.com\/vi\/special-offers\/danh-thuc-mua-he-voi-pool-party\/#primaryimage"},"thumbnailUrl":"https:\/\/www.senvillagehoian.com\/wp-content\/uploads\/sites\/127\/2026\/04\/Pool-party-social-2-200x300.png","datePublished":"2026-04-23T01:44:13+00:00","dateModified":"2026-04-23T04:04:05+00:00","description":"T\u1ea1m qu\u00ean ph\u1ed1 th\u1ecb, h\u00e3y c\u1ee9 th\u1ea3 m\u00ecnh v\u00e0o l\u00e0n n\u01b0\u1edbc m\u00e1t v\u00e0 thong th\u1ea3 t\u1eadn h\u01b0\u1edfng nh\u1eefng b\u1ea3n nh\u1ea1c hay t\u1eeb DJ Nick. M\u1ed9t kh\u00f4ng gian \u0111\u1ee7 r\u1ed9ng, \u0111\u1ee7 t\u00ecnh cho nh\u1eefng ng\u00e0y cu\u1ed1i tu\u1ea7n th\u1ea3nh th\u01a1i.","breadcrumb":{"@id":"https:\/\/www.senvillagehoian.com\/vi\/special-offers\/danh-thuc-mua-he-voi-pool-party\/#breadcrumb"},"inLanguage":"vi-VN","potentialAction":[{"@type":"ReadAction","target":["https:\/\/www.senvillagehoian.com\/vi\/special-offers\/danh-thuc-mua-he-voi-pool-party\/"]}]},{"@type":"ImageObject","inLanguage":"vi-VN","@id":"https:\/\/www.senvillagehoian.com\/vi\/special-offers\/danh-thuc-mua-he-voi-pool-party\/#primaryimage","url":"https:\/\/www.senvillagehoian.com\/wp-content\/uploads\/sites\/127\/2026\/04\/Pool-party-social-2.png","contentUrl":"https:\/\/www.senvillagehoian.com\/wp-content\/uploads\/sites\/127\/2026\/04\/Pool-party-social-2.png","width":1280,"height":1920},{"@type":"BreadcrumbList","@id":"https:\/\/www.senvillagehoian.com\/vi\/special-offers\/danh-thuc-mua-he-voi-pool-party\/#breadcrumb","itemListElement":[{"@type":"ListItem","position":1,"name":"Home","item":"https:\/\/www.senvillagehoian.com\/vi\/"},{"@type":"ListItem","position":2,"name":"\u01afu \u0111\u00e3i \u0111\u1eb7c bi\u1ec7t","item":"https:\/\/www.senvillagehoian.com\/vi\/special-offers\/"},{"@type":"ListItem","position":3,"name":"\u0110\u00e1nh Th\u1ee9c M\u00f9a H\u00e8 v\u1edbi Pool Party"}]},{"@type":"WebSite","@id":"https:\/\/www.senvillagehoian.com\/vi\/#website","url":"https:\/\/www.senvillagehoian.com\/vi\/","name":"Sen Village Hoi An","description":"","potentialAction":[{"@type":"SearchAction","target":{"@type":"EntryPoint","urlTemplate":"https:\/\/www.senvillagehoian.com\/vi\/?s={search_term_string}"},"query-input":"required name=search_term_string"}],"inLanguage":"vi-VN"}]}},"acf":[],"_links":{"self":[{"href":"https:\/\/www.senvillagehoian.com\/vi\/wp-json\/wp\/v2\/pages\/533"}],"collection":[{"href":"https:\/\/www.senvillagehoian.com\/vi\/wp-json\/wp\/v2\/pages"}],"about":[{"href":"https:\/\/www.senvillagehoian.com\/vi\/wp-json\/wp\/v2\/types\/page"}],"author":[{"embeddable":true,"href":"https:\/\/www.senvillagehoian.com\/vi\/wp-json\/wp\/v2\/users\/251"}],"replies":[{"embeddable":true,"href":"https:\/\/www.senvillagehoian.com\/vi\/wp-json\/wp\/v2\/comments?post=533"}],"version-history":[{"count":0,"href":"https:\/\/www.senvillagehoian.com\/vi\/wp-json\/wp\/v2\/pages\/533\/revisions"}],"up":[{"embeddable":true,"href":"https:\/\/www.senvillagehoian.com\/vi\/wp-json\/wp\/v2\/pages\/172"}],"wp:attachment":[{"href":"https:\/\/www.senvillagehoian.com\/vi\/wp-json\/wp\/v2\/media?parent=533"}],"curies":[{"name":"wp","href":"https:\/\/api.w.org\/{rel}","templated":true}]}}