{"id":545,"date":"2026-04-23T04:12:24","date_gmt":"2026-04-23T04:12:24","guid":{"rendered":"https:\/\/www.senvillagehoian.com\/?page_id=545"},"modified":"2026-04-23T04:20:47","modified_gmt":"2026-04-23T04:20:47","slug":"pho-hoi-xua-buffet","status":"publish","type":"page","link":"https:\/\/www.senvillagehoian.com\/vi\/special-offers\/pho-hoi-xua-buffet\/","title":{"rendered":"Ph\u1ed1 H\u1ed9i X\u01b0a \u2013 Ng\u01b0\u1ee3c D\u00f2ng K\u00fd \u1ee8c C\u00f9ng Sen"},"content":{"rendered":"<div class=\"xdj266r x14z9mp xat24cr x1lziwak x1vvkbs x126k92a\">\n<div dir=\"auto\">Th\u1ee9 B\u1ea3y n\u00e0y, m\u1eddi b\u1ea1n c\u00f9ng Sen Village Hoi An thong th\u1ea3 t\u1eadn h\u01b0\u1edfng kh\u00f4ng gian &#8220;Ph\u1ed1 H\u1ed9i X\u01b0a&#8221; thu nh\u1ecf, n\u01a1i nh\u1eefng gi\u00e1 tr\u1ecb truy\u1ec1n th\u1ed1ng \u0111\u01b0\u1ee3c t\u00e1i hi\u1ec7n \u0111\u1ea7y s\u1ed1ng \u0111\u1ed9ng:<\/div>\n<div dir=\"auto\"><\/div>\n<\/div>\n<div class=\"x14z9mp xat24cr x1lziwak x1vvkbs xtlvy1s x126k92a\">\n<div dir=\"auto\">&#8211; Buffet 25+ m\u00f3n \u1ea9m th\u1ef1c \u0111\u1ecba ph\u01b0\u01a1ng: T\u1eeb nh\u1eefng m\u00f3n \u0103n ch\u01a1i \u0111\u1ebfn m\u00f3n ch\u00ednh \u0111\u1eadm \u0111\u00e0, b\u1ea1n c\u00f2n c\u00f3 th\u1ec3 t\u1ef1 tay l\u00e0m n\u00ean nh\u1eefng h\u01b0\u01a1ng v\u1ecb mang d\u1ea5u \u1ea5n c\u1ee7a ri\u00eang m\u00ecnh ngay t\u1ea1i qu\u1ea7y.<\/div>\n<div dir=\"auto\">&#8211; Vui ch\u01a1i &amp; \u00c2m nh\u1ea1c: Th\u1eed t\u00e0i v\u1edbi c\u00e1c tr\u00f2 ch\u01a1i d\u00e2n gian r\u1ed9n r\u00e0ng v\u00e0 th\u01b0 gi\u00e3n c\u00f9ng nh\u1eefng m\u00e0n tr\u00ecnh di\u1ec5n nh\u1ea1c c\u1ee5 \u0111\u1eb7c s\u1eafc.<\/div>\n<div dir=\"auto\">&#8211; Th\u1eed v\u1eadn may: Ch\u01b0\u01a1ng tr\u00ecnh X\u1ed5 s\u1ed1 ki\u1ebfn thi\u1ebft vui nh\u1ed9n v\u1edbi nh\u1eefng ph\u1ea7n qu\u00e0 b\u1ea5t ng\u1edd.<\/div>\n<div dir=\"auto\"><img loading=\"lazy\" decoding=\"async\" class=\"alignnone size-medium wp-image-548\" src=\"https:\/\/www.senvillagehoian.com\/wp-content\/uploads\/sites\/127\/2026\/04\/social-200x300.png\" alt=\"\" width=\"200\" height=\"300\" srcset=\"https:\/\/www.senvillagehoian.com\/wp-content\/uploads\/sites\/127\/2026\/04\/social-200x300.png 200w, https:\/\/www.senvillagehoian.com\/wp-content\/uploads\/sites\/127\/2026\/04\/social-683x1024.png 683w, https:\/\/www.senvillagehoian.com\/wp-content\/uploads\/sites\/127\/2026\/04\/social-768x1152.png 768w, https:\/\/www.senvillagehoian.com\/wp-content\/uploads\/sites\/127\/2026\/04\/social-1024x1536.png 1024w, https:\/\/www.senvillagehoian.com\/wp-content\/uploads\/sites\/127\/2026\/04\/social-600x900.png 600w, https:\/\/www.senvillagehoian.com\/wp-content\/uploads\/sites\/127\/2026\/04\/social-1000x1500.png 1000w, https:\/\/www.senvillagehoian.com\/wp-content\/uploads\/sites\/127\/2026\/04\/social.png 1280w\" sizes=\"(max-width: 200px) 100vw, 200px\" \/><\/div>\n<\/div>\n<div class=\"x14z9mp xat24cr x1lziwak x1vvkbs xtlvy1s x126k92a\">\n<div dir=\"auto\"><span class=\"html-span xexx8yu xyri2b x18d9i69 x1c1uobl x1hl2dhg x16tdsg8 x1vvkbs x3nfvp2 x1j61x8r x1fcty0u xdj266r xat24cr xm2jcoa x1mpyi22 xxymvpz xlup9mm x1kky2od\"><img loading=\"lazy\" decoding=\"async\" class=\"xz74otr x15mokao x1ga7v0g x16uus16 xbiv7yw\" src=\"https:\/\/static.xx.fbcdn.net\/images\/emoji.php\/v9\/td8\/1\/16\/1f39f.png\" alt=\"\ud83c\udf9f\" width=\"16\" height=\"16\" \/><\/span> GI\u00c1 V\u00c9:<\/div>\n<div dir=\"auto\">&#8211; Ng\u01b0\u1eddi l\u1edbn: 299.000 VN\u0110 net<\/div>\n<div dir=\"auto\">&#8211; Tr\u1ebb em (60cm &#8211; 1m20): 149.500 VN\u0110 net<\/div>\n<div dir=\"auto\">&#8211; Mi\u1ec5n ph\u00ed cho b\u00e9 d\u01b0\u1edbi 60cm<\/div>\n<div dir=\"auto\"><\/div>\n<\/div>\n<div class=\"x14z9mp xat24cr x1lziwak x1vvkbs xtlvy1s x126k92a\">\n<div dir=\"auto\"><strong>\u01afU \u0110\u00c3I \u0110\u1eb6C BI\u1ec6T: MUA 5 T\u1eb6NG 1<\/strong><\/div>\n<\/div>\n<div class=\"x14z9mp xat24cr x1lziwak x1vvkbs xtlvy1s x126k92a\">\n<div dir=\"auto\"><span class=\"html-span xexx8yu xyri2b x18d9i69 x1c1uobl x1hl2dhg x16tdsg8 x1vvkbs x3nfvp2 x1j61x8r x1fcty0u xdj266r xat24cr xm2jcoa x1mpyi22 xxymvpz xlup9mm x1kky2od\"><img loading=\"lazy\" decoding=\"async\" class=\"xz74otr x15mokao x1ga7v0g x16uus16 xbiv7yw\" src=\"https:\/\/static.xx.fbcdn.net\/images\/emoji.php\/v9\/tf4\/1\/16\/2728.png\" alt=\"\u2728\" width=\"16\" height=\"16\" \/><\/span> Th\u1eddi gian: 17:00 \u2013 20:00 | Th\u1ee9 B\u1ea3y h\u00e0ng tu\u1ea7n<\/div>\n<div dir=\"auto\"><span class=\"html-span xexx8yu xyri2b x18d9i69 x1c1uobl x1hl2dhg x16tdsg8 x1vvkbs x3nfvp2 x1j61x8r x1fcty0u xdj266r xat24cr xm2jcoa x1mpyi22 xxymvpz xlup9mm x1kky2od\"><img loading=\"lazy\" decoding=\"async\" class=\"xz74otr x15mokao x1ga7v0g x16uus16 xbiv7yw\" src=\"https:\/\/static.xx.fbcdn.net\/images\/emoji.php\/v9\/t2d\/1\/16\/1f4cd.png\" alt=\"\ud83d\udccd\" width=\"16\" height=\"16\" \/><\/span> \u0110\u1ecba \u0111i\u1ec3m: Sen Garden \u2013 Sen Village Hoi An<\/div>\n<div dir=\"auto\"><\/div>\n<\/div>\n<div class=\"x14z9mp xat24cr x1lziwak x1vvkbs xtlvy1s x126k92a\">\n<div dir=\"auto\">G\u00e1c l\u1ea1i b\u1ed9n b\u1ec1, c\u00f9ng Sen t\u00ecm v\u1ec1 nh\u1eefng b\u00ecnh y\u00ean th\u1eadt th\u00e2n th\u01b0\u01a1ng!<\/div>\n<\/div>\n","protected":false},"excerpt":{"rendered":"<p>Th\u1ee9 B\u1ea3y n\u00e0y, m\u1eddi b\u1ea1n c\u00f9ng Sen Village Hoi An thong th\u1ea3 t\u1eadn h\u01b0\u1edfng kh\u00f4ng gian &#8220;Ph\u1ed1 H\u1ed9i X\u01b0a&#8221; thu nh\u1ecf, n\u01a1i nh\u1eefng gi\u00e1 tr\u1ecb truy\u1ec1n th\u1ed1ng \u0111\u01b0\u1ee3c t\u00e1i hi\u1ec7n \u0111\u1ea7y s\u1ed1ng \u0111\u1ed9ng: &#8211; Buffet 25+ m\u00f3n \u1ea9m th\u1ef1c \u0111\u1ecba ph\u01b0\u01a1ng: T\u1eeb nh\u1eefng m\u00f3n \u0103n ch\u01a1i \u0111\u1ebfn m\u00f3n ch\u00ednh \u0111\u1eadm \u0111\u00e0, b\u1ea1n c\u00f2n c\u00f3 th\u1ec3 [&hellip;]<\/p>\n","protected":false},"author":251,"featured_media":546,"parent":172,"menu_order":1,"comment_status":"closed","ping_status":"closed","template":"template-single-offer.php","meta":{"footnotes":""},"yoast_head":"<!-- This site is optimized with the Yoast SEO plugin v22.3 - https:\/\/yoast.com\/wordpress\/plugins\/seo\/ -->\n<title>Ph\u1ed1 H\u1ed9i X\u01b0a \u2013 Ng\u01b0\u1ee3c D\u00f2ng K\u00fd \u1ee8c C\u00f9ng Sen<\/title>\n<meta name=\"description\" content=\"Th\u1ee9 B\u1ea3y n\u00e0y, m\u1eddi b\u1ea1n c\u00f9ng Sen Village Hoi An thong th\u1ea3 t\u1eadn h\u01b0\u1edfng kh\u00f4ng gian &quot;Ph\u1ed1 H\u1ed9i X\u01b0a&quot; thu nh\u1ecf, n\u01a1i nh\u1eefng gi\u00e1 tr\u1ecb truy\u1ec1n th\u1ed1ng \u0111\u01b0\u1ee3c t\u00e1i hi\u1ec7n \u0111\u1ea7y s\u1ed1ng \u0111\u1ed9ng\" \/>\n<meta name=\"robots\" content=\"index, follow, max-snippet:-1, max-image-preview:large, max-video-preview:-1\" \/>\n<link rel=\"canonical\" href=\"https:\/\/www.senvillagehoian.com\/vi\/special-offers\/pho-hoi-xua-buffet\/\" \/>\n<meta property=\"og:locale\" content=\"vi_VN\" \/>\n<meta property=\"og:type\" content=\"article\" \/>\n<meta property=\"og:title\" content=\"Ph\u1ed1 H\u1ed9i X\u01b0a \u2013 Ng\u01b0\u1ee3c D\u00f2ng K\u00fd \u1ee8c C\u00f9ng Sen\" \/>\n<meta property=\"og:description\" content=\"Th\u1ee9 B\u1ea3y n\u00e0y, m\u1eddi b\u1ea1n c\u00f9ng Sen Village Hoi An thong th\u1ea3 t\u1eadn h\u01b0\u1edfng kh\u00f4ng gian &quot;Ph\u1ed1 H\u1ed9i X\u01b0a&quot; thu nh\u1ecf, n\u01a1i nh\u1eefng gi\u00e1 tr\u1ecb truy\u1ec1n th\u1ed1ng \u0111\u01b0\u1ee3c t\u00e1i hi\u1ec7n \u0111\u1ea7y s\u1ed1ng \u0111\u1ed9ng\" \/>\n<meta property=\"og:url\" content=\"https:\/\/www.senvillagehoian.com\/vi\/special-offers\/pho-hoi-xua-buffet\/\" \/>\n<meta property=\"og:site_name\" content=\"Sen Village Hoi An\" \/>\n<meta property=\"article:modified_time\" content=\"2026-04-23T04:20:47+00:00\" \/>\n<meta property=\"og:image\" content=\"https:\/\/www.senvillagehoian.com\/wp-content\/uploads\/sites\/127\/2026\/04\/Pool-party-social-3-1024x724.png\" \/>\n\t<meta property=\"og:image:width\" content=\"1024\" \/>\n\t<meta property=\"og:image:height\" content=\"724\" \/>\n\t<meta property=\"og:image:type\" content=\"image\/png\" \/>\n<meta name=\"twitter:card\" content=\"summary_large_image\" \/>\n<meta name=\"twitter:label1\" content=\"Est. reading time\" \/>\n\t<meta name=\"twitter:data1\" content=\"2 minutes\" \/>\n<script type=\"application\/ld+json\" class=\"yoast-schema-graph\">{\"@context\":\"https:\/\/schema.org\",\"@graph\":[{\"@type\":\"WebPage\",\"@id\":\"https:\/\/www.senvillagehoian.com\/vi\/special-offers\/pho-hoi-xua-buffet\/\",\"url\":\"https:\/\/www.senvillagehoian.com\/vi\/special-offers\/pho-hoi-xua-buffet\/\",\"name\":\"Ph\u1ed1 H\u1ed9i X\u01b0a \u2013 Ng\u01b0\u1ee3c D\u00f2ng K\u00fd \u1ee8c C\u00f9ng Sen\",\"isPartOf\":{\"@id\":\"https:\/\/www.senvillagehoian.com\/vi\/#website\"},\"primaryImageOfPage\":{\"@id\":\"https:\/\/www.senvillagehoian.com\/vi\/special-offers\/pho-hoi-xua-buffet\/#primaryimage\"},\"image\":{\"@id\":\"https:\/\/www.senvillagehoian.com\/vi\/special-offers\/pho-hoi-xua-buffet\/#primaryimage\"},\"thumbnailUrl\":\"https:\/\/www.senvillagehoian.com\/wp-content\/uploads\/sites\/127\/2026\/04\/Pool-party-social-3.png\",\"datePublished\":\"2026-04-23T04:12:24+00:00\",\"dateModified\":\"2026-04-23T04:20:47+00:00\",\"description\":\"Th\u1ee9 B\u1ea3y n\u00e0y, m\u1eddi b\u1ea1n c\u00f9ng Sen Village Hoi An thong th\u1ea3 t\u1eadn h\u01b0\u1edfng kh\u00f4ng gian \\\"Ph\u1ed1 H\u1ed9i X\u01b0a\\\" thu nh\u1ecf, n\u01a1i nh\u1eefng gi\u00e1 tr\u1ecb truy\u1ec1n th\u1ed1ng \u0111\u01b0\u1ee3c t\u00e1i hi\u1ec7n \u0111\u1ea7y s\u1ed1ng \u0111\u1ed9ng\",\"breadcrumb\":{\"@id\":\"https:\/\/www.senvillagehoian.com\/vi\/special-offers\/pho-hoi-xua-buffet\/#breadcrumb\"},\"inLanguage\":\"vi-VN\",\"potentialAction\":[{\"@type\":\"ReadAction\",\"target\":[\"https:\/\/www.senvillagehoian.com\/vi\/special-offers\/pho-hoi-xua-buffet\/\"]}]},{\"@type\":\"ImageObject\",\"inLanguage\":\"vi-VN\",\"@id\":\"https:\/\/www.senvillagehoian.com\/vi\/special-offers\/pho-hoi-xua-buffet\/#primaryimage\",\"url\":\"https:\/\/www.senvillagehoian.com\/wp-content\/uploads\/sites\/127\/2026\/04\/Pool-party-social-3.png\",\"contentUrl\":\"https:\/\/www.senvillagehoian.com\/wp-content\/uploads\/sites\/127\/2026\/04\/Pool-party-social-3.png\",\"width\":2000,\"height\":1414},{\"@type\":\"BreadcrumbList\",\"@id\":\"https:\/\/www.senvillagehoian.com\/vi\/special-offers\/pho-hoi-xua-buffet\/#breadcrumb\",\"itemListElement\":[{\"@type\":\"ListItem\",\"position\":1,\"name\":\"Home\",\"item\":\"https:\/\/www.senvillagehoian.com\/vi\/\"},{\"@type\":\"ListItem\",\"position\":2,\"name\":\"\u01afu \u0111\u00e3i \u0111\u1eb7c bi\u1ec7t\",\"item\":\"https:\/\/www.senvillagehoian.com\/vi\/special-offers\/\"},{\"@type\":\"ListItem\",\"position\":3,\"name\":\"Ph\u1ed1 H\u1ed9i X\u01b0a \u2013 Ng\u01b0\u1ee3c D\u00f2ng K\u00fd \u1ee8c C\u00f9ng Sen\"}]},{\"@type\":\"WebSite\",\"@id\":\"https:\/\/www.senvillagehoian.com\/vi\/#website\",\"url\":\"https:\/\/www.senvillagehoian.com\/vi\/\",\"name\":\"Sen Village Hoi An\",\"description\":\"\",\"potentialAction\":[{\"@type\":\"SearchAction\",\"target\":{\"@type\":\"EntryPoint\",\"urlTemplate\":\"https:\/\/www.senvillagehoian.com\/vi\/?s={search_term_string}\"},\"query-input\":\"required name=search_term_string\"}],\"inLanguage\":\"vi-VN\"}]}<\/script>\n<!-- \/ Yoast SEO plugin. -->","yoast_head_json":{"title":"Ph\u1ed1 H\u1ed9i X\u01b0a \u2013 Ng\u01b0\u1ee3c D\u00f2ng K\u00fd \u1ee8c C\u00f9ng Sen","description":"Th\u1ee9 B\u1ea3y n\u00e0y, m\u1eddi b\u1ea1n c\u00f9ng Sen Village Hoi An thong th\u1ea3 t\u1eadn h\u01b0\u1edfng kh\u00f4ng gian \"Ph\u1ed1 H\u1ed9i X\u01b0a\" thu nh\u1ecf, n\u01a1i nh\u1eefng gi\u00e1 tr\u1ecb truy\u1ec1n th\u1ed1ng \u0111\u01b0\u1ee3c t\u00e1i hi\u1ec7n \u0111\u1ea7y s\u1ed1ng \u0111\u1ed9ng","robots":{"index":"index","follow":"follow","max-snippet":"max-snippet:-1","max-image-preview":"max-image-preview:large","max-video-preview":"max-video-preview:-1"},"canonical":"https:\/\/www.senvillagehoian.com\/vi\/special-offers\/pho-hoi-xua-buffet\/","og_locale":"vi_VN","og_type":"article","og_title":"Ph\u1ed1 H\u1ed9i X\u01b0a \u2013 Ng\u01b0\u1ee3c D\u00f2ng K\u00fd \u1ee8c C\u00f9ng Sen","og_description":"Th\u1ee9 B\u1ea3y n\u00e0y, m\u1eddi b\u1ea1n c\u00f9ng Sen Village Hoi An thong th\u1ea3 t\u1eadn h\u01b0\u1edfng kh\u00f4ng gian \"Ph\u1ed1 H\u1ed9i X\u01b0a\" thu nh\u1ecf, n\u01a1i nh\u1eefng gi\u00e1 tr\u1ecb truy\u1ec1n th\u1ed1ng \u0111\u01b0\u1ee3c t\u00e1i hi\u1ec7n \u0111\u1ea7y s\u1ed1ng \u0111\u1ed9ng","og_url":"https:\/\/www.senvillagehoian.com\/vi\/special-offers\/pho-hoi-xua-buffet\/","og_site_name":"Sen Village Hoi An","article_modified_time":"2026-04-23T04:20:47+00:00","og_image":[{"width":1024,"height":724,"url":"https:\/\/www.senvillagehoian.com\/wp-content\/uploads\/sites\/127\/2026\/04\/Pool-party-social-3-1024x724.png","type":"image\/png"}],"twitter_card":"summary_large_image","twitter_misc":{"Est. reading time":"2 minutes"},"schema":{"@context":"https:\/\/schema.org","@graph":[{"@type":"WebPage","@id":"https:\/\/www.senvillagehoian.com\/vi\/special-offers\/pho-hoi-xua-buffet\/","url":"https:\/\/www.senvillagehoian.com\/vi\/special-offers\/pho-hoi-xua-buffet\/","name":"Ph\u1ed1 H\u1ed9i X\u01b0a \u2013 Ng\u01b0\u1ee3c D\u00f2ng K\u00fd \u1ee8c C\u00f9ng Sen","isPartOf":{"@id":"https:\/\/www.senvillagehoian.com\/vi\/#website"},"primaryImageOfPage":{"@id":"https:\/\/www.senvillagehoian.com\/vi\/special-offers\/pho-hoi-xua-buffet\/#primaryimage"},"image":{"@id":"https:\/\/www.senvillagehoian.com\/vi\/special-offers\/pho-hoi-xua-buffet\/#primaryimage"},"thumbnailUrl":"https:\/\/www.senvillagehoian.com\/wp-content\/uploads\/sites\/127\/2026\/04\/Pool-party-social-3.png","datePublished":"2026-04-23T04:12:24+00:00","dateModified":"2026-04-23T04:20:47+00:00","description":"Th\u1ee9 B\u1ea3y n\u00e0y, m\u1eddi b\u1ea1n c\u00f9ng Sen Village Hoi An thong th\u1ea3 t\u1eadn h\u01b0\u1edfng kh\u00f4ng gian \"Ph\u1ed1 H\u1ed9i X\u01b0a\" thu nh\u1ecf, n\u01a1i nh\u1eefng gi\u00e1 tr\u1ecb truy\u1ec1n th\u1ed1ng \u0111\u01b0\u1ee3c t\u00e1i hi\u1ec7n \u0111\u1ea7y s\u1ed1ng \u0111\u1ed9ng","breadcrumb":{"@id":"https:\/\/www.senvillagehoian.com\/vi\/special-offers\/pho-hoi-xua-buffet\/#breadcrumb"},"inLanguage":"vi-VN","potentialAction":[{"@type":"ReadAction","target":["https:\/\/www.senvillagehoian.com\/vi\/special-offers\/pho-hoi-xua-buffet\/"]}]},{"@type":"ImageObject","inLanguage":"vi-VN","@id":"https:\/\/www.senvillagehoian.com\/vi\/special-offers\/pho-hoi-xua-buffet\/#primaryimage","url":"https:\/\/www.senvillagehoian.com\/wp-content\/uploads\/sites\/127\/2026\/04\/Pool-party-social-3.png","contentUrl":"https:\/\/www.senvillagehoian.com\/wp-content\/uploads\/sites\/127\/2026\/04\/Pool-party-social-3.png","width":2000,"height":1414},{"@type":"BreadcrumbList","@id":"https:\/\/www.senvillagehoian.com\/vi\/special-offers\/pho-hoi-xua-buffet\/#breadcrumb","itemListElement":[{"@type":"ListItem","position":1,"name":"Home","item":"https:\/\/www.senvillagehoian.com\/vi\/"},{"@type":"ListItem","position":2,"name":"\u01afu \u0111\u00e3i \u0111\u1eb7c bi\u1ec7t","item":"https:\/\/www.senvillagehoian.com\/vi\/special-offers\/"},{"@type":"ListItem","position":3,"name":"Ph\u1ed1 H\u1ed9i X\u01b0a \u2013 Ng\u01b0\u1ee3c D\u00f2ng K\u00fd \u1ee8c C\u00f9ng Sen"}]},{"@type":"WebSite","@id":"https:\/\/www.senvillagehoian.com\/vi\/#website","url":"https:\/\/www.senvillagehoian.com\/vi\/","name":"Sen Village Hoi An","description":"","potentialAction":[{"@type":"SearchAction","target":{"@type":"EntryPoint","urlTemplate":"https:\/\/www.senvillagehoian.com\/vi\/?s={search_term_string}"},"query-input":"required name=search_term_string"}],"inLanguage":"vi-VN"}]}},"acf":[],"_links":{"self":[{"href":"https:\/\/www.senvillagehoian.com\/vi\/wp-json\/wp\/v2\/pages\/545"}],"collection":[{"href":"https:\/\/www.senvillagehoian.com\/vi\/wp-json\/wp\/v2\/pages"}],"about":[{"href":"https:\/\/www.senvillagehoian.com\/vi\/wp-json\/wp\/v2\/types\/page"}],"author":[{"embeddable":true,"href":"https:\/\/www.senvillagehoian.com\/vi\/wp-json\/wp\/v2\/users\/251"}],"replies":[{"embeddable":true,"href":"https:\/\/www.senvillagehoian.com\/vi\/wp-json\/wp\/v2\/comments?post=545"}],"version-history":[{"count":0,"href":"https:\/\/www.senvillagehoian.com\/vi\/wp-json\/wp\/v2\/pages\/545\/revisions"}],"up":[{"embeddable":true,"href":"https:\/\/www.senvillagehoian.com\/vi\/wp-json\/wp\/v2\/pages\/172"}],"wp:featuredmedia":[{"embeddable":true,"href":"https:\/\/www.senvillagehoian.com\/vi\/wp-json\/wp\/v2\/media\/546"}],"wp:attachment":[{"href":"https:\/\/www.senvillagehoian.com\/vi\/wp-json\/wp\/v2\/media?parent=545"}],"curies":[{"name":"wp","href":"https:\/\/api.w.org\/{rel}","templated":true}]}}